{"id":6,"date":"2016-08-08T17:11:47","date_gmt":"2016-08-08T15:11:47","guid":{"rendered":"http:\/\/samorin.fara.sk\/?page_id=6"},"modified":"2025-09-25T08:07:22","modified_gmt":"2025-09-25T06:07:22","slug":"kontakt","status":"publish","type":"page","link":"https:\/\/samorin.fara.sk\/hu\/kontakt\/","title":{"rendered":"El\u00e9rhet\u0151s\u00e9g\u00fcnk"},"content":{"rendered":"<p><\/p>\n<p><strong><a href=\"http:\/\/samorin.fara.sk\/wp-content\/uploads\/2015\/08\/erb3.png\"><img decoding=\"async\" class=\"wp-image-720 size-thumbnail aligncenter lazyload\" data-src=\"https:\/\/samorin.fara.sk\/wp-content\/uploads\/2015\/08\/erb3-150x150.png\" alt=\"erb\" width=\"150\" height=\"150\" data-srcset=\"https:\/\/samorin.fara.sk\/wp-content\/uploads\/2015\/08\/erb3-150x150.png 150w, https:\/\/samorin.fara.sk\/wp-content\/uploads\/2015\/08\/erb3-512x510.png 512w\" data-sizes=\"(max-width: 150px) 100vw, 150px\" src=\"data:image\/svg+xml;base64,PHN2ZyB3aWR0aD0iMSIgaGVpZ2h0PSIxIiB4bWxucz0iaHR0cDovL3d3dy53My5vcmcvMjAwMC9zdmciPjwvc3ZnPg==\" style=\"--smush-placeholder-width: 150px; --smush-placeholder-aspect-ratio: 150\/150;\" \/><\/a><\/strong><\/p>\n<p><strong><span style=\"color: #000080;\">A pl\u00e9b\u00e1niatemplom titulusa:<\/span> <\/strong><\/p>\n<p style=\"padding-left: 30px;\">Nagyboldogasszony-templom<\/p>\n<p><strong><span style=\"color: #000080;\">A pl\u00e9b\u00e1niahivatal c\u00edme:<\/span> <\/strong><\/p>\n<p style=\"padding-left: 30px;\">Nagyboldogasszony Pl\u00e9b\u00e1nia<br \/>\nKolostor utca 2.<br \/>\n931 01 Somorja<\/p>\n<p><span style=\"color: #000080;\"><strong>Postac\u00edm:<\/strong><\/span><\/p>\n<p style=\"padding-left: 30px;\">R\u00edmskokatol\u00edcky farsk\u00fd \u00farad<br \/>\nP.O.Box 26<br \/>\n931 01 \u0160amor\u00edn<\/p>\n<p><span style=\"color: #000080;\"><strong>Pl\u00e9b\u00e1nos:<\/strong><\/span><\/p>\n<p style=\"padding-left: 30px;\">PaedDr. Mgr. Myjavec P\u00e1l, PhD.<\/p>\n<p><span style=\"color: #000080;\"><strong>K\u00e1pl\u00e1n:<\/strong><\/span><\/p>\n<p style=\"padding-left: 30px;\">Mgr. Varga Viktor<\/p>\n<p><span style=\"color: #000080;\"><strong>Fogad\u00f3\u00f3r\u00e1k a pl\u00e9b\u00e1nia irod\u00e1j\u00e1ban:<\/strong><\/span><\/p>\n<ul style=\"list-style-type: circle;\">\n<li><span style=\"color: #eb9900;\">H\u00e9tf\u0151:\u00a0\u00a0 14.30\u221216.30<\/span><\/li>\n<li><span style=\"color: #eb9900;\">Szerda:\u00a0 14.30\u221216.30<\/span><\/li>\n<li><span style=\"color: #eb9900;\">P\u00e9ntek:\u00a0 14.30\u221216.30<\/span><\/li>\n<\/ul>\n<p><span style=\"color: #000080;\"><strong>Vezet\u00e9kes telefon: <\/strong><\/span>031\/562 23 61<\/p>\n<p><strong><span style=\"color: #000080;\">A pl\u00e9b\u00e1niahivatal e-mail c\u00edme:<\/span> <\/strong><a href=\"mailto:samorin@ba.ecclesia.sk\">samorin@ba.ecclesia.sk<\/a><\/p>\n<p>&nbsp;<\/p>\n<p><iframe data-src=\"https:\/\/maps.google.sk\/maps?f=q&amp;source=embed&amp;hl=sk&amp;geocode=&amp;q=R%C3%ADmsko-katol%C3%ADcky+kostol,+Kl%C3%A1%C5%A1torn%C3%A1,+%C5%A0amor%C3%ADn&amp;aq=0&amp;oq=%C5%A0amor%C3%ADn+rim&amp;sll=48.028091,17.313768&amp;sspn=0.114686,0.264187&amp;t=m&amp;g=%C5%A0amor%C3%ADn&amp;ie=UTF8&amp;hq=R%C3%ADmsko-katol%C3%ADcky+kostol,&amp;hnear=Kl%C3%A1%C5%A1torn%C3%A1,+931+01+%C5%A0amor%C3%ADn&amp;cid=10219276384847169122&amp;ll=48.029227,17.307576&amp;spn=0.003444,0.006866&amp;z=17&amp;iwloc=A&amp;output=embed\" width=\"520\" height=\"400\" frameborder=\"0\" marginwidth=\"0\" marginheight=\"0\" scrolling=\"no\" src=\"data:image\/svg+xml;base64,PHN2ZyB3aWR0aD0iMSIgaGVpZ2h0PSIxIiB4bWxucz0iaHR0cDovL3d3dy53My5vcmcvMjAwMC9zdmciPjwvc3ZnPg==\" data-load-mode=\"1\"><span data-mce-type=\"bookmark\" style=\"display: inline-block; width: 0px; overflow: hidden; line-height: 0;\" class=\"mce_SELRES_start lazyload\">\ufeff<\/span><\/iframe> <small><a style=\"color: #0000ff; text-align: left;\" href=\"https:\/\/maps.google.sk\/maps?f=q&amp;source=embed&amp;hl=sk&amp;geocode=&amp;q=R%C3%ADmsko-katol%C3%ADcky+kostol,+Kl%C3%A1%C5%A1torn%C3%A1,+%C5%A0amor%C3%ADn&amp;aq=0&amp;oq=%C5%A0amor%C3%ADn+rim&amp;sll=48.028091,17.313768&amp;sspn=0.114686,0.264187&amp;t=m&amp;g=%C5%A0amor%C3%ADn&amp;ie=UTF8&amp;hq=R%C3%ADmsko-katol%C3%ADcky+kostol,&amp;hnear=Kl%C3%A1%C5%A1torn%C3%A1,+931+01+%C5%A0amor%C3%ADn&amp;cid=10219276384847169122&amp;ll=48.029227,17.307576&amp;spn=0.003444,0.006866&amp;z=17&amp;iwloc=A\">T\u00e9rk\u00e9p nagy\u00edt\u00e1s<\/a><\/small><\/p>\n<p><\/p>","protected":false},"excerpt":{"rendered":"<p>A pl\u00e9b\u00e1niatemplom titulusa: Nagyboldogasszony-templom A pl\u00e9b\u00e1niahivatal c\u00edme: Nagyboldogasszony Pl\u00e9b\u00e1nia Kolostor utca 2. 931 01 Somorja Postac\u00edm: R\u00edmskokatol\u00edcky farsk\u00fd \u00farad P.O.Box&#8230;<\/p>\n","protected":false},"author":1,"featured_media":0,"parent":0,"menu_order":0,"comment_status":"closed","ping_status":"closed","template":"template-full-width-page.php","meta":{"footnotes":""},"class_list":["post-6","page","type-page","status-publish","hentry"],"yoast_head":"<!-- This site is optimized with the Yoast SEO plugin v27.4 - https:\/\/yoast.com\/product\/yoast-seo-wordpress\/ -->\n<title>El\u00e9rhet\u0151s\u00e9g\u00fcnk - Somorjai Nagyboldogasszony Pl\u00e9b\u00e1nia<\/title>\n<meta name=\"robots\" content=\"index, follow, max-snippet:-1, max-image-preview:large, max-video-preview:-1\" \/>\n<link rel=\"canonical\" href=\"https:\/\/samorin.fara.sk\/hu\/kontakt\/\" \/>\n<meta property=\"og:locale\" content=\"hu_HU\" \/>\n<meta property=\"og:type\" content=\"article\" \/>\n<meta property=\"og:title\" content=\"El\u00e9rhet\u0151s\u00e9g\u00fcnk - Somorjai Nagyboldogasszony Pl\u00e9b\u00e1nia\" \/>\n<meta property=\"og:description\" content=\"A pl\u00e9b\u00e1niatemplom titulusa: Nagyboldogasszony-templom A pl\u00e9b\u00e1niahivatal c\u00edme: Nagyboldogasszony Pl\u00e9b\u00e1nia Kolostor utca 2. 931 01 Somorja Postac\u00edm: R\u00edmskokatol\u00edcky farsk\u00fd \u00farad P.O.Box...\" \/>\n<meta property=\"og:url\" content=\"https:\/\/samorin.fara.sk\/hu\/kontakt\/\" \/>\n<meta property=\"og:site_name\" content=\"Somorjai Nagyboldogasszony Pl\u00e9b\u00e1nia\" \/>\n<meta property=\"article:modified_time\" content=\"2025-09-25T06:07:22+00:00\" \/>\n<meta property=\"og:image\" content=\"https:\/\/samorin.fara.sk\/wp-content\/uploads\/2015\/08\/erb3.png\" \/>\n\t<meta property=\"og:image:width\" content=\"512\" \/>\n\t<meta property=\"og:image:height\" content=\"525\" \/>\n\t<meta property=\"og:image:type\" content=\"image\/png\" \/>\n<meta name=\"twitter:card\" content=\"summary_large_image\" \/>\n<meta name=\"twitter:label1\" content=\"Becs\u00fclt olvas\u00e1si id\u0151\" \/>\n\t<meta name=\"twitter:data1\" content=\"1 perc\" \/>\n<script type=\"application\/ld+json\" class=\"yoast-schema-graph\">{\"@context\":\"https:\\\/\\\/schema.org\",\"@graph\":[{\"@type\":\"WebPage\",\"@id\":\"https:\\\/\\\/samorin.fara.sk\\\/hu\\\/kontakt\\\/\",\"url\":\"https:\\\/\\\/samorin.fara.sk\\\/hu\\\/kontakt\\\/\",\"name\":\"El\u00e9rhet\u0151s\u00e9g\u00fcnk - Somorjai Nagyboldogasszony Pl\u00e9b\u00e1nia\",\"isPartOf\":{\"@id\":\"https:\\\/\\\/samorin.fara.sk\\\/hu\\\/#website\"},\"primaryImageOfPage\":{\"@id\":\"https:\\\/\\\/samorin.fara.sk\\\/hu\\\/kontakt\\\/#primaryimage\"},\"image\":{\"@id\":\"https:\\\/\\\/samorin.fara.sk\\\/kontakt\\\/#primaryimage\"},\"thumbnailUrl\":\"https:\\\/\\\/samorin.fara.sk\\\/wp-content\\\/uploads\\\/2015\\\/08\\\/erb3-150x150.png\",\"datePublished\":\"2016-08-08T15:11:47+00:00\",\"dateModified\":\"2025-09-25T06:07:22+00:00\",\"breadcrumb\":{\"@id\":\"https:\\\/\\\/samorin.fara.sk\\\/hu\\\/kontakt\\\/#breadcrumb\"},\"inLanguage\":\"hu\",\"potentialAction\":[{\"@type\":\"ReadAction\",\"target\":[[\"https:\\\/\\\/samorin.fara.sk\\\/hu\\\/kontakt\\\/\"]]}]},{\"@type\":\"ImageObject\",\"inLanguage\":\"hu\",\"@id\":\"https:\\\/\\\/samorin.fara.sk\\\/hu\\\/kontakt\\\/#primaryimage\",\"url\":\"https:\\\/\\\/samorin.fara.sk\\\/wp-content\\\/uploads\\\/2015\\\/08\\\/erb3-150x150.png\",\"contentUrl\":\"https:\\\/\\\/samorin.fara.sk\\\/wp-content\\\/uploads\\\/2015\\\/08\\\/erb3-150x150.png\"},{\"@type\":\"BreadcrumbList\",\"@id\":\"https:\\\/\\\/samorin.fara.sk\\\/hu\\\/kontakt\\\/#breadcrumb\",\"itemListElement\":[{\"@type\":\"ListItem\",\"position\":1,\"name\":\"Home\",\"item\":\"https:\\\/\\\/samorin.fara.sk\\\/hu\\\/\"},{\"@type\":\"ListItem\",\"position\":2,\"name\":\"Kontakt\"}]},{\"@type\":\"WebSite\",\"@id\":\"https:\\\/\\\/samorin.fara.sk\\\/hu\\\/#website\",\"url\":\"https:\\\/\\\/samorin.fara.sk\\\/hu\\\/\",\"name\":\"Somorjai Nagyboldogasszony Pl\u00e9b\u00e1nia\",\"description\":\"R\u00f3mai Katolikus Egyh\u00e1z, Pozsonyi F\u0151egyh\u00e1zmegye\",\"potentialAction\":[{\"@type\":\"SearchAction\",\"target\":{\"@type\":\"EntryPoint\",\"urlTemplate\":\"https:\\\/\\\/samorin.fara.sk\\\/hu\\\/?s={search_term_string}\"},\"query-input\":{\"@type\":\"PropertyValueSpecification\",\"valueRequired\":true,\"valueName\":\"search_term_string\"}}],\"inLanguage\":\"hu\"}]}<\/script>\n<!-- \/ Yoast SEO plugin. -->","yoast_head_json":{"title":"El\u00e9rhet\u0151s\u00e9g\u00fcnk - Somorjai Nagyboldogasszony Pl\u00e9b\u00e1nia","robots":{"index":"index","follow":"follow","max-snippet":"max-snippet:-1","max-image-preview":"max-image-preview:large","max-video-preview":"max-video-preview:-1"},"canonical":"https:\/\/samorin.fara.sk\/hu\/kontakt\/","og_locale":"hu_HU","og_type":"article","og_title":"El\u00e9rhet\u0151s\u00e9g\u00fcnk - Somorjai Nagyboldogasszony Pl\u00e9b\u00e1nia","og_description":"A pl\u00e9b\u00e1niatemplom titulusa: Nagyboldogasszony-templom A pl\u00e9b\u00e1niahivatal c\u00edme: Nagyboldogasszony Pl\u00e9b\u00e1nia Kolostor utca 2. 931 01 Somorja Postac\u00edm: R\u00edmskokatol\u00edcky farsk\u00fd \u00farad P.O.Box...","og_url":"https:\/\/samorin.fara.sk\/hu\/kontakt\/","og_site_name":"Somorjai Nagyboldogasszony Pl\u00e9b\u00e1nia","article_modified_time":"2025-09-25T06:07:22+00:00","og_image":[{"width":512,"height":525,"url":"https:\/\/samorin.fara.sk\/wp-content\/uploads\/2015\/08\/erb3.png","type":"image\/png"}],"twitter_card":"summary_large_image","twitter_misc":{"Becs\u00fclt olvas\u00e1si id\u0151":"1 perc"},"schema":{"@context":"https:\/\/schema.org","@graph":[{"@type":"WebPage","@id":"https:\/\/samorin.fara.sk\/hu\/kontakt\/","url":"https:\/\/samorin.fara.sk\/hu\/kontakt\/","name":"El\u00e9rhet\u0151s\u00e9g\u00fcnk - Somorjai Nagyboldogasszony Pl\u00e9b\u00e1nia","isPartOf":{"@id":"https:\/\/samorin.fara.sk\/hu\/#website"},"primaryImageOfPage":{"@id":"https:\/\/samorin.fara.sk\/hu\/kontakt\/#primaryimage"},"image":{"@id":"https:\/\/samorin.fara.sk\/kontakt\/#primaryimage"},"thumbnailUrl":"https:\/\/samorin.fara.sk\/wp-content\/uploads\/2015\/08\/erb3-150x150.png","datePublished":"2016-08-08T15:11:47+00:00","dateModified":"2025-09-25T06:07:22+00:00","breadcrumb":{"@id":"https:\/\/samorin.fara.sk\/hu\/kontakt\/#breadcrumb"},"inLanguage":"hu","potentialAction":[{"@type":"ReadAction","target":[["https:\/\/samorin.fara.sk\/hu\/kontakt\/"]]}]},{"@type":"ImageObject","inLanguage":"hu","@id":"https:\/\/samorin.fara.sk\/hu\/kontakt\/#primaryimage","url":"https:\/\/samorin.fara.sk\/wp-content\/uploads\/2015\/08\/erb3-150x150.png","contentUrl":"https:\/\/samorin.fara.sk\/wp-content\/uploads\/2015\/08\/erb3-150x150.png"},{"@type":"BreadcrumbList","@id":"https:\/\/samorin.fara.sk\/hu\/kontakt\/#breadcrumb","itemListElement":[{"@type":"ListItem","position":1,"name":"Home","item":"https:\/\/samorin.fara.sk\/hu\/"},{"@type":"ListItem","position":2,"name":"Kontakt"}]},{"@type":"WebSite","@id":"https:\/\/samorin.fara.sk\/hu\/#website","url":"https:\/\/samorin.fara.sk\/hu\/","name":"Somorjai Nagyboldogasszony Pl\u00e9b\u00e1nia","description":"R\u00f3mai Katolikus Egyh\u00e1z, Pozsonyi F\u0151egyh\u00e1zmegye","potentialAction":[{"@type":"SearchAction","target":{"@type":"EntryPoint","urlTemplate":"https:\/\/samorin.fara.sk\/hu\/?s={search_term_string}"},"query-input":{"@type":"PropertyValueSpecification","valueRequired":true,"valueName":"search_term_string"}}],"inLanguage":"hu"}]}},"jetpack_sharing_enabled":true,"_links":{"self":[{"href":"https:\/\/samorin.fara.sk\/hu\/wp-json\/wp\/v2\/pages\/6","targetHints":{"allow":["GET"]}}],"collection":[{"href":"https:\/\/samorin.fara.sk\/hu\/wp-json\/wp\/v2\/pages"}],"about":[{"href":"https:\/\/samorin.fara.sk\/hu\/wp-json\/wp\/v2\/types\/page"}],"author":[{"embeddable":true,"href":"https:\/\/samorin.fara.sk\/hu\/wp-json\/wp\/v2\/users\/1"}],"replies":[{"embeddable":true,"href":"https:\/\/samorin.fara.sk\/hu\/wp-json\/wp\/v2\/comments?post=6"}],"version-history":[{"count":92,"href":"https:\/\/samorin.fara.sk\/hu\/wp-json\/wp\/v2\/pages\/6\/revisions"}],"predecessor-version":[{"id":6050,"href":"https:\/\/samorin.fara.sk\/hu\/wp-json\/wp\/v2\/pages\/6\/revisions\/6050"}],"wp:attachment":[{"href":"https:\/\/samorin.fara.sk\/hu\/wp-json\/wp\/v2\/media?parent=6"}],"curies":[{"name":"wp","href":"https:\/\/api.w.org\/{rel}","templated":true}]}}