{"id":34,"date":"2013-07-25T09:07:48","date_gmt":"2013-07-25T07:07:48","guid":{"rendered":"http:\/\/samorin.fara.sk\/?page_id=34"},"modified":"2025-09-25T08:06:39","modified_gmt":"2025-09-25T06:06:39","slug":"knazi-vo-farnosti","status":"publish","type":"page","link":"https:\/\/samorin.fara.sk\/hu\/knazi-vo-farnosti\/","title":{"rendered":"A pl\u00e9b\u00e1nia papjai"},"content":{"rendered":"<p><\/p>\n<p><span style=\"font-size: 24px;\"><strong>Pl\u00e9b\u00e1nosok<\/strong><\/span><\/p>\n<table style=\"width: 23.0349%;\">\n<tbody>\n<tr>\n<td style=\"width: 48.9209%;\">Simon Lajos<\/td>\n<td style=\"width: 3.59712%;\" colspan=\"2\">\n<p>1918\u20131921<\/p>\n<\/td>\n<\/tr>\n<tr>\n<td style=\"width: 48.9209%;\" width=\"132\">\n<p>Breszty\u00e1k S\u00e1ndor<\/p>\n<\/td>\n<td style=\"width: 3.59712%;\" colspan=\"2\" width=\"132\">\n<p>1921\u20131929<\/p>\n<\/td>\n<\/tr>\n<tr>\n<td style=\"width: 48.9209%;\" width=\"132\">\n<p>Moln\u00e1r J\u00f3zsef<\/p>\n<\/td>\n<td style=\"width: 3.59712%;\" colspan=\"2\" width=\"132\">\n<p>1929\u20131930<\/p>\n<\/td>\n<\/tr>\n<tr>\n<td style=\"width: 48.9209%;\" width=\"132\">\n<p>Bartal R\u00e1fael<\/p>\n<\/td>\n<td style=\"width: 3.59712%;\" colspan=\"2\" width=\"132\">\n<p>1931\u20131937<\/p>\n<\/td>\n<\/tr>\n<tr>\n<td style=\"width: 48.9209%;\" width=\"132\">\n<p>Kov\u00e1cs Mih\u00e1ly<\/p>\n<\/td>\n<td style=\"width: 3.59712%;\" colspan=\"2\" width=\"132\">\n<p>1937\u20131944<\/p>\n<\/td>\n<\/tr>\n<tr>\n<td style=\"width: 48.9209%;\" width=\"132\">\n<p>Kass Frigyes<\/p>\n<\/td>\n<td style=\"width: 3.59712%;\" colspan=\"2\" width=\"132\">\n<p>1944\u20131945<\/p>\n<\/td>\n<\/tr>\n<tr>\n<td style=\"width: 48.9209%;\" width=\"132\">\n<p>Rakita \u00c1rp\u00e1d<\/p>\n<\/td>\n<td style=\"width: 3.59712%;\" colspan=\"2\" width=\"132\">\n<p>1945\u20131952<\/p>\n<\/td>\n<\/tr>\n<tr>\n<td style=\"width: 48.9209%;\" width=\"132\">\n<p>Czig\u00e1ny Imre<\/p>\n<\/td>\n<td style=\"width: 3.59712%;\" colspan=\"2\" width=\"132\">\n<p>1952\u20131957<\/p>\n<\/td>\n<\/tr>\n<tr>\n<td style=\"width: 48.9209%;\" width=\"132\">\n<p>Koller Gyula<\/p>\n<\/td>\n<td style=\"width: 3.59712%;\" colspan=\"2\" width=\"132\">\n<p>1957\u20131966<\/p>\n<\/td>\n<\/tr>\n<tr>\n<td style=\"width: 48.9209%;\" width=\"132\">\n<p>Barcsek S\u00e1ndor<\/p>\n<\/td>\n<td style=\"width: 3.59712%;\" colspan=\"2\" width=\"132\">\n<p>1966\u20132009<\/p>\n<\/td>\n<\/tr>\n<tr>\n<td style=\"width: 48.9209%;\" width=\"132\">\n<p>F\u00f3thy Zolt\u00e1n<\/p>\n<\/td>\n<td style=\"width: 3.59712%;\" colspan=\"2\" width=\"132\">\n<p>2009\u20132014<\/p>\n<\/td>\n<\/tr>\n<tr>\n<td style=\"width: 48.9209%;\" width=\"132\">\n<p>Myjavec P\u00e1l<\/p>\n<\/td>\n<td style=\"width: 3.59712%;\" colspan=\"2\" width=\"132\">\n<p>2014\u2013<\/p>\n<\/td>\n<\/tr>\n<\/tbody>\n<\/table>\n<p>&nbsp;<\/p>\n<p><span style=\"font-size: 24px;\"><strong>K\u00e1pl\u00e1nok<\/strong><\/span><\/p>\n<table style=\"width: 27.6186%;\">\n<tbody>\n<tr>\n<td style=\"width: 27.3994%;\" width=\"132\">\n<p>1918\u20131922<\/p>\n<\/td>\n<td style=\"width: 51.7862%;\" width=\"132\">\n<p>Cs\u00e1nyi M\u00e1rton<\/p>\n<\/td>\n<\/tr>\n<tr>\n<td style=\"width: 27.3994%;\" width=\"132\">\n<p>1922\u20131925<\/p>\n<\/td>\n<td style=\"width: 51.7862%;\" width=\"132\">\n<p>Seb\u0151k Ferenc<\/p>\n<\/td>\n<\/tr>\n<tr>\n<td style=\"width: 27.3994%;\" width=\"132\">\n<p>1925\u20131926<\/p>\n<\/td>\n<td style=\"width: 51.7862%;\" width=\"132\">\n<p>Beregszegi Andr\u00e1s<\/p>\n<\/td>\n<\/tr>\n<tr>\n<td style=\"width: 27.3994%;\" width=\"132\">\n<p>1926\u20131927<\/p>\n<\/td>\n<td style=\"width: 51.7862%;\" width=\"132\">\n<p>Makkay Istv\u00e1n<\/p>\n<\/td>\n<\/tr>\n<tr>\n<td style=\"width: 27.3994%;\" width=\"132\">\n<p>1927\u20131929<\/p>\n<\/td>\n<td style=\"width: 51.7862%;\" width=\"132\">\n<p>Moln\u00e1r J\u00f3zsef<\/p>\n<\/td>\n<\/tr>\n<tr>\n<td style=\"width: 27.3994%;\" width=\"132\">\n<p>1929\u20131932<\/p>\n<\/td>\n<td style=\"width: 51.7862%;\" width=\"132\">\n<p>Zakar Vilmos<\/p>\n<\/td>\n<\/tr>\n<tr>\n<td style=\"width: 27.3994%;\" width=\"132\">\n<p>1932\u20131932<\/p>\n<\/td>\n<td style=\"width: 51.7862%;\" width=\"132\">\n<p>Vitek S\u00e1ndor<\/p>\n<\/td>\n<\/tr>\n<tr>\n<td style=\"width: 27.3994%;\" width=\"132\">\n<p>1932\u20131934<\/p>\n<\/td>\n<td style=\"width: 51.7862%;\" width=\"132\">\n<p>Hrabovszky Ferenc<\/p>\n<\/td>\n<\/tr>\n<tr>\n<td style=\"width: 27.3994%;\" width=\"132\">\n<p>1934\u20131934<\/p>\n<\/td>\n<td style=\"width: 51.7862%;\" width=\"132\">\n<p>Metzler S\u00e1ndor<\/p>\n<\/td>\n<\/tr>\n<tr>\n<td style=\"width: 27.3994%;\" width=\"132\">\n<p>1934\u20131935<\/p>\n<\/td>\n<td style=\"width: 51.7862%;\" width=\"132\">\n<p>N\u00e9meth G\u00e9za<\/p>\n<\/td>\n<\/tr>\n<tr>\n<td style=\"width: 27.3994%;\" width=\"132\">\n<p>1935\u20131937<\/p>\n<\/td>\n<td style=\"width: 51.7862%;\" width=\"132\">\n<p>Kov\u00e1cs Mih\u00e1ly<\/p>\n<\/td>\n<\/tr>\n<tr>\n<td style=\"width: 27.3994%;\" width=\"132\">\n<p>1937\u20131939<\/p>\n<\/td>\n<td style=\"width: 51.7862%;\" width=\"132\">\n<p>Pfeiffer L\u00e1szl\u00f3<\/p>\n<\/td>\n<\/tr>\n<tr>\n<td style=\"width: 27.3994%;\" width=\"132\">\n<p>1939\u20131940<\/p>\n<\/td>\n<td style=\"width: 51.7862%;\" width=\"132\">\n<p>Kiszner J\u00f3zsef<\/p>\n<\/td>\n<\/tr>\n<tr>\n<td style=\"width: 27.3994%;\" width=\"132\">\n<p>1940\u20131942<\/p>\n<\/td>\n<td style=\"width: 51.7862%;\" width=\"132\">\n<p>M\u00e9sz\u00e1ros J\u00f3zsef<\/p>\n<\/td>\n<\/tr>\n<tr>\n<td style=\"width: 27.3994%;\" width=\"132\">\n<p>1942\u20131944<\/p>\n<\/td>\n<td style=\"width: 51.7862%;\" width=\"132\">\n<p>R\u00f3zsav\u00f6lgyi L\u00e1szl\u00f3<\/p>\n<\/td>\n<\/tr>\n<tr>\n<td style=\"width: 27.3994%;\" width=\"132\">\n<p>1944\u20131945<\/p>\n<\/td>\n<td style=\"width: 51.7862%;\" width=\"132\">\n<p>Czinka Antal<\/p>\n<\/td>\n<\/tr>\n<tr>\n<td style=\"width: 27.3994%;\" width=\"132\">\n<p>1944\u20131945<\/p>\n<\/td>\n<td style=\"width: 51.7862%;\" width=\"132\">\n<p>Fekete Istv\u00e1n<\/p>\n<\/td>\n<\/tr>\n<tr>\n<td style=\"width: 27.3994%;\" width=\"132\">\n<p>1945\u20131946<\/p>\n<\/td>\n<td style=\"width: 51.7862%;\" width=\"132\">\n<p>Dian D\u00e9nes<\/p>\n<\/td>\n<\/tr>\n<tr>\n<td style=\"width: 27.3994%;\" width=\"132\">\n<p>1945\u20131946<\/p>\n<\/td>\n<td style=\"width: 51.7862%;\" width=\"132\">\n<p>Mikl\u00f3s Antal<\/p>\n<\/td>\n<\/tr>\n<tr>\n<td style=\"width: 27.3994%;\" width=\"132\">\n<p>1946\u20131947<\/p>\n<\/td>\n<td style=\"width: 51.7862%;\" width=\"132\">\n<p>Pol\u00e1\u010dek Ladislav<\/p>\n<\/td>\n<\/tr>\n<tr>\n<td style=\"width: 27.3994%;\" width=\"132\">\n<p>1947\u20131948<\/p>\n<\/td>\n<td style=\"width: 51.7862%;\" width=\"132\">\n<p>Dinka J\u00f3zsef<\/p>\n<\/td>\n<\/tr>\n<tr>\n<td style=\"width: 27.3994%;\" width=\"132\">\n<p>1948\u20131949<\/p>\n<\/td>\n<td style=\"width: 51.7862%;\" width=\"132\">\n<p>Sedl\u00e1k Adalbert<\/p>\n<\/td>\n<\/tr>\n<tr>\n<td style=\"width: 27.3994%;\" width=\"132\">\n<p>1949\u20131949<\/p>\n<\/td>\n<td style=\"width: 51.7862%;\" width=\"132\">\n<p>Toma\u0161ovi\u010d Michal<\/p>\n<\/td>\n<\/tr>\n<tr>\n<td style=\"width: 27.3994%;\" width=\"132\">\n<p>1949\u20131951<\/p>\n<\/td>\n<td style=\"width: 51.7862%;\" width=\"132\">\n<p>Kebis Anton<\/p>\n<\/td>\n<\/tr>\n<tr>\n<td style=\"width: 27.3994%;\" width=\"132\">\n<p>1951\u20131952<\/p>\n<\/td>\n<td style=\"width: 51.7862%;\" width=\"132\">\n<p>Fuska Ferenc<\/p>\n<\/td>\n<\/tr>\n<tr>\n<td style=\"width: 27.3994%;\" width=\"132\">\n<p>1952\u20131953<\/p>\n<\/td>\n<td style=\"width: 51.7862%;\" width=\"132\">\n<p>Cseri J\u00e1nos<\/p>\n<\/td>\n<\/tr>\n<tr>\n<td style=\"width: 27.3994%;\" width=\"132\">\n<p>1953\u20131956<\/p>\n<\/td>\n<td style=\"width: 51.7862%;\" width=\"132\">\n<p>Rablansk\u00fd Szilvester<\/p>\n<\/td>\n<\/tr>\n<tr>\n<td style=\"width: 27.3994%;\" width=\"132\">\n<p>1956\u20131958<\/p>\n<\/td>\n<td style=\"width: 51.7862%;\" width=\"132\">\n<p>Buday K\u00e1roly<\/p>\n<\/td>\n<\/tr>\n<tr>\n<td style=\"width: 27.3994%;\" width=\"132\">\n<p>1958\u20131959<\/p>\n<\/td>\n<td style=\"width: 51.7862%;\" width=\"132\">\n<p>Horv\u00e1th K\u00e1roly<\/p>\n<\/td>\n<\/tr>\n<tr>\n<td style=\"width: 27.3994%;\" width=\"132\">\n<p>1959\u20131961<\/p>\n<\/td>\n<td style=\"width: 51.7862%;\" width=\"132\">\n<p>Repisk\u00fd J\u00e1n<\/p>\n<\/td>\n<\/tr>\n<tr>\n<td style=\"width: 27.3994%;\" width=\"132\">\n<p>1961\u20131963<\/p>\n<\/td>\n<td style=\"width: 51.7862%;\" width=\"132\">\n<p>Koz\u00e1r Mih\u00e1ly<\/p>\n<\/td>\n<\/tr>\n<tr>\n<td style=\"width: 27.3994%;\" width=\"132\">\n<p>1963\u20131964<\/p>\n<\/td>\n<td style=\"width: 51.7862%;\" width=\"132\">\n<p>Kal\u00faz Antal<\/p>\n<\/td>\n<\/tr>\n<tr>\n<td style=\"width: 27.3994%;\" width=\"132\">\n<p>1964\u20131969<\/p>\n<\/td>\n<td style=\"width: 51.7862%;\" width=\"132\">\n<p>Minarov\u00fdch Franti\u0161ek<\/p>\n<\/td>\n<\/tr>\n<tr>\n<td style=\"width: 27.3994%;\" width=\"132\">\n<p>1969\u20131971<\/p>\n<\/td>\n<td style=\"width: 51.7862%;\" width=\"132\">\n<p>V\u00e9gh Imre<\/p>\n<\/td>\n<\/tr>\n<tr>\n<td style=\"width: 27.3994%;\" width=\"132\">\n<p>1971\u20131972<\/p>\n<\/td>\n<td style=\"width: 51.7862%;\" width=\"132\">\n<p>Stehl\u00edk Ladislav<\/p>\n<\/td>\n<\/tr>\n<tr>\n<td style=\"width: 27.3994%;\" width=\"132\">\n<p>1972\u20131974<\/p>\n<\/td>\n<td style=\"width: 51.7862%;\" width=\"132\">\n<p>Ruc Marian<\/p>\n<\/td>\n<\/tr>\n<tr>\n<td style=\"width: 27.3994%;\" width=\"132\">\n<p>1974\u20131975<\/p>\n<\/td>\n<td style=\"width: 51.7862%;\" width=\"132\">\n<p>Heriban L\u00e1szl\u00f3<\/p>\n<\/td>\n<\/tr>\n<tr>\n<td style=\"width: 27.3994%;\" width=\"132\">\n<p>1975\u20131976<\/p>\n<\/td>\n<td style=\"width: 51.7862%;\" width=\"132\">\n<p>Lednick\u00fd Jozef<\/p>\n<\/td>\n<\/tr>\n<tr>\n<td style=\"width: 27.3994%;\" width=\"132\">\n<p>1976\u20131979<\/p>\n<\/td>\n<td style=\"width: 51.7862%;\" width=\"132\">\n<p>Prach\u00e1r Julius<\/p>\n<\/td>\n<\/tr>\n<tr>\n<td style=\"width: 27.3994%;\" width=\"132\">\n<p>1979\u20131980<\/p>\n<\/td>\n<td style=\"width: 51.7862%;\" width=\"132\">\n<p>Macho J\u00f3zsef<\/p>\n<\/td>\n<\/tr>\n<tr>\n<td style=\"width: 27.3994%;\" width=\"132\">\n<p>1980\u20131982<\/p>\n<\/td>\n<td style=\"width: 51.7862%;\" width=\"132\">\n<p>Va\u0161ko Peter<\/p>\n<\/td>\n<\/tr>\n<tr>\n<td style=\"width: 27.3994%;\" width=\"132\">\n<p>1982\u20131982<\/p>\n<\/td>\n<td style=\"width: 51.7862%;\" width=\"132\">\n<p>Morav\u010d\u00edk Anton<\/p>\n<\/td>\n<\/tr>\n<tr>\n<td style=\"width: 27.3994%;\" width=\"132\">\n<p>1982\u20131985<\/p>\n<\/td>\n<td style=\"width: 51.7862%;\" width=\"132\">\n<p>Kov\u00e1\u010d Imre<\/p>\n<\/td>\n<\/tr>\n<tr>\n<td style=\"width: 27.3994%;\" width=\"132\">\n<p>1985\u20131985<\/p>\n<\/td>\n<td style=\"width: 51.7862%;\" width=\"132\">\n<p>Villant Zolt\u00e1n<\/p>\n<\/td>\n<\/tr>\n<tr>\n<td style=\"width: 27.3994%;\" width=\"132\">\n<p>1985\u20131987<\/p>\n<\/td>\n<td style=\"width: 51.7862%;\" width=\"132\">\n<p>Do\u010dolomansk\u00fd Imrich<\/p>\n<\/td>\n<\/tr>\n<tr>\n<td style=\"width: 27.3994%;\" width=\"132\">\n<p>1987\u20131987<\/p>\n<\/td>\n<td style=\"width: 51.7862%;\" width=\"132\">\n<p>Kuna Ladislav<\/p>\n<\/td>\n<\/tr>\n<tr>\n<td style=\"width: 27.3994%;\" width=\"132\">\n<p>1987\u20131988<\/p>\n<\/td>\n<td style=\"width: 51.7862%;\" width=\"132\">\n<p>Malagyi J\u00f3zsef<\/p>\n<\/td>\n<\/tr>\n<tr>\n<td style=\"width: 27.3994%;\" width=\"132\">\n<p>1988\u20131988<\/p>\n<\/td>\n<td style=\"width: 51.7862%;\" width=\"132\">\n<p>\u0160\u010depko Jozef<\/p>\n<\/td>\n<\/tr>\n<tr>\n<td style=\"width: 27.3994%;\" width=\"132\">\n<p>1988\u20131991<\/p>\n<\/td>\n<td style=\"width: 51.7862%;\" width=\"132\">\n<p>Krupa Jozef<\/p>\n<\/td>\n<\/tr>\n<tr>\n<td style=\"width: 27.3994%;\" width=\"132\">\n<p>1991\u20131992<\/p>\n<\/td>\n<td style=\"width: 51.7862%;\" width=\"132\">\n<p>Michalovi\u010d Viliam<\/p>\n<\/td>\n<\/tr>\n<tr>\n<td style=\"width: 27.3994%;\" width=\"132\">\n<p>1992\u20131993<\/p>\n<\/td>\n<td style=\"width: 51.7862%;\" width=\"132\">\n<p>Mrkva Franti\u0161ek<\/p>\n<\/td>\n<\/tr>\n<tr>\n<td style=\"width: 27.3994%;\" width=\"132\">\n<p>1993\u20131993<\/p>\n<\/td>\n<td style=\"width: 51.7862%;\" width=\"132\">\n<p>Bahn\u00edk Jozef<\/p>\n<\/td>\n<\/tr>\n<tr>\n<td style=\"width: 27.3994%;\" width=\"132\">\n<p>1993\u20131996<\/p>\n<\/td>\n<td style=\"width: 51.7862%;\" width=\"132\">\n<p>Lupt\u00e1k Juraj<\/p>\n<\/td>\n<\/tr>\n<tr>\n<td style=\"width: 27.3994%;\" width=\"132\">\n<p>1994\u20131995<\/p>\n<\/td>\n<td style=\"width: 51.7862%;\" width=\"132\">\n<p>Weny Karol<\/p>\n<\/td>\n<\/tr>\n<tr>\n<td style=\"width: 27.3994%;\" width=\"132\">\n<p>1996\u20131996<\/p>\n<\/td>\n<td style=\"width: 51.7862%;\" width=\"132\">\n<p>Vojtko Marian<\/p>\n<\/td>\n<\/tr>\n<tr>\n<td style=\"width: 27.3994%;\" width=\"132\">\n<p>1996\u20131997<\/p>\n<\/td>\n<td style=\"width: 51.7862%;\" width=\"132\">\n<p>Szalay Andr\u00e1s<\/p>\n<\/td>\n<\/tr>\n<tr>\n<td style=\"width: 27.3994%;\" width=\"132\">\n<p>1996\u20131997<\/p>\n<\/td>\n<td style=\"width: 51.7862%;\" width=\"132\">\n<p>Bajan Jozef<\/p>\n<\/td>\n<\/tr>\n<tr>\n<td style=\"width: 27.3994%;\" width=\"132\">\n<p>1997\u20131998<\/p>\n<\/td>\n<td style=\"width: 51.7862%;\" width=\"132\">\n<p>Bacig\u00e1l Patrik<\/p>\n<\/td>\n<\/tr>\n<tr>\n<td style=\"width: 27.3994%;\" width=\"132\">\n<p>1997\u20131998<\/p>\n<\/td>\n<td style=\"width: 51.7862%;\" width=\"132\">\n<p>Varga R\u00f3bert<\/p>\n<\/td>\n<\/tr>\n<tr>\n<td style=\"width: 27.3994%;\" width=\"132\">\n<p>1998\u20131999<\/p>\n<\/td>\n<td style=\"width: 51.7862%;\" width=\"132\">\n<p>Gr\u00e9di Zolt\u00e1n<\/p>\n<\/td>\n<\/tr>\n<tr>\n<td style=\"width: 27.3994%;\" width=\"132\">\n<p>1998\u20132000<\/p>\n<\/td>\n<td style=\"width: 51.7862%;\" width=\"132\">\n<p>Bu\u010dek J\u00e1n<\/p>\n<\/td>\n<\/tr>\n<tr>\n<td style=\"width: 27.3994%;\" width=\"132\">\n<p>1999\u20132000<\/p>\n<\/td>\n<td style=\"width: 51.7862%;\" width=\"132\">\n<p>L\u00e9pes L\u00f3r\u00e1nt<\/p>\n<\/td>\n<\/tr>\n<tr>\n<td style=\"width: 27.3994%;\" width=\"132\">\n<p>2000\u20132002<\/p>\n<\/td>\n<td style=\"width: 51.7862%;\" width=\"132\">\n<p>J\u00f3zsa Attila<\/p>\n<\/td>\n<\/tr>\n<tr>\n<td style=\"width: 27.3994%;\" width=\"132\">\n<p>2000\u20132003<\/p>\n<\/td>\n<td style=\"width: 51.7862%;\" width=\"132\">\n<p>M\u00e1\u0161ik Peter<\/p>\n<\/td>\n<\/tr>\n<tr>\n<td style=\"width: 27.3994%;\" width=\"132\">\n<p>2002\u20132003<\/p>\n<\/td>\n<td style=\"width: 51.7862%;\" width=\"132\">\n<p>Nagy Tibor<\/p>\n<\/td>\n<\/tr>\n<tr>\n<td style=\"width: 27.3994%;\" width=\"132\">\n<p>2003\u20132004<\/p>\n<\/td>\n<td style=\"width: 51.7862%;\" width=\"132\">\n<p>Balogh K\u00e1roly<\/p>\n<\/td>\n<\/tr>\n<tr>\n<td style=\"width: 27.3994%;\" width=\"132\">\n<p>2003\u20132005<\/p>\n<\/td>\n<td style=\"width: 51.7862%;\" width=\"132\">\n<p>Horka R\u00f3bert<\/p>\n<\/td>\n<\/tr>\n<tr>\n<td style=\"width: 27.3994%;\" width=\"132\">\n<p>2004\u20132005<\/p>\n<\/td>\n<td style=\"width: 51.7862%;\" width=\"132\">\n<p>Farkas Zsolt<\/p>\n<\/td>\n<\/tr>\n<tr>\n<td style=\"width: 27.3994%;\" width=\"132\">\n<p>2005\u20132006<\/p>\n<\/td>\n<td style=\"width: 51.7862%;\" width=\"132\">\n<p>Hal\u00e1sz Imre<\/p>\n<\/td>\n<\/tr>\n<tr>\n<td style=\"width: 27.3994%;\" width=\"132\">\n<p>2005\u20132007<\/p>\n<\/td>\n<td style=\"width: 51.7862%;\" width=\"132\">\n<p>Jar\u00e1bek Martin<\/p>\n<\/td>\n<\/tr>\n<tr>\n<td style=\"width: 27.3994%;\" width=\"132\">\n<p>2006\u20132007<\/p>\n<\/td>\n<td style=\"width: 51.7862%;\" width=\"132\">\n<p>Bozay Kriszti\u00e1n<\/p>\n<\/td>\n<\/tr>\n<tr>\n<td style=\"width: 27.3994%;\" width=\"132\">\n<p>2007\u20132008<\/p>\n<\/td>\n<td style=\"width: 51.7862%;\" width=\"132\">\n<p>Sranko L\u00e1szl\u00f3<\/p>\n<\/td>\n<\/tr>\n<tr>\n<td style=\"width: 27.3994%;\" width=\"132\">\n<p>2007\u20132009<\/p>\n<\/td>\n<td style=\"width: 51.7862%;\" width=\"132\">\n<p>Gajdo\u0161 Pavol<\/p>\n<\/td>\n<\/tr>\n<tr>\n<td style=\"width: 27.3994%;\" width=\"132\">\n<p>2008\u20132011<\/p>\n<\/td>\n<td style=\"width: 51.7862%;\" width=\"132\">\n<p>Moln\u00e1r Tam\u00e1s<\/p>\n<\/td>\n<\/tr>\n<tr>\n<td style=\"width: 27.3994%;\" width=\"132\">\n<p>2009\u20132011<\/p>\n<\/td>\n<td style=\"width: 51.7862%;\" width=\"132\">\n<p>Behula J\u00e1n<\/p>\n<\/td>\n<\/tr>\n<tr>\n<td style=\"width: 27.3994%;\" width=\"132\">\n<p>2011\u20132012<\/p>\n<\/td>\n<td style=\"width: 51.7862%;\" width=\"132\">\n<p>Klenko G\u00e1bor<\/p>\n<\/td>\n<\/tr>\n<tr>\n<td style=\"width: 27.3994%;\" width=\"132\">\n<p>2011\u20132015<\/p>\n<\/td>\n<td style=\"width: 51.7862%;\" width=\"132\">\n<p>Libi\u010d Mari\u00e1n<\/p>\n<\/td>\n<\/tr>\n<tr>\n<td style=\"width: 27.3994%;\" width=\"132\">\n<p>2015\u20132016<\/p>\n<\/td>\n<td style=\"width: 51.7862%;\" width=\"132\">\n<p>Raj\u010d\u00e1k Radovan<\/p>\n<\/td>\n<\/tr>\n<tr>\n<td style=\"width: 27.3994%;\" width=\"132\">\n<p>2015\u20132017<\/p>\n<\/td>\n<td style=\"width: 51.7862%;\" width=\"132\">\n<p>Koll\u00e1rik D\u00e1vid<\/p>\n<\/td>\n<\/tr>\n<tr>\n<td style=\"width: 27.3994%;\" width=\"132\">\n<p>2016\u20132018<\/p>\n<\/td>\n<td style=\"width: 51.7862%;\" width=\"132\">\n<p>Krampl Tom\u00e1\u0161<\/p>\n<\/td>\n<\/tr>\n<tr>\n<td style=\"width: 27.3994%;\" width=\"132\">\n<p>2017\u20132019<\/p>\n<\/td>\n<td style=\"width: 51.7862%;\" width=\"132\">\n<p>Mikus Csaba<\/p>\n<\/td>\n<\/tr>\n<tr>\n<td style=\"width: 27.3994%;\" width=\"132\">\n<p>2018\u20132020<\/p>\n<\/td>\n<td style=\"width: 51.7862%;\" width=\"132\">\n<p>\u0160af\u00e1rik Martin<\/p>\n<\/td>\n<\/tr>\n<tr>\n<td style=\"width: 27.3994%;\" width=\"132\">\n<p>2020-2023<\/p>\n<\/td>\n<td style=\"width: 51.7862%;\" width=\"132\">\n<p>Jendruch Tom\u00e1\u0161<\/p>\n<\/td>\n<\/tr>\n<tr>\n<td style=\"width: 27.3994%;\">\n<p>2023-2025<\/p>\n<\/td>\n<td style=\"width: 51.7862%;\">\n<p>Neumann Martin<\/p>\n<\/td>\n<\/tr>\n<tr>\n<td style=\"width: 27.3994%;\">\n<p>2024-<\/p>\n<\/td>\n<td style=\"width: 51.7862%;\">\n<p>Varga Viktor<\/p>\n<\/td>\n<\/tr>\n<tr>\n<td style=\"width: 27.3994%;\">\n<p>2025-2025 IX<\/p>\n<\/td>\n<td style=\"width: 51.7862%;\">\n<p>V\u00e1vra Marek<\/p>\n<\/td>\n<\/tr>\n<\/tbody>\n<\/table>\n<p>&nbsp;<\/p>\n<p><\/p>","protected":false},"excerpt":{"rendered":"<p>Pl\u00e9b\u00e1nosok Simon Lajos 1918\u20131921 Breszty\u00e1k S\u00e1ndor 1921\u20131929 Moln\u00e1r J\u00f3zsef 1929\u20131930 Bartal R\u00e1fael 1931\u20131937 Kov\u00e1cs Mih\u00e1ly 1937\u20131944 Kass Frigyes 1944\u20131945 Rakita&#8230;<\/p>\n","protected":false},"author":1,"featured_media":0,"parent":0,"menu_order":0,"comment_status":"closed","ping_status":"open","template":"template-full-width-page.php","meta":{"footnotes":""},"class_list":["post-34","page","type-page","status-publish","hentry"],"yoast_head":"<!-- This site is optimized with the Yoast SEO plugin v27.6 - https:\/\/yoast.com\/product\/yoast-seo-wordpress\/ -->\n<title>A pl\u00e9b\u00e1nia papjai - Somorjai Nagyboldogasszony Pl\u00e9b\u00e1nia<\/title>\n<meta name=\"robots\" content=\"index, follow, max-snippet:-1, max-image-preview:large, max-video-preview:-1\" \/>\n<link rel=\"canonical\" href=\"https:\/\/samorin.fara.sk\/hu\/knazi-vo-farnosti\/\" \/>\n<meta property=\"og:locale\" content=\"hu_HU\" \/>\n<meta property=\"og:type\" content=\"article\" \/>\n<meta property=\"og:title\" content=\"A pl\u00e9b\u00e1nia papjai - Somorjai Nagyboldogasszony Pl\u00e9b\u00e1nia\" \/>\n<meta property=\"og:description\" content=\"Pl\u00e9b\u00e1nosok Simon Lajos 1918\u20131921 Breszty\u00e1k S\u00e1ndor 1921\u20131929 Moln\u00e1r J\u00f3zsef 1929\u20131930 Bartal R\u00e1fael 1931\u20131937 Kov\u00e1cs Mih\u00e1ly 1937\u20131944 Kass Frigyes 1944\u20131945 Rakita...\" \/>\n<meta property=\"og:url\" content=\"https:\/\/samorin.fara.sk\/hu\/knazi-vo-farnosti\/\" \/>\n<meta property=\"og:site_name\" content=\"Somorjai Nagyboldogasszony Pl\u00e9b\u00e1nia\" \/>\n<meta property=\"article:modified_time\" content=\"2025-09-25T06:06:39+00:00\" \/>\n<meta name=\"twitter:card\" content=\"summary_large_image\" \/>\n<meta name=\"twitter:label1\" content=\"Becs\u00fclt olvas\u00e1si id\u0151\" \/>\n\t<meta name=\"twitter:data1\" content=\"2 perc\" \/>\n<script type=\"application\/ld+json\" class=\"yoast-schema-graph\">{\"@context\":\"https:\\\/\\\/schema.org\",\"@graph\":[{\"@type\":\"WebPage\",\"@id\":\"https:\\\/\\\/samorin.fara.sk\\\/hu\\\/knazi-vo-farnosti\\\/\",\"url\":\"https:\\\/\\\/samorin.fara.sk\\\/hu\\\/knazi-vo-farnosti\\\/\",\"name\":\"A pl\u00e9b\u00e1nia papjai - Somorjai Nagyboldogasszony Pl\u00e9b\u00e1nia\",\"isPartOf\":{\"@id\":\"https:\\\/\\\/samorin.fara.sk\\\/hu\\\/#website\"},\"datePublished\":\"2013-07-25T07:07:48+00:00\",\"dateModified\":\"2025-09-25T06:06:39+00:00\",\"breadcrumb\":{\"@id\":\"https:\\\/\\\/samorin.fara.sk\\\/hu\\\/knazi-vo-farnosti\\\/#breadcrumb\"},\"inLanguage\":\"hu\",\"potentialAction\":[{\"@type\":\"ReadAction\",\"target\":[[\"https:\\\/\\\/samorin.fara.sk\\\/hu\\\/knazi-vo-farnosti\\\/\"]]}]},{\"@type\":\"BreadcrumbList\",\"@id\":\"https:\\\/\\\/samorin.fara.sk\\\/hu\\\/knazi-vo-farnosti\\\/#breadcrumb\",\"itemListElement\":[{\"@type\":\"ListItem\",\"position\":1,\"name\":\"Home\",\"item\":\"https:\\\/\\\/samorin.fara.sk\\\/hu\\\/\"},{\"@type\":\"ListItem\",\"position\":2,\"name\":\"K\u0148azi vo farnosti\"}]},{\"@type\":\"WebSite\",\"@id\":\"https:\\\/\\\/samorin.fara.sk\\\/hu\\\/#website\",\"url\":\"https:\\\/\\\/samorin.fara.sk\\\/hu\\\/\",\"name\":\"Somorjai Nagyboldogasszony Pl\u00e9b\u00e1nia\",\"description\":\"R\u00f3mai Katolikus Egyh\u00e1z, Pozsonyi F\u0151egyh\u00e1zmegye\",\"potentialAction\":[{\"@type\":\"SearchAction\",\"target\":{\"@type\":\"EntryPoint\",\"urlTemplate\":\"https:\\\/\\\/samorin.fara.sk\\\/hu\\\/?s={search_term_string}\"},\"query-input\":{\"@type\":\"PropertyValueSpecification\",\"valueRequired\":true,\"valueName\":\"search_term_string\"}}],\"inLanguage\":\"hu\"}]}<\/script>\n<!-- \/ Yoast SEO plugin. -->","yoast_head_json":{"title":"A pl\u00e9b\u00e1nia papjai - Somorjai Nagyboldogasszony Pl\u00e9b\u00e1nia","robots":{"index":"index","follow":"follow","max-snippet":"max-snippet:-1","max-image-preview":"max-image-preview:large","max-video-preview":"max-video-preview:-1"},"canonical":"https:\/\/samorin.fara.sk\/hu\/knazi-vo-farnosti\/","og_locale":"hu_HU","og_type":"article","og_title":"A pl\u00e9b\u00e1nia papjai - Somorjai Nagyboldogasszony Pl\u00e9b\u00e1nia","og_description":"Pl\u00e9b\u00e1nosok Simon Lajos 1918\u20131921 Breszty\u00e1k S\u00e1ndor 1921\u20131929 Moln\u00e1r J\u00f3zsef 1929\u20131930 Bartal R\u00e1fael 1931\u20131937 Kov\u00e1cs Mih\u00e1ly 1937\u20131944 Kass Frigyes 1944\u20131945 Rakita...","og_url":"https:\/\/samorin.fara.sk\/hu\/knazi-vo-farnosti\/","og_site_name":"Somorjai Nagyboldogasszony Pl\u00e9b\u00e1nia","article_modified_time":"2025-09-25T06:06:39+00:00","twitter_card":"summary_large_image","twitter_misc":{"Becs\u00fclt olvas\u00e1si id\u0151":"2 perc"},"schema":{"@context":"https:\/\/schema.org","@graph":[{"@type":"WebPage","@id":"https:\/\/samorin.fara.sk\/hu\/knazi-vo-farnosti\/","url":"https:\/\/samorin.fara.sk\/hu\/knazi-vo-farnosti\/","name":"A pl\u00e9b\u00e1nia papjai - Somorjai Nagyboldogasszony Pl\u00e9b\u00e1nia","isPartOf":{"@id":"https:\/\/samorin.fara.sk\/hu\/#website"},"datePublished":"2013-07-25T07:07:48+00:00","dateModified":"2025-09-25T06:06:39+00:00","breadcrumb":{"@id":"https:\/\/samorin.fara.sk\/hu\/knazi-vo-farnosti\/#breadcrumb"},"inLanguage":"hu","potentialAction":[{"@type":"ReadAction","target":[["https:\/\/samorin.fara.sk\/hu\/knazi-vo-farnosti\/"]]}]},{"@type":"BreadcrumbList","@id":"https:\/\/samorin.fara.sk\/hu\/knazi-vo-farnosti\/#breadcrumb","itemListElement":[{"@type":"ListItem","position":1,"name":"Home","item":"https:\/\/samorin.fara.sk\/hu\/"},{"@type":"ListItem","position":2,"name":"K\u0148azi vo farnosti"}]},{"@type":"WebSite","@id":"https:\/\/samorin.fara.sk\/hu\/#website","url":"https:\/\/samorin.fara.sk\/hu\/","name":"Somorjai Nagyboldogasszony Pl\u00e9b\u00e1nia","description":"R\u00f3mai Katolikus Egyh\u00e1z, Pozsonyi F\u0151egyh\u00e1zmegye","potentialAction":[{"@type":"SearchAction","target":{"@type":"EntryPoint","urlTemplate":"https:\/\/samorin.fara.sk\/hu\/?s={search_term_string}"},"query-input":{"@type":"PropertyValueSpecification","valueRequired":true,"valueName":"search_term_string"}}],"inLanguage":"hu"}]}},"jetpack_sharing_enabled":true,"_links":{"self":[{"href":"https:\/\/samorin.fara.sk\/hu\/wp-json\/wp\/v2\/pages\/34","targetHints":{"allow":["GET"]}}],"collection":[{"href":"https:\/\/samorin.fara.sk\/hu\/wp-json\/wp\/v2\/pages"}],"about":[{"href":"https:\/\/samorin.fara.sk\/hu\/wp-json\/wp\/v2\/types\/page"}],"author":[{"embeddable":true,"href":"https:\/\/samorin.fara.sk\/hu\/wp-json\/wp\/v2\/users\/1"}],"replies":[{"embeddable":true,"href":"https:\/\/samorin.fara.sk\/hu\/wp-json\/wp\/v2\/comments?post=34"}],"version-history":[{"count":66,"href":"https:\/\/samorin.fara.sk\/hu\/wp-json\/wp\/v2\/pages\/34\/revisions"}],"predecessor-version":[{"id":6049,"href":"https:\/\/samorin.fara.sk\/hu\/wp-json\/wp\/v2\/pages\/34\/revisions\/6049"}],"wp:attachment":[{"href":"https:\/\/samorin.fara.sk\/hu\/wp-json\/wp\/v2\/media?parent=34"}],"curies":[{"name":"wp","href":"https:\/\/api.w.org\/{rel}","templated":true}]}}