{"id":2954,"date":"2019-09-11T08:53:41","date_gmt":"2019-09-11T06:53:41","guid":{"rendered":"https:\/\/samorin.fara.sk\/?page_id=2954"},"modified":"2025-07-27T07:54:36","modified_gmt":"2025-07-27T05:54:36","slug":"miert-jarjunk-misere","status":"publish","type":"page","link":"https:\/\/samorin.fara.sk\/hu\/miert-jarjunk-misere\/","title":{"rendered":"Mi\u00e9rt j\u00e1rjunk mis\u00e9re?"},"content":{"rendered":"<p><\/p>\n<ol>\n<li>Mert a mise \u00fcnnep \u2013 munkasz\u00fcnet, \u00f6r\u00f6m, egy\u00fcttl\u00e9t Istennel \u00e9s m\u00e1sokkal.<\/li>\n<li>Hogy tagjai legy\u00fcnk egy k\u00f6z\u00f6ss\u00e9gnek, egy\u00fctt \u00fcnnepelj\u00fcnk \u00e9s \u00f6rvendezz\u00fcnk.<\/li>\n<li>Hogy egyre jobban megismerj\u00fck Istent, \u00e9s elm\u00e9ly\u00fclj\u00f6n a vele val\u00f3 bar\u00e1ts\u00e1gunk.<\/li>\n<li>Mert a szentmise h\u00e1laad\u00e1s \u2013 melyben az Egyh\u00e1z Krisztus \u00e1ltal dics\u0151\u00edti az Aty\u00e1t \u00e9s h\u00e1l\u00e1t ad neki minden\u00e9rt. Mi is k\u00f6sz\u00f6netet mondunk az elm\u00falt h\u00e9t\u00e9rt, az eg\u00e9sz \u00e9let\u00fcnk\u00e9rt.<\/li>\n<li>Mert J\u00e9zus megh\u00edv minket, elfogadja korl\u00e1tozott, t\u00f6r\u00e9keny, feled\u00e9keny szeretet\u00fcnket, azt a keveset, amit adni tudunk neki.<\/li>\n<li>Mert ha v\u00e1laszolni szeretn\u00e9nk Isten h\u00edv\u00e1s\u00e1ra, nem mondhatunk neki igent \u00fagy, hogy k\u00f6zben nemet mondunk az Egyh\u00e1zra.<\/li>\n<li>Minden mise egyszeri \u00e9s megism\u00e9telhetetlen tal\u00e1lkoz\u00e1s az \u00darral, az \u0151 ig\u00e9j\u00e9vel \u00e9s a t\u00f6bbi h\u00edv\u0151vel. A ma elszalasztott alkalom m\u00e1r sohasem t\u00e9r vissza.<\/li>\n<li>Nem az\u00e9rt megy\u00fcnk szentmis\u00e9re, hogy \u00faj t\u00e9nyeket ismerj\u00fcnk meg Istenr\u0151l az olvasm\u00e1nyokban vagy a pr\u00e9dik\u00e1ci\u00f3ban, hanem hogy szem\u00e9lyesen tal\u00e1lkozzunk vele.<\/li>\n<li>Nem az\u00e9rt megy\u00fcnk, hogy megeml\u00e9kezz\u00fcnk egy m\u00faltb\u00e9li esem\u00e9nyr\u0151l, hanem hogy itt \u00e9s ma r\u00e9szesei legy\u00fcnk a miszt\u00e9riumnak.<\/li>\n<li>A szentmise titok \u2013 Isten titkos c\u00e9lj\u00e1nak a jele, \u00e9s a c\u00e9l az, hogy mindent egyes\u00edtsen Krisztusban.<\/li>\n<li>Az\u00e9rt j\u00e1rjunk mis\u00e9re, hogy Isten fokozatosan olyann\u00e1 form\u00e1lja a sz\u00edv\u00fcnket, elm\u00e9nket, hogy az \u0151benne tal\u00e1lja meg a boldogs\u00e1g\u00e1t.<\/li>\n<li>A mis\u00e9ben felaj\u00e1nlhatjuk \u00e9s l\u00e9lekben az olt\u00e1rra helyezhetj\u00fck minden \u00f6r\u00f6m\u00fcnket, gondunkat, eg\u00e9sz \u00e9let\u00fcnket, hogy J\u00e9zus megszentelje azt.<\/li>\n<li>Mert J\u00e9zus az Euchariszti\u00e1ban, a szent\u00e1ldoz\u00e1sban \u00f6nmag\u00e1t adja nek\u00fcnk \u00e9s eg\u00e9sz l\u00e9ny\u00e9vel aj\u00e1nd\u00e9koz meg minket. Nem utas\u00edthatjuk vissza a vil\u00e1g legnagyobb aj\u00e1nd\u00e9k\u00e1t.<\/li>\n<li>Ha nem hisz\u00fcnk az Euchariszti\u00e1ban, a szentmise miszt\u00e9rium\u00e1ban, akkor az\u00e9rt j\u00e1rjunk, hogy egy\u00fctt v\u00e1rakozzunk azokkal, akik hisznek, mert a hit nem a saj\u00e1t er\u0151fesz\u00edt\u00e9s\u00fcnk eredm\u00e9nye, hanem aj\u00e1nd\u00e9k. Legy\u00fcnk jelen, \u00e1lljunk Isten rendelkez\u00e9s\u00e9re, hogy felk\u00e9sz\u00fclj\u00fcnk a hit nagy aj\u00e1nd\u00e9k\u00e1ra, \u00e9s ott legy\u00fcnk, amikor adni akarja nek\u00fcnk.<\/li>\n<li>Mert Krisztus teste a mi mindennapi kenyer\u00fcnk, ami\u00e9rt a Miaty\u00e1nkban im\u00e1dkozunk, \u00e9s ha hisz\u00fcnk J\u00e9zusban, akkor furcsa lenne, ha nem akarn\u00e1nk elfogadni azt, amit \u0151 nek\u00fcnk k\u00edn\u00e1l.<\/li>\n<li>A szent\u00e1ldoz\u00e1sban egyes\u00fcl\u00fcnk az \u00darral, \u00e9s \u00e1ltala minden testv\u00e9r\u00fcnkkel \u00e9s az eg\u00e9sz Egyh\u00e1zzal.<\/li>\n<li>Minden mise \u00e1ltal egyre ink\u00e1bb \u00e1talakulunk, felfedezz\u00fck Istent, magunkat, \u00e9s Istent a l\u00e9t\u00fcnk m\u00e9ly\u00e9n.<\/li>\n<li>Az\u00e9rt kell elmenn\u00fcnk a mis\u00e9re, mert ha nem lenn\u00e9nk ott, hi\u00e1nyozn\u00e1nk \u2013 a k\u00f6z\u00f6ss\u00e9gnek is, de legf\u0151k\u00e9ppen J\u00e9zusnak, aki szem\u00e9ly szerint v\u00e1r mindannyiunkat.<\/li>\n<li>A mise olyan \u00f6r\u00f6m, amit kivisz\u00fcnk magunkkal a vil\u00e1gba.<\/li>\n<li>A mise n\u00f6veli az egys\u00e9get k\u00f6zt\u00fcnk, \u00e9s egyes\u00edt minket az \u00f6sszes h\u00edv\u0151vel, akik szerte a vil\u00e1gon \u00f6sszegy\u0171lnek az olt\u00e1r k\u00f6r\u00fcl.<\/li>\n<\/ol>\n<p><strong>\u2026mert a szentmis\u00e9ben viszontszeretj\u00fck az Istent.<\/strong><\/p>\n<p><\/p>","protected":false},"excerpt":{"rendered":"<p>Mert a mise \u00fcnnep \u2013 munkasz\u00fcnet, \u00f6r\u00f6m, egy\u00fcttl\u00e9t Istennel \u00e9s m\u00e1sokkal. Hogy tagjai legy\u00fcnk egy k\u00f6z\u00f6ss\u00e9gnek, egy\u00fctt \u00fcnnepelj\u00fcnk \u00e9s \u00f6rvendezz\u00fcnk&#8230;.<\/p>\n","protected":false},"author":3,"featured_media":0,"parent":0,"menu_order":0,"comment_status":"closed","ping_status":"closed","template":"template-full-width-page.php","meta":{"footnotes":""},"class_list":["post-2954","page","type-page","status-publish","hentry"],"yoast_head":"<!-- This site is optimized with the Yoast SEO plugin v27.4 - https:\/\/yoast.com\/product\/yoast-seo-wordpress\/ -->\n<title>Mi\u00e9rt j\u00e1rjunk mis\u00e9re? - Somorjai Nagyboldogasszony Pl\u00e9b\u00e1nia<\/title>\n<meta name=\"robots\" content=\"index, follow, max-snippet:-1, max-image-preview:large, max-video-preview:-1\" \/>\n<link rel=\"canonical\" href=\"https:\/\/samorin.fara.sk\/hu\/miert-jarjunk-misere\/\" \/>\n<meta property=\"og:locale\" content=\"hu_HU\" \/>\n<meta property=\"og:type\" content=\"article\" \/>\n<meta property=\"og:title\" content=\"Mi\u00e9rt j\u00e1rjunk mis\u00e9re? - Somorjai Nagyboldogasszony Pl\u00e9b\u00e1nia\" \/>\n<meta property=\"og:description\" content=\"Mert a mise \u00fcnnep \u2013 munkasz\u00fcnet, \u00f6r\u00f6m, egy\u00fcttl\u00e9t Istennel \u00e9s m\u00e1sokkal. Hogy tagjai legy\u00fcnk egy k\u00f6z\u00f6ss\u00e9gnek, egy\u00fctt \u00fcnnepelj\u00fcnk \u00e9s \u00f6rvendezz\u00fcnk....\" \/>\n<meta property=\"og:url\" content=\"https:\/\/samorin.fara.sk\/hu\/miert-jarjunk-misere\/\" \/>\n<meta property=\"og:site_name\" content=\"Somorjai Nagyboldogasszony Pl\u00e9b\u00e1nia\" \/>\n<meta property=\"article:modified_time\" content=\"2025-07-27T05:54:36+00:00\" \/>\n<meta name=\"twitter:card\" content=\"summary_large_image\" \/>\n<meta name=\"twitter:label1\" content=\"Becs\u00fclt olvas\u00e1si id\u0151\" \/>\n\t<meta name=\"twitter:data1\" content=\"3 perc\" \/>\n<script type=\"application\/ld+json\" class=\"yoast-schema-graph\">{\"@context\":\"https:\\\/\\\/schema.org\",\"@graph\":[{\"@type\":\"WebPage\",\"@id\":\"https:\\\/\\\/samorin.fara.sk\\\/hu\\\/miert-jarjunk-misere\\\/\",\"url\":\"https:\\\/\\\/samorin.fara.sk\\\/hu\\\/miert-jarjunk-misere\\\/\",\"name\":\"Mi\u00e9rt j\u00e1rjunk mis\u00e9re? - Somorjai Nagyboldogasszony Pl\u00e9b\u00e1nia\",\"isPartOf\":{\"@id\":\"https:\\\/\\\/samorin.fara.sk\\\/hu\\\/#website\"},\"datePublished\":\"2019-09-11T06:53:41+00:00\",\"dateModified\":\"2025-07-27T05:54:36+00:00\",\"breadcrumb\":{\"@id\":\"https:\\\/\\\/samorin.fara.sk\\\/hu\\\/miert-jarjunk-misere\\\/#breadcrumb\"},\"inLanguage\":\"hu\",\"potentialAction\":[{\"@type\":\"ReadAction\",\"target\":[[\"https:\\\/\\\/samorin.fara.sk\\\/hu\\\/miert-jarjunk-misere\\\/\"]]}]},{\"@type\":\"BreadcrumbList\",\"@id\":\"https:\\\/\\\/samorin.fara.sk\\\/hu\\\/miert-jarjunk-misere\\\/#breadcrumb\",\"itemListElement\":[{\"@type\":\"ListItem\",\"position\":1,\"name\":\"Home\",\"item\":\"https:\\\/\\\/samorin.fara.sk\\\/hu\\\/\"},{\"@type\":\"ListItem\",\"position\":2,\"name\":\"Pre\u010do chodi\u0165 na om\u0161u?\"}]},{\"@type\":\"WebSite\",\"@id\":\"https:\\\/\\\/samorin.fara.sk\\\/hu\\\/#website\",\"url\":\"https:\\\/\\\/samorin.fara.sk\\\/hu\\\/\",\"name\":\"Somorjai Nagyboldogasszony Pl\u00e9b\u00e1nia\",\"description\":\"R\u00f3mai Katolikus Egyh\u00e1z, Pozsonyi F\u0151egyh\u00e1zmegye\",\"potentialAction\":[{\"@type\":\"SearchAction\",\"target\":{\"@type\":\"EntryPoint\",\"urlTemplate\":\"https:\\\/\\\/samorin.fara.sk\\\/hu\\\/?s={search_term_string}\"},\"query-input\":{\"@type\":\"PropertyValueSpecification\",\"valueRequired\":true,\"valueName\":\"search_term_string\"}}],\"inLanguage\":\"hu\"}]}<\/script>\n<!-- \/ Yoast SEO plugin. -->","yoast_head_json":{"title":"Mi\u00e9rt j\u00e1rjunk mis\u00e9re? - Somorjai Nagyboldogasszony Pl\u00e9b\u00e1nia","robots":{"index":"index","follow":"follow","max-snippet":"max-snippet:-1","max-image-preview":"max-image-preview:large","max-video-preview":"max-video-preview:-1"},"canonical":"https:\/\/samorin.fara.sk\/hu\/miert-jarjunk-misere\/","og_locale":"hu_HU","og_type":"article","og_title":"Mi\u00e9rt j\u00e1rjunk mis\u00e9re? - Somorjai Nagyboldogasszony Pl\u00e9b\u00e1nia","og_description":"Mert a mise \u00fcnnep \u2013 munkasz\u00fcnet, \u00f6r\u00f6m, egy\u00fcttl\u00e9t Istennel \u00e9s m\u00e1sokkal. Hogy tagjai legy\u00fcnk egy k\u00f6z\u00f6ss\u00e9gnek, egy\u00fctt \u00fcnnepelj\u00fcnk \u00e9s \u00f6rvendezz\u00fcnk....","og_url":"https:\/\/samorin.fara.sk\/hu\/miert-jarjunk-misere\/","og_site_name":"Somorjai Nagyboldogasszony Pl\u00e9b\u00e1nia","article_modified_time":"2025-07-27T05:54:36+00:00","twitter_card":"summary_large_image","twitter_misc":{"Becs\u00fclt olvas\u00e1si id\u0151":"3 perc"},"schema":{"@context":"https:\/\/schema.org","@graph":[{"@type":"WebPage","@id":"https:\/\/samorin.fara.sk\/hu\/miert-jarjunk-misere\/","url":"https:\/\/samorin.fara.sk\/hu\/miert-jarjunk-misere\/","name":"Mi\u00e9rt j\u00e1rjunk mis\u00e9re? - Somorjai Nagyboldogasszony Pl\u00e9b\u00e1nia","isPartOf":{"@id":"https:\/\/samorin.fara.sk\/hu\/#website"},"datePublished":"2019-09-11T06:53:41+00:00","dateModified":"2025-07-27T05:54:36+00:00","breadcrumb":{"@id":"https:\/\/samorin.fara.sk\/hu\/miert-jarjunk-misere\/#breadcrumb"},"inLanguage":"hu","potentialAction":[{"@type":"ReadAction","target":[["https:\/\/samorin.fara.sk\/hu\/miert-jarjunk-misere\/"]]}]},{"@type":"BreadcrumbList","@id":"https:\/\/samorin.fara.sk\/hu\/miert-jarjunk-misere\/#breadcrumb","itemListElement":[{"@type":"ListItem","position":1,"name":"Home","item":"https:\/\/samorin.fara.sk\/hu\/"},{"@type":"ListItem","position":2,"name":"Pre\u010do chodi\u0165 na om\u0161u?"}]},{"@type":"WebSite","@id":"https:\/\/samorin.fara.sk\/hu\/#website","url":"https:\/\/samorin.fara.sk\/hu\/","name":"Somorjai Nagyboldogasszony Pl\u00e9b\u00e1nia","description":"R\u00f3mai Katolikus Egyh\u00e1z, Pozsonyi F\u0151egyh\u00e1zmegye","potentialAction":[{"@type":"SearchAction","target":{"@type":"EntryPoint","urlTemplate":"https:\/\/samorin.fara.sk\/hu\/?s={search_term_string}"},"query-input":{"@type":"PropertyValueSpecification","valueRequired":true,"valueName":"search_term_string"}}],"inLanguage":"hu"}]}},"jetpack_sharing_enabled":true,"_links":{"self":[{"href":"https:\/\/samorin.fara.sk\/hu\/wp-json\/wp\/v2\/pages\/2954","targetHints":{"allow":["GET"]}}],"collection":[{"href":"https:\/\/samorin.fara.sk\/hu\/wp-json\/wp\/v2\/pages"}],"about":[{"href":"https:\/\/samorin.fara.sk\/hu\/wp-json\/wp\/v2\/types\/page"}],"author":[{"embeddable":true,"href":"https:\/\/samorin.fara.sk\/hu\/wp-json\/wp\/v2\/users\/3"}],"replies":[{"embeddable":true,"href":"https:\/\/samorin.fara.sk\/hu\/wp-json\/wp\/v2\/comments?post=2954"}],"version-history":[{"count":3,"href":"https:\/\/samorin.fara.sk\/hu\/wp-json\/wp\/v2\/pages\/2954\/revisions"}],"predecessor-version":[{"id":5880,"href":"https:\/\/samorin.fara.sk\/hu\/wp-json\/wp\/v2\/pages\/2954\/revisions\/5880"}],"wp:attachment":[{"href":"https:\/\/samorin.fara.sk\/hu\/wp-json\/wp\/v2\/media?parent=2954"}],"curies":[{"name":"wp","href":"https:\/\/api.w.org\/{rel}","templated":true}]}}