{"id":2951,"date":"2019-09-11T08:50:38","date_gmt":"2019-09-11T06:50:38","guid":{"rendered":"https:\/\/samorin.fara.sk\/?page_id=2951"},"modified":"2025-07-27T08:10:50","modified_gmt":"2025-07-27T06:10:50","slug":"mire-jo-hinni-istenben","status":"publish","type":"page","link":"https:\/\/samorin.fara.sk\/hu\/mire-jo-hinni-istenben\/","title":{"rendered":"Mire j\u00f3 hinni Istenben?"},"content":{"rendered":"<p><\/p>\n<p>Van-e \u00e9rtelme hinni Istenben? Nem lehet \u0151t szemmel l\u00e1tni, sem f\u00fcllel hallani, sem \u00e9rz\u00e9kekkel megtapasztalni. A vil\u00e1gban m\u00e9gis vannak dolgok, melyek Istenr\u0151l besz\u00e9lnek, \u00e9s nyilv\u00e1nval\u00f3v\u00e1 teszik azt, hogy Isten l\u00e9tezik:<\/p>\n<ul>\n<li><strong>A vil\u00e1gban megl\u00e9v\u0151 rendezetts\u00e9g.<\/strong> A vil\u00e1gegyetem pontos matematikai szab\u00e1lyok szerint m\u0171k\u00f6dik. Az \u00e9let a DNS-be \u00edrt hihetetlen\u00fcl elm\u00e9s, t\u00f6k\u00e9letesen m\u0171k\u00f6d\u0151 program v\u00e9grehajt\u00e1sa r\u00e9v\u00e9n j\u00f6n l\u00e9tre, n\u00f6vekszik, teljesedik ki. A sejtek miniat\u0171r, pontosan megtervezett gy\u00e1rak, melyek egybehangolt m\u0171k\u00f6d\u00e9s\u00fckkel bonyolult szervezeteket hoznak l\u00e9tre. A jelenlegi tudom\u00e1nyos t\u00e9nyek birtok\u00e1ban sokkal \u00e9sszer\u0171tlenebb dolog azt hinni, hogy mindez mag\u00e1t\u00f3l, v\u00e9letlenszer\u0171en j\u00f6tt l\u00e9tre, mint elismerni benne egy tudatos tervez\u0151 \u2013 Isten munk\u00e1j\u00e1t.<\/li>\n<li><strong>Az emberi szellem, tudat l\u00e9tez\u00e9se<\/strong>. Nincs olyan tudom\u00e1nyos elm\u00e9let, mely megmagyar\u00e1zn\u00e1 az emberi tudat \u00e9s intelligencia l\u00e9trej\u00f6tt\u00e9t. Az ember mint \u00e9l\u0151l\u00e9ny fennmarad\u00e1s\u00e1hoz nincs sz\u00fcks\u00e9g sem tudatoss\u00e1gra, sem intelligenci\u00e1ra. Az emberi tudat \u00edgy t\u00f6bbre hivatott, arra, hogy megismerje azt, amit a t\u00f6bbi \u00e9l\u0151 nem k\u00e9pes megismerni.<\/li>\n<li><strong>Az emberi sz\u00edvbe \u00edrt erk\u00f6lcsi t\u00f6rv\u00e9ny.<\/strong> K\u00e9ts\u00e9gk\u00edv\u00fcl l\u00e9tezik egy \u00e1ltal\u00e1nos erk\u00f6lcsi t\u00f6rv\u00e9ny, amit minden ember ismer. Vall\u00e1st\u00f3l \u00e9s hitt\u0151l f\u00fcggetlen\u00fcl minden t\u00e1rsadalom rossznak tartotta \u00e9s tartja a gyilkoss\u00e1got, a h\u00e1zass\u00e1gt\u00f6r\u00e9st, a lop\u00e1st, a csal\u00e1st vagy a hazugs\u00e1got. Maga az a t\u00e9ny csod\u00e1latra m\u00e9lt\u00f3, hogy l\u00e9tezik lelkiismeret, mely meg\u00edt\u00e9li az ember gondolatait, szavait \u00e9s cselekedeteit. Honnan van ez a bels\u0151 hang, ami \u00edt\u00e9letet mond f\u00f6l\u00f6tt\u00fcnk, ha nem mag\u00e1t\u00f3l az Istent\u0151l, az igazs\u00e1g forr\u00e1s\u00e1t\u00f3l sz\u00e1rmazik?<\/li>\n<li><strong>A l\u00e9lek v\u00e1gyakoz\u00e1sa a transzcendens ut\u00e1n.<\/strong> Az emberi l\u00e9lek v\u00e1gyakozik valami t\u00f6bb, valami magasabb, a v\u00e9gtelen ut\u00e1n. Mindenkiben benne van az Isten ut\u00e1ni v\u00e1gy, ez\u00e9rt keresi az ember a titokzatos, misztikus, az \u00e9rtelmi megismer\u00e9sen t\u00fali dolgokat. A l\u00e9lek v\u00e1gyakozik vissza ahhoz, aki alkotta, mert tudja mag\u00e1r\u00f3l, hogy halhatatlan \u00e9s hogy t\u00f6bb, mint az anyagi vil\u00e1g, mint a test. Mi\u00e9rt is ne k\u00f6vetn\u00e9nk a benn\u00fcnk megl\u00e9v\u0151, Istenhez sz\u00e1ll\u00f3 v\u00e1gyat?<\/li>\n<\/ul>\n<p>Mert Isten b\u00e1r l\u00e1thatatlan, m\u00e9gis megismerhet\u0151. \u0150 is keresi az embert, sz\u00f3l hozz\u00e1 a Szent\u00edr\u00e1s szav\u00e1ban, az Egyh\u00e1z szav\u00e1ban \u00e9s olykor a t\u00f6bbi ember \u00e1ltal is. Az \u00e9let legnagyobb feladata \u00e9s c\u00e9lja megismerni \u0151t \u00e9s eljutni hozz\u00e1. Ak\u00e1r elismerj\u00fck, ak\u00e1r nem, m\u00e9gis mindannyiunkban ott van a v\u00e1gyakoz\u00e1s valaki ut\u00e1n, aki felt\u00e9tel n\u00e9lk\u00fcl szeret \u00e9s elfogad minket. <strong>Istenben megtal\u00e1ljuk a felt\u00e9tel n\u00e9lk\u00fcli szeretetet, f\u00e1jdalmaink gy\u00f3gyul\u00e1s\u00e1t, az \u00e9let\u00fcnk \u00e9rtelm\u00e9t.<\/strong><\/p>\n<p><\/p>","protected":false},"excerpt":{"rendered":"<p>Van-e \u00e9rtelme hinni Istenben? Nem lehet \u0151t szemmel l\u00e1tni, sem f\u00fcllel hallani, sem \u00e9rz\u00e9kekkel megtapasztalni. A vil\u00e1gban m\u00e9gis vannak dolgok,&#8230;<\/p>\n","protected":false},"author":3,"featured_media":0,"parent":0,"menu_order":0,"comment_status":"closed","ping_status":"closed","template":"template-full-width-page.php","meta":{"footnotes":""},"class_list":["post-2951","page","type-page","status-publish","hentry"],"yoast_head":"<!-- This site is optimized with the Yoast SEO plugin v27.4 - https:\/\/yoast.com\/product\/yoast-seo-wordpress\/ -->\n<title>Mire j\u00f3 hinni Istenben? - Somorjai Nagyboldogasszony Pl\u00e9b\u00e1nia<\/title>\n<meta name=\"robots\" content=\"index, follow, max-snippet:-1, max-image-preview:large, max-video-preview:-1\" \/>\n<link rel=\"canonical\" href=\"https:\/\/samorin.fara.sk\/hu\/mire-jo-hinni-istenben\/\" \/>\n<meta property=\"og:locale\" content=\"hu_HU\" \/>\n<meta property=\"og:type\" content=\"article\" \/>\n<meta property=\"og:title\" content=\"Mire j\u00f3 hinni Istenben? - Somorjai Nagyboldogasszony Pl\u00e9b\u00e1nia\" \/>\n<meta property=\"og:description\" content=\"Van-e \u00e9rtelme hinni Istenben? Nem lehet \u0151t szemmel l\u00e1tni, sem f\u00fcllel hallani, sem \u00e9rz\u00e9kekkel megtapasztalni. A vil\u00e1gban m\u00e9gis vannak dolgok,...\" \/>\n<meta property=\"og:url\" content=\"https:\/\/samorin.fara.sk\/hu\/mire-jo-hinni-istenben\/\" \/>\n<meta property=\"og:site_name\" content=\"Somorjai Nagyboldogasszony Pl\u00e9b\u00e1nia\" \/>\n<meta property=\"article:modified_time\" content=\"2025-07-27T06:10:50+00:00\" \/>\n<meta name=\"twitter:card\" content=\"summary_large_image\" \/>\n<meta name=\"twitter:label1\" content=\"Becs\u00fclt olvas\u00e1si id\u0151\" \/>\n\t<meta name=\"twitter:data1\" content=\"2 perc\" \/>\n<script type=\"application\/ld+json\" class=\"yoast-schema-graph\">{\"@context\":\"https:\\\/\\\/schema.org\",\"@graph\":[{\"@type\":\"WebPage\",\"@id\":\"https:\\\/\\\/samorin.fara.sk\\\/hu\\\/mire-jo-hinni-istenben\\\/\",\"url\":\"https:\\\/\\\/samorin.fara.sk\\\/hu\\\/mire-jo-hinni-istenben\\\/\",\"name\":\"Mire j\u00f3 hinni Istenben? - Somorjai Nagyboldogasszony Pl\u00e9b\u00e1nia\",\"isPartOf\":{\"@id\":\"https:\\\/\\\/samorin.fara.sk\\\/hu\\\/#website\"},\"datePublished\":\"2019-09-11T06:50:38+00:00\",\"dateModified\":\"2025-07-27T06:10:50+00:00\",\"breadcrumb\":{\"@id\":\"https:\\\/\\\/samorin.fara.sk\\\/hu\\\/mire-jo-hinni-istenben\\\/#breadcrumb\"},\"inLanguage\":\"hu\",\"potentialAction\":[{\"@type\":\"ReadAction\",\"target\":[[\"https:\\\/\\\/samorin.fara.sk\\\/hu\\\/mire-jo-hinni-istenben\\\/\"]]}]},{\"@type\":\"BreadcrumbList\",\"@id\":\"https:\\\/\\\/samorin.fara.sk\\\/hu\\\/mire-jo-hinni-istenben\\\/#breadcrumb\",\"itemListElement\":[{\"@type\":\"ListItem\",\"position\":1,\"name\":\"Home\",\"item\":\"https:\\\/\\\/samorin.fara.sk\\\/hu\\\/\"},{\"@type\":\"ListItem\",\"position\":2,\"name\":\"Ak\u00fd m\u00e1 zmysel veri\u0165 v Boha?\"}]},{\"@type\":\"WebSite\",\"@id\":\"https:\\\/\\\/samorin.fara.sk\\\/hu\\\/#website\",\"url\":\"https:\\\/\\\/samorin.fara.sk\\\/hu\\\/\",\"name\":\"Somorjai Nagyboldogasszony Pl\u00e9b\u00e1nia\",\"description\":\"R\u00f3mai Katolikus Egyh\u00e1z, Pozsonyi F\u0151egyh\u00e1zmegye\",\"potentialAction\":[{\"@type\":\"SearchAction\",\"target\":{\"@type\":\"EntryPoint\",\"urlTemplate\":\"https:\\\/\\\/samorin.fara.sk\\\/hu\\\/?s={search_term_string}\"},\"query-input\":{\"@type\":\"PropertyValueSpecification\",\"valueRequired\":true,\"valueName\":\"search_term_string\"}}],\"inLanguage\":\"hu\"}]}<\/script>\n<!-- \/ Yoast SEO plugin. -->","yoast_head_json":{"title":"Mire j\u00f3 hinni Istenben? - Somorjai Nagyboldogasszony Pl\u00e9b\u00e1nia","robots":{"index":"index","follow":"follow","max-snippet":"max-snippet:-1","max-image-preview":"max-image-preview:large","max-video-preview":"max-video-preview:-1"},"canonical":"https:\/\/samorin.fara.sk\/hu\/mire-jo-hinni-istenben\/","og_locale":"hu_HU","og_type":"article","og_title":"Mire j\u00f3 hinni Istenben? - Somorjai Nagyboldogasszony Pl\u00e9b\u00e1nia","og_description":"Van-e \u00e9rtelme hinni Istenben? Nem lehet \u0151t szemmel l\u00e1tni, sem f\u00fcllel hallani, sem \u00e9rz\u00e9kekkel megtapasztalni. A vil\u00e1gban m\u00e9gis vannak dolgok,...","og_url":"https:\/\/samorin.fara.sk\/hu\/mire-jo-hinni-istenben\/","og_site_name":"Somorjai Nagyboldogasszony Pl\u00e9b\u00e1nia","article_modified_time":"2025-07-27T06:10:50+00:00","twitter_card":"summary_large_image","twitter_misc":{"Becs\u00fclt olvas\u00e1si id\u0151":"2 perc"},"schema":{"@context":"https:\/\/schema.org","@graph":[{"@type":"WebPage","@id":"https:\/\/samorin.fara.sk\/hu\/mire-jo-hinni-istenben\/","url":"https:\/\/samorin.fara.sk\/hu\/mire-jo-hinni-istenben\/","name":"Mire j\u00f3 hinni Istenben? - Somorjai Nagyboldogasszony Pl\u00e9b\u00e1nia","isPartOf":{"@id":"https:\/\/samorin.fara.sk\/hu\/#website"},"datePublished":"2019-09-11T06:50:38+00:00","dateModified":"2025-07-27T06:10:50+00:00","breadcrumb":{"@id":"https:\/\/samorin.fara.sk\/hu\/mire-jo-hinni-istenben\/#breadcrumb"},"inLanguage":"hu","potentialAction":[{"@type":"ReadAction","target":[["https:\/\/samorin.fara.sk\/hu\/mire-jo-hinni-istenben\/"]]}]},{"@type":"BreadcrumbList","@id":"https:\/\/samorin.fara.sk\/hu\/mire-jo-hinni-istenben\/#breadcrumb","itemListElement":[{"@type":"ListItem","position":1,"name":"Home","item":"https:\/\/samorin.fara.sk\/hu\/"},{"@type":"ListItem","position":2,"name":"Ak\u00fd m\u00e1 zmysel veri\u0165 v Boha?"}]},{"@type":"WebSite","@id":"https:\/\/samorin.fara.sk\/hu\/#website","url":"https:\/\/samorin.fara.sk\/hu\/","name":"Somorjai Nagyboldogasszony Pl\u00e9b\u00e1nia","description":"R\u00f3mai Katolikus Egyh\u00e1z, Pozsonyi F\u0151egyh\u00e1zmegye","potentialAction":[{"@type":"SearchAction","target":{"@type":"EntryPoint","urlTemplate":"https:\/\/samorin.fara.sk\/hu\/?s={search_term_string}"},"query-input":{"@type":"PropertyValueSpecification","valueRequired":true,"valueName":"search_term_string"}}],"inLanguage":"hu"}]}},"jetpack_sharing_enabled":true,"_links":{"self":[{"href":"https:\/\/samorin.fara.sk\/hu\/wp-json\/wp\/v2\/pages\/2951","targetHints":{"allow":["GET"]}}],"collection":[{"href":"https:\/\/samorin.fara.sk\/hu\/wp-json\/wp\/v2\/pages"}],"about":[{"href":"https:\/\/samorin.fara.sk\/hu\/wp-json\/wp\/v2\/types\/page"}],"author":[{"embeddable":true,"href":"https:\/\/samorin.fara.sk\/hu\/wp-json\/wp\/v2\/users\/3"}],"replies":[{"embeddable":true,"href":"https:\/\/samorin.fara.sk\/hu\/wp-json\/wp\/v2\/comments?post=2951"}],"version-history":[{"count":6,"href":"https:\/\/samorin.fara.sk\/hu\/wp-json\/wp\/v2\/pages\/2951\/revisions"}],"predecessor-version":[{"id":5884,"href":"https:\/\/samorin.fara.sk\/hu\/wp-json\/wp\/v2\/pages\/2951\/revisions\/5884"}],"wp:attachment":[{"href":"https:\/\/samorin.fara.sk\/hu\/wp-json\/wp\/v2\/media?parent=2951"}],"curies":[{"name":"wp","href":"https:\/\/api.w.org\/{rel}","templated":true}]}}