{"id":28,"date":"2015-07-24T11:06:43","date_gmt":"2015-07-24T09:06:43","guid":{"rendered":"http:\/\/samorin.fara.sk\/?page_id=28"},"modified":"2019-08-23T04:18:18","modified_gmt":"2019-08-23T02:18:18","slug":"historia-farnosti","status":"publish","type":"page","link":"https:\/\/samorin.fara.sk\/hu\/historia-farnosti\/","title":{"rendered":"Egyh\u00e1zk\u00f6zs\u00e9g\u00fcnkr\u0151l"},"content":{"rendered":"<p><\/p>\n<p><a href=\"https:\/\/samorin.fara.sk\/hu\/kostol\/\">Templomaink<\/a><\/p>\n<p><a href=\"https:\/\/samorin.fara.sk\/hu\/knazi-vo-farnosti\/\">Lelkip\u00e1sztoraink<\/a><\/p>\n<div dir=\"ltr\">\u00a0<\/div>\n<p style=\"text-align: justify;\">1690 \u2013 ben szerzetesek, paul\u00e1nusok (Paulai Szent Ferenc rendje) j\u00f6nnek Somorj\u00e1ra.<\/p>\n<p style=\"text-align: justify;\">Sz\u00e9cs\u00e9nyi Gy\u00f6rgy esztergomi \u00e9rsek 30,000 forintot adom\u00e1nyoz, hogy kolostort \u00e9s templomot \u00e9p\u00edtsenek.<\/p>\n<p style=\"text-align: justify;\">1722 \u2013 re elk\u00e9sz\u00fclt a\u00a0templom, mely egyhaj\u00f3s \u00e9s a k\u00e9sei barokk \u00e9p\u00edt\u00e9szet kiemelked\u0151 alkot\u00e1sa. 1778 \u2013 ban m\u00e1r a\u00a0fresk\u00f3k \u00e9s olt\u00e1rok is k\u00e9szen vannak. A\u00a0festm\u00e9nyek renesz\u00e1nsz st\u00edlusban k\u00e9sz\u00fcltek a\u00a0spanyol fest\u00e9szeti iskola szerint, f\u0151k\u00e9nt Franz Sigrist alkot\u00e1sai. A presbiterium eg\u00e9sz homlokzati fal\u00e1t elfoglal\u00f3 \u00e9p\u00edt\u00e9szeti kulissza a legjobb min\u0151s\u00e9g\u0171 a fennmaradt illuzion\u00e1lis olt\u00e1r\u00e9p\u00edtm\u00e9nyek k\u00f6z\u00fcl.<\/p>\n<p style=\"text-align: justify;\">A\u00a0szent\u00e9ly mennyezet\u00e9n a\u00a0rendalap\u00edt\u00f3, Paulai Szent Ferenc l\u00e1that\u00f3 a\u00a0francia kir\u00e1ly el\u0151tt. Ugyancsak Paulai Szent Ferenc van a\u00a0haj\u00f3 bal oldal\u00e1n\u00a0\u00a0 szemben a\u00a0jobb oldalon lev\u0151 Szent Antal szoborral.<\/p>\n<p style=\"text-align: justify;\">A\u00a0f\u0151 olt\u00e1r f\u00f6l\u00f6tt a\u00a0templom patr\u00f3nus\u00e1nak, v\u00e9d\u0151szentj\u00e9nek Sz\u0171z M\u00e1ri\u00e1nak gy\u00f6ny\u00f6r\u0171 szobra van elhelyezve. A\u00a0jobb oldali els\u0151 mell\u00e9kolt\u00e1r, Sz\u0171z M\u00e1ria olt\u00e1ra. A\u00a0Sz\u0171z Anya \u00e9s sz\u00fclei, Joachim \u00e9s Anna szobrai disz\u00edtik az olt\u00e1rt.<\/p>\n<p style=\"text-align: justify;\">A jobb oldali m\u00e1sodik olt\u00e1r Szent J\u00f3szef olt\u00e1ra, Szent J\u00f3zsef hatalmas festm\u00e9ny\u00e9vel. A\u00a0J\u00e9zus Sz\u00edve tisztelet bevezet\u00e9sekor a\u00a0k\u00e9p el\u00e9 J\u00e9zus Sz\u00edve szobrot helyeztek. \u012agy ez az olt\u00e1r ma, J\u00e9zus Sz\u00edve olt\u00e1ra. A\u00a0k\u00e9t oldalon\u00a0\u00a0 Szent Flori\u00e1n \u00e9s D\u00f3n\u00e1t szobra l\u00e1that\u00f3.<\/p>\n<p style=\"text-align: justify;\">A\u00a0baloldali els\u0151 olt\u00e1r Nepomuki Szent J\u00e1nos k\u00e9p\u00e9vel, k\u00f6zep\u00e9n egy korona, k\u00e9t oldalt Szent Imre \u00e9s Szent Erzs\u00e9bet szobr\u00e1val, a\u00a0magyar szentek olt\u00e1ra.<\/p>\n<p style=\"text-align: justify;\">A\u00a0bal oldali m\u00e1sodik olt\u00e1r a\u00a0Szent Kereszt olt\u00e1ra \u2013 a hatalmas Golgota k\u00e9ppel. Alatta a\u00a0f\u00e1jdalmas Sz\u0171z Anya szobra, k\u00e9t oldalt Szent Paula \u00e9s Paul\u00edna szobra l\u00e1that\u00f3.\u00a0\u00a0\u00a0\u00a0\u00a0\u00a0\u00a0<\/p>\n<p style=\"text-align: justify;\">A\u00a0haj\u00f3 mennyezet\u00e9nek festm\u00e9nye a\u00a0Sz\u0171z Anya mennybefelv\u00e9tel\u00e9t \u00e1br\u00e1zolja. Ez csak 1929 \u2013 ben a\u00a0templom restuar\u00e1l\u00e1sakor k\u00e9sz\u00fclt, Schurman mesterm\u0171ve. A\u00a0szent\u00e9ly mennyezete F. Sigrist m\u0171ve. II.J\u00f3zsef 1789-ben megsz\u00fcntette Paulai Szent Ferenc rendj\u00e9t. A\u00a0szerzetesek \u00e1tadt\u00e1k a\u00a0templomot \u00e9s a\u00a0kolostort a\u00a0pl\u00e9b\u00e1ni\u00e1nak. Az\u00f3ta ez a\u00a0templom a\u00a0pl\u00e9b\u00e1niatemplom. Az eredeti katolikus templomot megvett\u00e9k a\u00a0reform\u00e1tusok.<\/p>\n<p style=\"text-align: justify;\">A\u00a0templomnak a\u00a0festm\u00e9nyeit 1991 \u2013 93 \u2013 ban restaur\u00e1ltuk.<\/p>\n<p><\/p>","protected":false},"excerpt":{"rendered":"<p>Templomaink Lelkip\u00e1sztoraink \u00a0 1690 \u2013 ben szerzetesek, paul\u00e1nusok (Paulai Szent Ferenc rendje) j\u00f6nnek Somorj\u00e1ra. Sz\u00e9cs\u00e9nyi Gy\u00f6rgy esztergomi \u00e9rsek 30,000 forintot&#8230;<\/p>\n","protected":false},"author":1,"featured_media":0,"parent":0,"menu_order":0,"comment_status":"closed","ping_status":"open","template":"template-full-width-page.php","meta":{"footnotes":""},"class_list":["post-28","page","type-page","status-publish","hentry"],"yoast_head":"<!-- This site is optimized with the Yoast SEO plugin v27.4 - https:\/\/yoast.com\/product\/yoast-seo-wordpress\/ -->\n<title>Egyh\u00e1zk\u00f6zs\u00e9g\u00fcnkr\u0151l - Somorjai Nagyboldogasszony Pl\u00e9b\u00e1nia<\/title>\n<meta name=\"robots\" content=\"index, follow, max-snippet:-1, max-image-preview:large, max-video-preview:-1\" \/>\n<link rel=\"canonical\" href=\"https:\/\/samorin.fara.sk\/hu\/historia-farnosti\/\" \/>\n<meta property=\"og:locale\" content=\"hu_HU\" \/>\n<meta property=\"og:type\" content=\"article\" \/>\n<meta property=\"og:title\" content=\"Egyh\u00e1zk\u00f6zs\u00e9g\u00fcnkr\u0151l - Somorjai Nagyboldogasszony Pl\u00e9b\u00e1nia\" \/>\n<meta property=\"og:description\" content=\"Templomaink Lelkip\u00e1sztoraink \u00a0 1690 \u2013 ben szerzetesek, paul\u00e1nusok (Paulai Szent Ferenc rendje) j\u00f6nnek Somorj\u00e1ra. Sz\u00e9cs\u00e9nyi Gy\u00f6rgy esztergomi \u00e9rsek 30,000 forintot...\" \/>\n<meta property=\"og:url\" content=\"https:\/\/samorin.fara.sk\/hu\/historia-farnosti\/\" \/>\n<meta property=\"og:site_name\" content=\"Somorjai Nagyboldogasszony Pl\u00e9b\u00e1nia\" \/>\n<meta property=\"article:modified_time\" content=\"2019-08-23T02:18:18+00:00\" \/>\n<meta name=\"twitter:card\" content=\"summary_large_image\" \/>\n<meta name=\"twitter:label1\" content=\"Becs\u00fclt olvas\u00e1si id\u0151\" \/>\n\t<meta name=\"twitter:data1\" content=\"2 perc\" \/>\n<script type=\"application\/ld+json\" class=\"yoast-schema-graph\">{\"@context\":\"https:\\\/\\\/schema.org\",\"@graph\":[{\"@type\":\"WebPage\",\"@id\":\"https:\\\/\\\/samorin.fara.sk\\\/hu\\\/historia-farnosti\\\/\",\"url\":\"https:\\\/\\\/samorin.fara.sk\\\/hu\\\/historia-farnosti\\\/\",\"name\":\"Egyh\u00e1zk\u00f6zs\u00e9g\u00fcnkr\u0151l - Somorjai Nagyboldogasszony Pl\u00e9b\u00e1nia\",\"isPartOf\":{\"@id\":\"https:\\\/\\\/samorin.fara.sk\\\/hu\\\/#website\"},\"datePublished\":\"2015-07-24T09:06:43+00:00\",\"dateModified\":\"2019-08-23T02:18:18+00:00\",\"breadcrumb\":{\"@id\":\"https:\\\/\\\/samorin.fara.sk\\\/hu\\\/historia-farnosti\\\/#breadcrumb\"},\"inLanguage\":\"hu\",\"potentialAction\":[{\"@type\":\"ReadAction\",\"target\":[[\"https:\\\/\\\/samorin.fara.sk\\\/hu\\\/historia-farnosti\\\/\"]]}]},{\"@type\":\"BreadcrumbList\",\"@id\":\"https:\\\/\\\/samorin.fara.sk\\\/hu\\\/historia-farnosti\\\/#breadcrumb\",\"itemListElement\":[{\"@type\":\"ListItem\",\"position\":1,\"name\":\"Home\",\"item\":\"https:\\\/\\\/samorin.fara.sk\\\/hu\\\/\"},{\"@type\":\"ListItem\",\"position\":2,\"name\":\"Egyh\u00e1zk\u00f6zs\u00e9g\u00fcnkr\u0151l\"}]},{\"@type\":\"WebSite\",\"@id\":\"https:\\\/\\\/samorin.fara.sk\\\/hu\\\/#website\",\"url\":\"https:\\\/\\\/samorin.fara.sk\\\/hu\\\/\",\"name\":\"Somorjai Nagyboldogasszony Pl\u00e9b\u00e1nia\",\"description\":\"R\u00f3mai Katolikus Egyh\u00e1z, Pozsonyi F\u0151egyh\u00e1zmegye\",\"potentialAction\":[{\"@type\":\"SearchAction\",\"target\":{\"@type\":\"EntryPoint\",\"urlTemplate\":\"https:\\\/\\\/samorin.fara.sk\\\/hu\\\/?s={search_term_string}\"},\"query-input\":{\"@type\":\"PropertyValueSpecification\",\"valueRequired\":true,\"valueName\":\"search_term_string\"}}],\"inLanguage\":\"hu\"}]}<\/script>\n<!-- \/ Yoast SEO plugin. -->","yoast_head_json":{"title":"Egyh\u00e1zk\u00f6zs\u00e9g\u00fcnkr\u0151l - Somorjai Nagyboldogasszony Pl\u00e9b\u00e1nia","robots":{"index":"index","follow":"follow","max-snippet":"max-snippet:-1","max-image-preview":"max-image-preview:large","max-video-preview":"max-video-preview:-1"},"canonical":"https:\/\/samorin.fara.sk\/hu\/historia-farnosti\/","og_locale":"hu_HU","og_type":"article","og_title":"Egyh\u00e1zk\u00f6zs\u00e9g\u00fcnkr\u0151l - Somorjai Nagyboldogasszony Pl\u00e9b\u00e1nia","og_description":"Templomaink Lelkip\u00e1sztoraink \u00a0 1690 \u2013 ben szerzetesek, paul\u00e1nusok (Paulai Szent Ferenc rendje) j\u00f6nnek Somorj\u00e1ra. Sz\u00e9cs\u00e9nyi Gy\u00f6rgy esztergomi \u00e9rsek 30,000 forintot...","og_url":"https:\/\/samorin.fara.sk\/hu\/historia-farnosti\/","og_site_name":"Somorjai Nagyboldogasszony Pl\u00e9b\u00e1nia","article_modified_time":"2019-08-23T02:18:18+00:00","twitter_card":"summary_large_image","twitter_misc":{"Becs\u00fclt olvas\u00e1si id\u0151":"2 perc"},"schema":{"@context":"https:\/\/schema.org","@graph":[{"@type":"WebPage","@id":"https:\/\/samorin.fara.sk\/hu\/historia-farnosti\/","url":"https:\/\/samorin.fara.sk\/hu\/historia-farnosti\/","name":"Egyh\u00e1zk\u00f6zs\u00e9g\u00fcnkr\u0151l - Somorjai Nagyboldogasszony Pl\u00e9b\u00e1nia","isPartOf":{"@id":"https:\/\/samorin.fara.sk\/hu\/#website"},"datePublished":"2015-07-24T09:06:43+00:00","dateModified":"2019-08-23T02:18:18+00:00","breadcrumb":{"@id":"https:\/\/samorin.fara.sk\/hu\/historia-farnosti\/#breadcrumb"},"inLanguage":"hu","potentialAction":[{"@type":"ReadAction","target":[["https:\/\/samorin.fara.sk\/hu\/historia-farnosti\/"]]}]},{"@type":"BreadcrumbList","@id":"https:\/\/samorin.fara.sk\/hu\/historia-farnosti\/#breadcrumb","itemListElement":[{"@type":"ListItem","position":1,"name":"Home","item":"https:\/\/samorin.fara.sk\/hu\/"},{"@type":"ListItem","position":2,"name":"Egyh\u00e1zk\u00f6zs\u00e9g\u00fcnkr\u0151l"}]},{"@type":"WebSite","@id":"https:\/\/samorin.fara.sk\/hu\/#website","url":"https:\/\/samorin.fara.sk\/hu\/","name":"Somorjai Nagyboldogasszony Pl\u00e9b\u00e1nia","description":"R\u00f3mai Katolikus Egyh\u00e1z, Pozsonyi F\u0151egyh\u00e1zmegye","potentialAction":[{"@type":"SearchAction","target":{"@type":"EntryPoint","urlTemplate":"https:\/\/samorin.fara.sk\/hu\/?s={search_term_string}"},"query-input":{"@type":"PropertyValueSpecification","valueRequired":true,"valueName":"search_term_string"}}],"inLanguage":"hu"}]}},"jetpack_sharing_enabled":true,"_links":{"self":[{"href":"https:\/\/samorin.fara.sk\/hu\/wp-json\/wp\/v2\/pages\/28","targetHints":{"allow":["GET"]}}],"collection":[{"href":"https:\/\/samorin.fara.sk\/hu\/wp-json\/wp\/v2\/pages"}],"about":[{"href":"https:\/\/samorin.fara.sk\/hu\/wp-json\/wp\/v2\/types\/page"}],"author":[{"embeddable":true,"href":"https:\/\/samorin.fara.sk\/hu\/wp-json\/wp\/v2\/users\/1"}],"replies":[{"embeddable":true,"href":"https:\/\/samorin.fara.sk\/hu\/wp-json\/wp\/v2\/comments?post=28"}],"version-history":[{"count":15,"href":"https:\/\/samorin.fara.sk\/hu\/wp-json\/wp\/v2\/pages\/28\/revisions"}],"predecessor-version":[{"id":2615,"href":"https:\/\/samorin.fara.sk\/hu\/wp-json\/wp\/v2\/pages\/28\/revisions\/2615"}],"wp:attachment":[{"href":"https:\/\/samorin.fara.sk\/hu\/wp-json\/wp\/v2\/media?parent=28"}],"curies":[{"name":"wp","href":"https:\/\/api.w.org\/{rel}","templated":true}]}}