{"id":2509,"date":"2019-08-22T05:48:10","date_gmt":"2019-08-22T03:48:10","guid":{"rendered":"https:\/\/samorin.fara.sk\/?page_id=2509"},"modified":"2019-08-24T06:24:23","modified_gmt":"2019-08-24T04:24:23","slug":"katolicka-nauka","status":"publish","type":"page","link":"https:\/\/samorin.fara.sk\/hu\/katolicka-nauka\/","title":{"rendered":"Katolikus hittan"},"content":{"rendered":"<p><\/p>\n<ul>\n<li><a href=\"#Foigazsagok\"><span style=\"font-family: arial, helvetica, sans-serif;\"><strong>F\u0151igazs\u00e1gok<\/strong><\/span><\/a><\/li>\n<li><a href=\"#IstenTizparancsolata\"><span style=\"font-family: arial, helvetica, sans-serif;\"><strong>Isten t\u00edzparancsolata<\/strong><\/span><\/a><\/li>\n<li><a href=\"#AzAnyaszentegyhazOtparancsolata\"><span style=\"font-family: arial, helvetica, sans-serif;\"><strong>Az Anyaszentegyh\u00e1z \u00f6tparancsolata<\/strong><\/span><\/a><\/li>\n<li><a href=\"#AhetSzentseg\"><span style=\"font-family: arial, helvetica, sans-serif;\"><strong>A h\u00e9t szents\u00e9g<\/strong><\/span><\/a><\/li>\n<li><a href=\"#AzIsteniErenyek\"><span style=\"font-family: arial, helvetica, sans-serif;\"><strong>Az isteni er\u00e9nyek<\/strong><\/span><\/a><\/li>\n<li><a href=\"#AnegySarkalatosEreny\"><span style=\"font-family: arial, helvetica, sans-serif;\"><strong>A n\u00e9gy sarkalatos er\u00e9ny<\/strong><\/span><\/a><\/li>\n<li><a href=\"#ASzentlelekHetAjandeka\"><span style=\"font-family: arial, helvetica, sans-serif;\"><strong>A Szentl\u00e9lek h\u00e9t aj\u00e1nd\u00e9ka<\/strong><\/span><\/a><\/li>\n<li><a href=\"#AzIrgalmassagTestiCselekedetei\"><span style=\"font-family: arial, helvetica, sans-serif;\"><strong>Az irgalmass\u00e1g testi cselekedetei<\/strong><\/span><\/a><\/li>\n<li><a href=\"#AzIrgalmassagLelkiCselekedetei\"><span style=\"font-family: arial, helvetica, sans-serif;\"><strong>Az irgalmass\u00e1g lelki cselekedetei<\/strong><\/span><\/a><\/li>\n<li><a href=\"#AhetFobun\"><span style=\"font-family: arial, helvetica, sans-serif;\"><strong>A h\u00e9t f\u0151b\u0171n<\/strong><\/span><\/a><\/li>\n<li><a href=\"#ASzentlelekElleniBunok\"><span style=\"font-family: arial, helvetica, sans-serif;\"><strong>A Szentl\u00e9lek elleni b\u0171n\u00f6k<\/strong><\/span><\/a><\/li>\n<li><a href=\"#EgbekialtoBunok\"><span style=\"font-family: arial, helvetica, sans-serif;\"><strong>\u00c9gbeki\u00e1lt\u00f3 b\u0171n\u00f6k<\/strong><\/span><\/a><\/li>\n<li><span style=\"font-family: arial, helvetica, sans-serif;\"><strong><a id=\"Foigazsagok\" style=\"color: #000080;\"><\/a><a href=\"#IdegenBunok\">Idegen b\u0171n\u00f6k<\/a><\/strong><\/span><\/li>\n<li><a href=\"#AzEgyhazParancsoltUnnepnapjai\"><span style=\"font-family: arial, helvetica, sans-serif;\"><strong>Az Egyh\u00e1z parancsolt \u00fcnnepnapjai<\/strong><\/span><\/a><\/li>\n<\/ul>\n<hr \/>\n<p><span style=\"font-family: arial, helvetica, sans-serif; color: #000080; font-size: 20px;\"><strong>F\u0151igazs\u00e1gok<\/strong><\/span><\/p>\n<ol>\n<li>Egy Isten van, az egy Isten h\u00e1rom szem\u00e9ly: az Atya, a Fi\u00fa \u00e9s a Szentl\u00e9lek.<\/li>\n<li>A Fi\u00faisten emberr\u00e9 lett, hogy minket \u00e9let\u00e9vel, hal\u00e1l\u00e1val \u00e9s felt\u00e1mad\u00e1s\u00e1val megv\u00e1ltson \u00e9s \u00fcdv\u00f6z\u00edtsen.<\/li>\n<li>Isten igazs\u00e1gos: a j\u00f3kat megjutalmazza \u00e9s a gonoszokat megb\u00fcnteti.<\/li>\n<li>Az ember lelke halhatatlan.<\/li>\n<li><a id=\"IstenTizparancsolata\"><\/a>Isten kegyelme az \u00fcdv\u00f6ss\u00e9gre sz\u00fcks\u00e9ges.<\/li>\n<li>A Fi\u00faisten tan\u00edt\u00e1s\u00e1t \u00e9s h\u00edvei vezet\u00e9s\u00e9t az Anyaszentegyh\u00e1zra b\u00edzta, amelynek fej\u00e9v\u00e9 a p\u00e1p\u00e1t rendelte.<\/li>\n<\/ol>\n<hr \/>\n<p><span style=\"font-family: arial, helvetica, sans-serif; color: #000080; font-size: 20px;\"><strong>Isten t\u00edzparancsolata<\/strong><\/span><\/p>\n<ol>\n<li>Uradat, Istenedet im\u00e1dd, \u00e9s csak neki szolg\u00e1lj!<\/li>\n<li>Isten nev\u00e9t hi\u00e1ba ne vedd!<\/li>\n<li>Az \u00dar napj\u00e1t szenteld meg!<\/li>\n<li>Aty\u00e1dat \u00e9s any\u00e1dat tiszteld!<\/li>\n<li>Ne \u00f6lj!<\/li>\n<li>Ne par\u00e1zn\u00e1lkodj!<\/li>\n<li>Ne lopj!<\/li>\n<li>Ne hazudj, \u00e9s m\u00e1sok becs\u00fclet\u00e9ben k\u00e1rt ne t\u00e9gy!<\/li>\n<li><a id=\"AzAnyaszentegyhazOtparancsolata\"><\/a>Felebar\u00e1tod h\u00e1zast\u00e1rs\u00e1t ne k\u00edv\u00e1nd!<\/li>\n<li>M\u00e1sok tulajdon\u00e1t ne k\u00edv\u00e1nd!<\/li>\n<\/ol>\n<hr \/>\n<p><span style=\"color: #000080; font-size: 20px; font-family: arial, helvetica, sans-serif;\"><strong>Az Anyaszentegyh\u00e1z \u00f6tparancsolata<\/strong><\/span><\/p>\n<ol>\n<li>A vas\u00e1rnapot \u00e9s a parancsolt egyh\u00e1zi \u00fcnnepeket szentmis\u00e9vel \u00e9s munkasz\u00fcnettel szenteld meg!<\/li>\n<li>A p\u00e9nteki b\u0171nb\u00e1nati napokat \u00e9s a parancsolt b\u00f6jt\u00f6ket tartsd meg!<\/li>\n<li>\u00c9vente gy\u00f3nj\u00e1l, \u00e9s legal\u00e1bb a h\u00fasv\u00e9ti id\u0151ben \u00e1ldozz meg!<\/li>\n<li><a id=\"AhetSzentseg\"><\/a>H\u00e1zass\u00e1godat az Egyh\u00e1z t\u00f6rv\u00e9nyei szerint k\u00f6sd meg, \u00e9s gyermekeidet katolikus m\u00f3don neveld!<\/li>\n<li>Az Egyh\u00e1zat anyagi hozz\u00e1j\u00e1rul\u00e1soddal is t\u00e1mogasd!<\/li>\n<\/ol>\n<hr \/>\n<p><span style=\"font-family: arial, helvetica, sans-serif; font-size: 20px; color: #000080;\"><strong>A h\u00e9t szents\u00e9g<\/strong><\/span><\/p>\n<ol>\n<li>A kereszts\u00e9g.<\/li>\n<li>A b\u00e9rm\u00e1l\u00e1s.<\/li>\n<li>Az Olt\u00e1riszents\u00e9g.<\/li>\n<li>A b\u0171nb\u00e1nat szents\u00e9ge.<\/li>\n<li>A betegek kenete.<\/li>\n<li><a id=\"AzIsteniErenyek\"><\/a>Az egyh\u00e1zi rend.<\/li>\n<li>A h\u00e1zass\u00e1g.<\/li>\n<\/ol>\n<hr \/>\n<p><span style=\"font-family: arial, helvetica, sans-serif; font-size: 20px; color: #000080;\"><strong>Az isteni er\u00e9nyek<\/strong><\/span><\/p>\n<ol>\n<li>Hit.<\/li>\n<li><a id=\"AnegySarkalatosEreny\"><\/a>Rem\u00e9ny.<\/li>\n<li>Szeretet.<\/li>\n<\/ol>\n<hr \/>\n<p><span style=\"font-family: arial, helvetica, sans-serif; color: #000080; font-size: 20px;\"><strong>A n\u00e9gy sarkalatos er\u00e9ny<\/strong><\/span><\/p>\n<ol>\n<li>Okoss\u00e1g.<\/li>\n<li>Igazs\u00e1goss\u00e1g.<\/li>\n<li><a id=\"ASzentlelekHetAjandeka\"><\/a>Lelki er\u0151ss\u00e9g.<\/li>\n<li>M\u00e9rt\u00e9kletess\u00e9g.<\/li>\n<\/ol>\n<hr \/>\n<p><span style=\"color: #000080; font-family: arial, helvetica, sans-serif; font-size: 20px;\"><strong>A Szentl\u00e9lek h\u00e9t aj\u00e1nd\u00e9ka<\/strong><\/span><\/p>\n<ol>\n<li>B\u00f6lcsess\u00e9g.<\/li>\n<li>\u00c9rtelem.<\/li>\n<li>J\u00f3tan\u00e1cs.<\/li>\n<li>Tudom\u00e1ny.<\/li>\n<li>Lelki er\u0151ss\u00e9g.<\/li>\n<li><a id=\"AzIrgalmassagTestiCselekedetei\"><\/a>J\u00e1mbors\u00e1g.<\/li>\n<li>Istenf\u00e9lelem.<\/li>\n<\/ol>\n<hr \/>\n<p><span style=\"font-size: 20px; font-family: arial, helvetica, sans-serif; color: #000080;\"><strong>Az irgalmass\u00e1g testi cselekedetei<\/strong><\/span><\/p>\n<ol>\n<li>Az \u00e9hez\u0151knek \u00e9telt adni.<\/li>\n<li>A szomjaz\u00f3knak italt adni.<\/li>\n<li>A szeg\u00e9nyeket ruh\u00e1zni.<\/li>\n<li>Az utasoknak sz\u00e1ll\u00e1st adni.<\/li>\n<li>A betegeket l\u00e1togatni.<\/li>\n<li><a id=\"AzIrgalmassagLelkiCselekedetei\"><\/a>A b\u00f6rt\u00f6nben l\u00e9v\u0151ket l\u00e1togatni.<\/li>\n<li>A halottakat eltemetni.<\/li>\n<\/ol>\n<hr \/>\n<p><span style=\"font-family: arial, helvetica, sans-serif; font-size: 20px; color: #000080;\"><strong>Az irgalmass\u00e1g lelki cselekedetei<\/strong><\/span><\/p>\n<ol>\n<li>A b\u0171n\u00f6s\u00f6ket meginteni.<\/li>\n<li>A tudatlanokat tan\u00edtani.<\/li>\n<li>A k\u00e9telked\u0151knek j\u00f3 tan\u00e1csot adni.<\/li>\n<li>A szomor\u00faakat vigasztalni.<\/li>\n<li>A b\u00e1ntalmakat b\u00e9k\u00e9vel t\u0171rni.<\/li>\n<li><a id=\"AhetFobun\"><\/a>Az ellen\u00fcnk v\u00e9tkez\u0151knek megbocs\u00e1tani.<\/li>\n<li>\u00c9l\u0151k\u00e9rt \u00e9s holtak\u00e9rt im\u00e1dkozni.<\/li>\n<\/ol>\n<hr \/>\n<p><span style=\"color: #000080; font-family: arial, helvetica, sans-serif; font-size: 20px;\"><strong>A h\u00e9t f\u0151b\u0171n<\/strong><\/span><\/p>\n<ol>\n<li>Kev\u00e9lys\u00e9g.<\/li>\n<li>F\u00f6sv\u00e9nys\u00e9g.<\/li>\n<li>Bujas\u00e1g.<\/li>\n<li>Irigys\u00e9g.<\/li>\n<li>Torkoss\u00e1g.<\/li>\n<li><a id=\"ASzentlelekElleniBunok\"><\/a>Harag.<\/li>\n<li>J\u00f3ra val\u00f3 rests\u00e9g.<\/li>\n<\/ol>\n<hr \/>\n<p><span style=\"color: #000080; font-size: 20px; font-family: arial, helvetica, sans-serif;\"><strong>A Szentl\u00e9lek elleni b\u0171n\u00f6k<\/strong><\/span><\/p>\n<ol>\n<li>Isten irgalmass\u00e1g\u00e1ban vakmer\u0151en bizakodni.<\/li>\n<li>K\u00e9ts\u00e9gbeesni Isten kegyelme fel\u0151l.<\/li>\n<li>A megismert igazs\u00e1g ellen tusakodni.<\/li>\n<li>Isten kegyelm\u00e9t m\u00e1sokt\u00f3l irigyelni.<\/li>\n<li><a id=\"EgbekialtoBunok\"><\/a>\u00dcdv\u00f6s figyelmeztet\u00e9sek ellen\u00e9re a b\u0171n\u00f6kben meg\u00e1talkodni.<\/li>\n<li>A b\u0171n\u00f6ket mindhal\u00e1lig meg nem b\u00e1nni.<\/li>\n<\/ol>\n<hr \/>\n<p><span style=\"font-family: arial, helvetica, sans-serif; font-size: 20px; color: #000080;\"><strong>\u00c9gbeki\u00e1lt\u00f3 b\u0171n\u00f6k<\/strong><\/span><\/p>\n<ol>\n<li>A sz\u00e1nd\u00e9kos gyilkoss\u00e1g.<\/li>\n<li>Term\u00e9szetellenes szexu\u00e1lis tettek.<\/li>\n<li>A n\u00e9pelnyom\u00e1s.<\/li>\n<li><a id=\"IdegenBunok\"><\/a>Az \u00f6zvegyek \u00e9s \u00e1rv\u00e1k sanyargat\u00e1sa.<\/li>\n<li>A munk\u00e1s megszolg\u00e1lt b\u00e9r\u00e9nek megtagad\u00e1sa.<\/li>\n<\/ol>\n<hr \/>\n<p><span style=\"font-family: arial, helvetica, sans-serif; font-size: 20px; color: #000080;\"><strong>Idegen b\u0171n\u00f6k<\/strong><\/span><\/p>\n<ol>\n<li>M\u00e1snak b\u0171nre tan\u00e1csot adni.<\/li>\n<li>M\u00e1snak b\u0171n\u00f6s dolgot parancsolni.<\/li>\n<li>V\u00e9tekben m\u00e1ssal egyet\u00e9rteni.<\/li>\n<li>M\u00e1st b\u0171nre ingerelni.<\/li>\n<li>M\u00e1snak b\u0171n\u00f6s cselekedet\u00e9t dics\u00e9rni.<\/li>\n<li><a id=\"AzEgyhazParancsoltUnnepnapjai\"><\/a>M\u00e1snak b\u0171n\u00e9t eln\u00e9zni vagy elhallgatni.<\/li>\n<li>M\u00e1s b\u0171n\u00e9t el\u0151seg\u00edteni vagy oltalmazni.<\/li>\n<\/ol>\n<hr \/>\n<p><span style=\"font-family: arial, helvetica, sans-serif; font-size: 20px; color: #000080;\"><strong>Az Egyh\u00e1z parancsolt \u00fcnnepnapjai<\/strong><\/span><\/p>\n<ul>\n<li>Sz\u0171z M\u00e1ria, Isten anyja (janu\u00e1r 1.)<\/li>\n<li>Urunk megjelen\u00e9se (janu\u00e1r 6.)<\/li>\n<li>Urunk mennybemenetele (\u00e1ldoz\u00f3cs\u00fct\u00f6rt\u00f6k)<\/li>\n<li>Krisztus Szent Teste \u00e9s V\u00e9re (\u00farnapja)<\/li>\n<li>Szent P\u00e9ter \u00e9s Szent P\u00e1l apostolok (j\u00fanius 29.)<\/li>\n<li>Sz\u0171z M\u00e1ria mennybev\u00e9tele (augusztus 15.)<\/li>\n<li>Mindenszentek (november 1.)<\/li>\n<li>Sz\u0171z M\u00e1ria szepl\u0151telen fogantat\u00e1sa (december 8.)<\/li>\n<li>Urunk sz\u00fclet\u00e9se (december 25.)<\/li>\n<\/ul>\n<p><\/p>","protected":false},"excerpt":{"rendered":"<p>F\u0151igazs\u00e1gok Isten t\u00edzparancsolata Az Anyaszentegyh\u00e1z \u00f6tparancsolata A h\u00e9t szents\u00e9g Az isteni er\u00e9nyek A n\u00e9gy sarkalatos er\u00e9ny A Szentl\u00e9lek h\u00e9t aj\u00e1nd\u00e9ka&#8230;<\/p>\n","protected":false},"author":3,"featured_media":0,"parent":0,"menu_order":0,"comment_status":"closed","ping_status":"closed","template":"template-full-width-page.php","meta":{"footnotes":""},"class_list":["post-2509","page","type-page","status-publish","hentry"],"yoast_head":"<!-- This site is optimized with the Yoast SEO plugin v27.4 - https:\/\/yoast.com\/product\/yoast-seo-wordpress\/ -->\n<title>Katolikus hittan - Somorjai Nagyboldogasszony Pl\u00e9b\u00e1nia<\/title>\n<meta name=\"robots\" content=\"index, follow, max-snippet:-1, max-image-preview:large, max-video-preview:-1\" \/>\n<link rel=\"canonical\" href=\"https:\/\/samorin.fara.sk\/hu\/katolicka-nauka\/\" \/>\n<meta property=\"og:locale\" content=\"hu_HU\" \/>\n<meta property=\"og:type\" content=\"article\" \/>\n<meta property=\"og:title\" content=\"Katolikus hittan - Somorjai Nagyboldogasszony Pl\u00e9b\u00e1nia\" \/>\n<meta property=\"og:description\" content=\"F\u0151igazs\u00e1gok Isten t\u00edzparancsolata Az Anyaszentegyh\u00e1z \u00f6tparancsolata A h\u00e9t szents\u00e9g Az isteni er\u00e9nyek A n\u00e9gy sarkalatos er\u00e9ny A Szentl\u00e9lek h\u00e9t aj\u00e1nd\u00e9ka...\" \/>\n<meta property=\"og:url\" content=\"https:\/\/samorin.fara.sk\/hu\/katolicka-nauka\/\" \/>\n<meta property=\"og:site_name\" content=\"Somorjai Nagyboldogasszony Pl\u00e9b\u00e1nia\" \/>\n<meta property=\"article:modified_time\" content=\"2019-08-24T04:24:23+00:00\" \/>\n<meta name=\"twitter:card\" content=\"summary_large_image\" \/>\n<meta name=\"twitter:label1\" content=\"Becs\u00fclt olvas\u00e1si id\u0151\" \/>\n\t<meta name=\"twitter:data1\" content=\"7 perc\" \/>\n<script type=\"application\/ld+json\" class=\"yoast-schema-graph\">{\"@context\":\"https:\\\/\\\/schema.org\",\"@graph\":[{\"@type\":\"WebPage\",\"@id\":\"https:\\\/\\\/samorin.fara.sk\\\/hu\\\/katolicka-nauka\\\/\",\"url\":\"https:\\\/\\\/samorin.fara.sk\\\/hu\\\/katolicka-nauka\\\/\",\"name\":\"Katolikus hittan - Somorjai Nagyboldogasszony Pl\u00e9b\u00e1nia\",\"isPartOf\":{\"@id\":\"https:\\\/\\\/samorin.fara.sk\\\/hu\\\/#website\"},\"datePublished\":\"2019-08-22T03:48:10+00:00\",\"dateModified\":\"2019-08-24T04:24:23+00:00\",\"breadcrumb\":{\"@id\":\"https:\\\/\\\/samorin.fara.sk\\\/hu\\\/katolicka-nauka\\\/#breadcrumb\"},\"inLanguage\":\"hu\",\"potentialAction\":[{\"@type\":\"ReadAction\",\"target\":[[\"https:\\\/\\\/samorin.fara.sk\\\/hu\\\/katolicka-nauka\\\/\"]]}]},{\"@type\":\"BreadcrumbList\",\"@id\":\"https:\\\/\\\/samorin.fara.sk\\\/hu\\\/katolicka-nauka\\\/#breadcrumb\",\"itemListElement\":[{\"@type\":\"ListItem\",\"position\":1,\"name\":\"Home\",\"item\":\"https:\\\/\\\/samorin.fara.sk\\\/hu\\\/\"},{\"@type\":\"ListItem\",\"position\":2,\"name\":\"Katolikus hittan\"}]},{\"@type\":\"WebSite\",\"@id\":\"https:\\\/\\\/samorin.fara.sk\\\/hu\\\/#website\",\"url\":\"https:\\\/\\\/samorin.fara.sk\\\/hu\\\/\",\"name\":\"Somorjai Nagyboldogasszony Pl\u00e9b\u00e1nia\",\"description\":\"R\u00f3mai Katolikus Egyh\u00e1z, Pozsonyi F\u0151egyh\u00e1zmegye\",\"potentialAction\":[{\"@type\":\"SearchAction\",\"target\":{\"@type\":\"EntryPoint\",\"urlTemplate\":\"https:\\\/\\\/samorin.fara.sk\\\/hu\\\/?s={search_term_string}\"},\"query-input\":{\"@type\":\"PropertyValueSpecification\",\"valueRequired\":true,\"valueName\":\"search_term_string\"}}],\"inLanguage\":\"hu\"}]}<\/script>\n<!-- \/ Yoast SEO plugin. -->","yoast_head_json":{"title":"Katolikus hittan - Somorjai Nagyboldogasszony Pl\u00e9b\u00e1nia","robots":{"index":"index","follow":"follow","max-snippet":"max-snippet:-1","max-image-preview":"max-image-preview:large","max-video-preview":"max-video-preview:-1"},"canonical":"https:\/\/samorin.fara.sk\/hu\/katolicka-nauka\/","og_locale":"hu_HU","og_type":"article","og_title":"Katolikus hittan - Somorjai Nagyboldogasszony Pl\u00e9b\u00e1nia","og_description":"F\u0151igazs\u00e1gok Isten t\u00edzparancsolata Az Anyaszentegyh\u00e1z \u00f6tparancsolata A h\u00e9t szents\u00e9g Az isteni er\u00e9nyek A n\u00e9gy sarkalatos er\u00e9ny A Szentl\u00e9lek h\u00e9t aj\u00e1nd\u00e9ka...","og_url":"https:\/\/samorin.fara.sk\/hu\/katolicka-nauka\/","og_site_name":"Somorjai Nagyboldogasszony Pl\u00e9b\u00e1nia","article_modified_time":"2019-08-24T04:24:23+00:00","twitter_card":"summary_large_image","twitter_misc":{"Becs\u00fclt olvas\u00e1si id\u0151":"7 perc"},"schema":{"@context":"https:\/\/schema.org","@graph":[{"@type":"WebPage","@id":"https:\/\/samorin.fara.sk\/hu\/katolicka-nauka\/","url":"https:\/\/samorin.fara.sk\/hu\/katolicka-nauka\/","name":"Katolikus hittan - Somorjai Nagyboldogasszony Pl\u00e9b\u00e1nia","isPartOf":{"@id":"https:\/\/samorin.fara.sk\/hu\/#website"},"datePublished":"2019-08-22T03:48:10+00:00","dateModified":"2019-08-24T04:24:23+00:00","breadcrumb":{"@id":"https:\/\/samorin.fara.sk\/hu\/katolicka-nauka\/#breadcrumb"},"inLanguage":"hu","potentialAction":[{"@type":"ReadAction","target":[["https:\/\/samorin.fara.sk\/hu\/katolicka-nauka\/"]]}]},{"@type":"BreadcrumbList","@id":"https:\/\/samorin.fara.sk\/hu\/katolicka-nauka\/#breadcrumb","itemListElement":[{"@type":"ListItem","position":1,"name":"Home","item":"https:\/\/samorin.fara.sk\/hu\/"},{"@type":"ListItem","position":2,"name":"Katolikus hittan"}]},{"@type":"WebSite","@id":"https:\/\/samorin.fara.sk\/hu\/#website","url":"https:\/\/samorin.fara.sk\/hu\/","name":"Somorjai Nagyboldogasszony Pl\u00e9b\u00e1nia","description":"R\u00f3mai Katolikus Egyh\u00e1z, Pozsonyi F\u0151egyh\u00e1zmegye","potentialAction":[{"@type":"SearchAction","target":{"@type":"EntryPoint","urlTemplate":"https:\/\/samorin.fara.sk\/hu\/?s={search_term_string}"},"query-input":{"@type":"PropertyValueSpecification","valueRequired":true,"valueName":"search_term_string"}}],"inLanguage":"hu"}]}},"jetpack_sharing_enabled":true,"_links":{"self":[{"href":"https:\/\/samorin.fara.sk\/hu\/wp-json\/wp\/v2\/pages\/2509","targetHints":{"allow":["GET"]}}],"collection":[{"href":"https:\/\/samorin.fara.sk\/hu\/wp-json\/wp\/v2\/pages"}],"about":[{"href":"https:\/\/samorin.fara.sk\/hu\/wp-json\/wp\/v2\/types\/page"}],"author":[{"embeddable":true,"href":"https:\/\/samorin.fara.sk\/hu\/wp-json\/wp\/v2\/users\/3"}],"replies":[{"embeddable":true,"href":"https:\/\/samorin.fara.sk\/hu\/wp-json\/wp\/v2\/comments?post=2509"}],"version-history":[{"count":16,"href":"https:\/\/samorin.fara.sk\/hu\/wp-json\/wp\/v2\/pages\/2509\/revisions"}],"predecessor-version":[{"id":2699,"href":"https:\/\/samorin.fara.sk\/hu\/wp-json\/wp\/v2\/pages\/2509\/revisions\/2699"}],"wp:attachment":[{"href":"https:\/\/samorin.fara.sk\/hu\/wp-json\/wp\/v2\/media?parent=2509"}],"curies":[{"name":"wp","href":"https:\/\/api.w.org\/{rel}","templated":true}]}}