{"id":2506,"date":"2019-08-22T05:37:51","date_gmt":"2019-08-22T03:37:51","guid":{"rendered":"https:\/\/samorin.fara.sk\/?page_id=2506"},"modified":"2019-08-24T06:46:16","modified_gmt":"2019-08-24T04:46:16","slug":"zakladne-modlitby","status":"publish","type":"page","link":"https:\/\/samorin.fara.sk\/hu\/zakladne-modlitby\/","title":{"rendered":"Alapvet\u0151 im\u00e1ds\u00e1gok"},"content":{"rendered":"<p><\/p>\n<ul style=\"list-style-type: disc;\">\n<li><a href=\"#AkatolikusKoszontes\"><span style=\"font-family: arial, helvetica, sans-serif;\"><strong>A katolikus k\u00f6sz\u00f6nt\u00e9s<\/strong><\/span><\/a><\/li>\n<li><a href=\"#Keresztvetes\"><span style=\"font-family: arial, helvetica, sans-serif;\"><strong>Keresztvet\u00e9s<\/strong><\/span><\/a><\/li>\n<li><a href=\"#AzUrImaja\"><span style=\"font-family: arial, helvetica, sans-serif;\"><strong>Az \u00dar im\u00e1ja (Miaty\u00e1nk)<\/strong><\/span><\/a><\/li>\n<li><a href=\"#AzAngyaliUdvozlet\"><span style=\"font-family: arial, helvetica, sans-serif;\"><strong>Az angyali \u00fcdv\u00f6zlet (\u00dcdv\u00f6zl\u00e9gy)<\/strong><\/span><\/a><\/li>\n<li><span style=\"font-family: arial, helvetica, sans-serif;\"><strong><a id=\"AkatolikusKoszontes\" style=\"color: #993300;\"><\/a><a href=\"#ASzentharomsagDicsoitese\">A Szenth\u00e1roms\u00e1g dics\u0151\u00edt\u00e9se (Dics\u0151s\u00e9g)<\/a><br \/>\n<\/strong><\/span><\/li>\n<li><strong><a href=\"#AzApostoliHitvallas\">Az apostoli hitvall\u00e1s (Hiszekegy)<\/a><\/strong><\/li>\n<li><span style=\"font-family: arial, helvetica, sans-serif;\"><strong><a href=\"#AzUrAngyala\">Az \u00dar angyala<\/a><\/strong><\/span><\/li>\n<\/ul>\n<hr \/>\n<p><span style=\"font-size: 20px; color: #000080; font-family: arial, helvetica, sans-serif;\"><strong><a id=\"Keresztvetes\"><\/a>A katolikus k\u00f6sz\u00f6nt\u00e9s<\/strong><\/span><\/p>\n<p>Dics\u00e9rtess\u00e9k a J\u00e9zus Krisztus.<\/p>\n<p>Mind\u00f6r\u00f6kk\u00e9. \u00c1men.<\/p>\n<hr \/>\n<p><span style=\"font-size: 20px; color: #000080; font-family: arial, helvetica, sans-serif;\"><strong><a id=\"AzUrImaja\"><\/a>Keresztvet\u00e9s<\/strong><\/span><\/p>\n<p>Az Atya, a Fi\u00fa \u00e9s a Szentl\u00e9lek nev\u00e9ben. \u00c1men.<\/p>\n<hr \/>\n<p><span style=\"font-size: 20px; color: #000080; font-family: arial, helvetica, sans-serif;\"><strong>Az \u00dar im\u00e1ja (Miaty\u00e1nk)<\/strong><\/span><\/p>\n<p>Mi Aty\u00e1nk, aki a mennyekben vagy,<\/p>\n<p>szenteltess\u00e9k meg a te neved;<\/p>\n<p>j\u00f6jj\u00f6n el a te orsz\u00e1god;<\/p>\n<p>legyen meg a te akaratod,<\/p>\n<p>amint a mennyben, \u00fagy a f\u00f6ld\u00f6n is.<\/p>\n<p>Mindennapi kenyer\u00fcnket add meg nek\u00fcnk ma;<\/p>\n<p>\u00e9s bocs\u00e1sd meg v\u00e9tkeinket,<\/p>\n<p>mik\u00e9ppen mi is megbocs\u00e1tunk az ellen\u00fcnk v\u00e9tkez\u0151knek;<\/p>\n<p>\u00e9s ne v\u00edgy minket k\u00eds\u00e9rt\u00e9sbe,<\/p>\n<p><a id=\"AzAngyaliUdvozlet\"><\/a>de szabad\u00edts meg a gonoszt\u00f3l!<\/p>\n<p>(Mert ti\u00e9d az orsz\u00e1g, a hatalom \u00e9s a dics\u0151s\u00e9g mind\u00f6r\u00f6kk\u00e9.) \u00c1men.<\/p>\n<hr \/>\n<h3><span style=\"font-size: 20px; color: #000080; font-family: arial, helvetica, sans-serif;\"><strong>Az angyali \u00fcdv\u00f6zlet (<span style=\"font-size: 20px;\">\u00dc<\/span>dv\u00f6zl\u00e9gy)<\/strong><\/span><\/h3>\n<p>\u00dcdv\u00f6z l\u00e9gy, M\u00e1ria,<\/p>\n<p>kegyelemmel teljes,<\/p>\n<p>az \u00dar van teveled,<\/p>\n<p>\u00e1ldott vagy te az asszonyok k\u00f6z\u00f6tt,<\/p>\n<p>\u00e9s \u00e1ldott a te m\u00e9hednek gy\u00fcm\u00f6lcse, J\u00e9zus.<\/p>\n<p>Asszonyunk, Sz\u0171z M\u00e1ria,<\/p>\n<p>Istennek szent Anyja,<\/p>\n<p><a id=\"ASzentharomsagDicsoitese\"><\/a>im\u00e1dkozz\u00e1l \u00e9rett\u00fcnk, b\u0171n\u00f6s\u00f6k\u00e9rt,<\/p>\n<p>most \u00e9s hal\u00e1lunk \u00f3r\u00e1j\u00e1n. \u00c1men.<\/p>\n<hr \/>\n<p><span style=\"font-size: 20px; color: #000080; font-family: arial, helvetica, sans-serif;\"><strong><a id=\"AzApostoliHitvallas\"><\/a>A Szenth\u00e1roms\u00e1g dics\u0151\u00edt\u00e9se (Dics\u0151s\u00e9g)<br \/>\n<\/strong><\/span><\/p>\n<p>Dics\u0151s\u00e9g az Aty\u00e1nak, a Fi\u00fanak \u00e9s a Szentl\u00e9leknek, mik\u00e9ppen kezdetben, most \u00e9s mind\u00f6r\u00f6kk\u00e9. \u00c1men.<\/p>\n<hr \/>\n<p><span style=\"font-size: 20px; color: #000080; font-family: arial, helvetica, sans-serif;\"><strong>Az apostoli hitvall\u00e1s (Hiszekegy)<\/strong><\/span><\/p>\n<p>Hiszek egy Istenben, mindenhat\u00f3 Aty\u00e1ban,<\/p>\n<p>mennynek \u00e9s f\u00f6ldnek Teremt\u0151j\u00e9ben.<\/p>\n<p>\u00c9s J\u00e9zus Krisztusban, az \u0151 egysz\u00fcl\u00f6tt Fi\u00e1ban, a mi Urunkban;<\/p>\n<p>aki fogantatott Szentl\u00e9lekt\u0151l, sz\u00fcletett Sz\u0171z M\u00e1ri\u00e1t\u00f3l;<\/p>\n<p>szenvedett Poncius Pil\u00e1tus alatt; megfesz\u00edtett\u00e9k, meghalt \u00e9s eltemett\u00e9k.<\/p>\n<p>Al\u00e1sz\u00e1llt a poklokra, harmadnapon felt\u00e1madt a halottak k\u00f6z\u00fcl;<\/p>\n<p>f\u00f6lment a mennybe, ott \u00fcl a mindenhat\u00f3 Atyaisten jobbj\u00e1n;<\/p>\n<p>onnan j\u00f6n el \u00edt\u00e9lni \u00e9l\u0151ket \u00e9s holtakat.<\/p>\n<p>Hiszek Szentl\u00e9lekben.<\/p>\n<p>Hiszem a katolikus Anyaszentegyh\u00e1zat;<\/p>\n<p><a id=\"AzUrAngyala\"><\/a>a szentek k\u00f6z\u00f6ss\u00e9g\u00e9t, a b\u0171n\u00f6k bocs\u00e1nat\u00e1t;<\/p>\n<p>a test felt\u00e1mad\u00e1s\u00e1t \u00e9s az \u00f6r\u00f6k \u00e9letet. \u00c1men.<\/p>\n<hr \/>\n<p><span style=\"font-size: 20px; color: #000080; font-family: arial, helvetica, sans-serif;\"><strong>Az \u00dar angyala<\/strong><\/span><\/p>\n<p>Az \u00dar angyala k\u00f6sz\u00f6nt\u00e9 a Boldogs\u00e1gos Sz\u0171z M\u00e1ri\u00e1t, \u00e9s \u0151 m\u00e9h\u00e9be fogad\u00e1 Szentl\u00e9lekt\u0151l szent Fi\u00e1t. \u00dcdv\u00f6z l\u00e9gy, M\u00e1ria\u2026<\/p>\n<p>\u00cdme, az \u00dar szolg\u00e1l\u00f3le\u00e1nya, legyen nekem a te ig\u00e9d szerint. \u00dcdv\u00f6z l\u00e9gy, M\u00e1ria\u2026<\/p>\n<p>\u00c9s az Ige testt\u00e9 l\u0151n, \u00e9s mik\u00f6zt\u00fcnk lakoz\u00e9k. \u00dcdv\u00f6z l\u00e9gy, M\u00e1ria\u2026<\/p>\n<p>Im\u00e1dkozz\u00e1l \u00e9rett\u00fcnk, Istennek szent Anyja,<\/p>\n<p>hogy m\u00e9lt\u00f3k lehess\u00fcnk Krisztus \u00edg\u00e9reteire.<\/p>\n<p>K\u00f6ny\u00f6r\u00f6gj\u00fcnk. K\u00e9r\u00fcnk t\u00e9ged, \u00daristen, \u00f6ntsd lelk\u00fcnkbe szent kegyelmedet, hogy mi, akik az angyali \u00fczenet \u00e1ltal szent Fiadnak, J\u00e9zus Krisztusnak megtestes\u00fcl\u00e9s\u00e9t megismert\u00fck, az \u0151 k\u00ednszenved\u00e9se \u00e9s keresztje \u00e1ltal a felt\u00e1mad\u00e1s dics\u0151s\u00e9g\u00e9be vitess\u00fcnk. Krisztus, a mi Urunk \u00e1ltal. \u00c1men.<\/p>\n<p><\/p>","protected":false},"excerpt":{"rendered":"<p>A katolikus k\u00f6sz\u00f6nt\u00e9s Keresztvet\u00e9s Az \u00dar im\u00e1ja (Miaty\u00e1nk) Az angyali \u00fcdv\u00f6zlet (\u00dcdv\u00f6zl\u00e9gy) A Szenth\u00e1roms\u00e1g dics\u0151\u00edt\u00e9se (Dics\u0151s\u00e9g) Az apostoli hitvall\u00e1s (Hiszekegy)&#8230;<\/p>\n","protected":false},"author":3,"featured_media":0,"parent":0,"menu_order":0,"comment_status":"closed","ping_status":"closed","template":"template-full-width-page.php","meta":{"footnotes":""},"class_list":["post-2506","page","type-page","status-publish","hentry"],"yoast_head":"<!-- This site is optimized with the Yoast SEO plugin v27.4 - https:\/\/yoast.com\/product\/yoast-seo-wordpress\/ -->\n<title>Alapvet\u0151 im\u00e1ds\u00e1gok - Somorjai Nagyboldogasszony Pl\u00e9b\u00e1nia<\/title>\n<meta name=\"robots\" content=\"index, follow, max-snippet:-1, max-image-preview:large, max-video-preview:-1\" \/>\n<link rel=\"canonical\" href=\"https:\/\/samorin.fara.sk\/hu\/zakladne-modlitby\/\" \/>\n<meta property=\"og:locale\" content=\"hu_HU\" \/>\n<meta property=\"og:type\" content=\"article\" \/>\n<meta property=\"og:title\" content=\"Alapvet\u0151 im\u00e1ds\u00e1gok - Somorjai Nagyboldogasszony Pl\u00e9b\u00e1nia\" \/>\n<meta property=\"og:description\" content=\"A katolikus k\u00f6sz\u00f6nt\u00e9s Keresztvet\u00e9s Az \u00dar im\u00e1ja (Miaty\u00e1nk) Az angyali \u00fcdv\u00f6zlet (\u00dcdv\u00f6zl\u00e9gy) A Szenth\u00e1roms\u00e1g dics\u0151\u00edt\u00e9se (Dics\u0151s\u00e9g) Az apostoli hitvall\u00e1s (Hiszekegy)...\" \/>\n<meta property=\"og:url\" content=\"https:\/\/samorin.fara.sk\/hu\/zakladne-modlitby\/\" \/>\n<meta property=\"og:site_name\" content=\"Somorjai Nagyboldogasszony Pl\u00e9b\u00e1nia\" \/>\n<meta property=\"article:modified_time\" content=\"2019-08-24T04:46:16+00:00\" \/>\n<meta name=\"twitter:card\" content=\"summary_large_image\" \/>\n<meta name=\"twitter:label1\" content=\"Becs\u00fclt olvas\u00e1si id\u0151\" \/>\n\t<meta name=\"twitter:data1\" content=\"5 perc\" \/>\n<script type=\"application\/ld+json\" class=\"yoast-schema-graph\">{\"@context\":\"https:\\\/\\\/schema.org\",\"@graph\":[{\"@type\":\"WebPage\",\"@id\":\"https:\\\/\\\/samorin.fara.sk\\\/hu\\\/zakladne-modlitby\\\/\",\"url\":\"https:\\\/\\\/samorin.fara.sk\\\/hu\\\/zakladne-modlitby\\\/\",\"name\":\"Alapvet\u0151 im\u00e1ds\u00e1gok - Somorjai Nagyboldogasszony Pl\u00e9b\u00e1nia\",\"isPartOf\":{\"@id\":\"https:\\\/\\\/samorin.fara.sk\\\/hu\\\/#website\"},\"datePublished\":\"2019-08-22T03:37:51+00:00\",\"dateModified\":\"2019-08-24T04:46:16+00:00\",\"breadcrumb\":{\"@id\":\"https:\\\/\\\/samorin.fara.sk\\\/hu\\\/zakladne-modlitby\\\/#breadcrumb\"},\"inLanguage\":\"hu\",\"potentialAction\":[{\"@type\":\"ReadAction\",\"target\":[[\"https:\\\/\\\/samorin.fara.sk\\\/hu\\\/zakladne-modlitby\\\/\"]]}]},{\"@type\":\"BreadcrumbList\",\"@id\":\"https:\\\/\\\/samorin.fara.sk\\\/hu\\\/zakladne-modlitby\\\/#breadcrumb\",\"itemListElement\":[{\"@type\":\"ListItem\",\"position\":1,\"name\":\"Home\",\"item\":\"https:\\\/\\\/samorin.fara.sk\\\/hu\\\/\"},{\"@type\":\"ListItem\",\"position\":2,\"name\":\"Alapvet\u0151 im\u00e1ds\u00e1gok\"}]},{\"@type\":\"WebSite\",\"@id\":\"https:\\\/\\\/samorin.fara.sk\\\/hu\\\/#website\",\"url\":\"https:\\\/\\\/samorin.fara.sk\\\/hu\\\/\",\"name\":\"Somorjai Nagyboldogasszony Pl\u00e9b\u00e1nia\",\"description\":\"R\u00f3mai Katolikus Egyh\u00e1z, Pozsonyi F\u0151egyh\u00e1zmegye\",\"potentialAction\":[{\"@type\":\"SearchAction\",\"target\":{\"@type\":\"EntryPoint\",\"urlTemplate\":\"https:\\\/\\\/samorin.fara.sk\\\/hu\\\/?s={search_term_string}\"},\"query-input\":{\"@type\":\"PropertyValueSpecification\",\"valueRequired\":true,\"valueName\":\"search_term_string\"}}],\"inLanguage\":\"hu\"}]}<\/script>\n<!-- \/ Yoast SEO plugin. -->","yoast_head_json":{"title":"Alapvet\u0151 im\u00e1ds\u00e1gok - Somorjai Nagyboldogasszony Pl\u00e9b\u00e1nia","robots":{"index":"index","follow":"follow","max-snippet":"max-snippet:-1","max-image-preview":"max-image-preview:large","max-video-preview":"max-video-preview:-1"},"canonical":"https:\/\/samorin.fara.sk\/hu\/zakladne-modlitby\/","og_locale":"hu_HU","og_type":"article","og_title":"Alapvet\u0151 im\u00e1ds\u00e1gok - Somorjai Nagyboldogasszony Pl\u00e9b\u00e1nia","og_description":"A katolikus k\u00f6sz\u00f6nt\u00e9s Keresztvet\u00e9s Az \u00dar im\u00e1ja (Miaty\u00e1nk) Az angyali \u00fcdv\u00f6zlet (\u00dcdv\u00f6zl\u00e9gy) A Szenth\u00e1roms\u00e1g dics\u0151\u00edt\u00e9se (Dics\u0151s\u00e9g) Az apostoli hitvall\u00e1s (Hiszekegy)...","og_url":"https:\/\/samorin.fara.sk\/hu\/zakladne-modlitby\/","og_site_name":"Somorjai Nagyboldogasszony Pl\u00e9b\u00e1nia","article_modified_time":"2019-08-24T04:46:16+00:00","twitter_card":"summary_large_image","twitter_misc":{"Becs\u00fclt olvas\u00e1si id\u0151":"5 perc"},"schema":{"@context":"https:\/\/schema.org","@graph":[{"@type":"WebPage","@id":"https:\/\/samorin.fara.sk\/hu\/zakladne-modlitby\/","url":"https:\/\/samorin.fara.sk\/hu\/zakladne-modlitby\/","name":"Alapvet\u0151 im\u00e1ds\u00e1gok - Somorjai Nagyboldogasszony Pl\u00e9b\u00e1nia","isPartOf":{"@id":"https:\/\/samorin.fara.sk\/hu\/#website"},"datePublished":"2019-08-22T03:37:51+00:00","dateModified":"2019-08-24T04:46:16+00:00","breadcrumb":{"@id":"https:\/\/samorin.fara.sk\/hu\/zakladne-modlitby\/#breadcrumb"},"inLanguage":"hu","potentialAction":[{"@type":"ReadAction","target":[["https:\/\/samorin.fara.sk\/hu\/zakladne-modlitby\/"]]}]},{"@type":"BreadcrumbList","@id":"https:\/\/samorin.fara.sk\/hu\/zakladne-modlitby\/#breadcrumb","itemListElement":[{"@type":"ListItem","position":1,"name":"Home","item":"https:\/\/samorin.fara.sk\/hu\/"},{"@type":"ListItem","position":2,"name":"Alapvet\u0151 im\u00e1ds\u00e1gok"}]},{"@type":"WebSite","@id":"https:\/\/samorin.fara.sk\/hu\/#website","url":"https:\/\/samorin.fara.sk\/hu\/","name":"Somorjai Nagyboldogasszony Pl\u00e9b\u00e1nia","description":"R\u00f3mai Katolikus Egyh\u00e1z, Pozsonyi F\u0151egyh\u00e1zmegye","potentialAction":[{"@type":"SearchAction","target":{"@type":"EntryPoint","urlTemplate":"https:\/\/samorin.fara.sk\/hu\/?s={search_term_string}"},"query-input":{"@type":"PropertyValueSpecification","valueRequired":true,"valueName":"search_term_string"}}],"inLanguage":"hu"}]}},"jetpack_sharing_enabled":true,"_links":{"self":[{"href":"https:\/\/samorin.fara.sk\/hu\/wp-json\/wp\/v2\/pages\/2506","targetHints":{"allow":["GET"]}}],"collection":[{"href":"https:\/\/samorin.fara.sk\/hu\/wp-json\/wp\/v2\/pages"}],"about":[{"href":"https:\/\/samorin.fara.sk\/hu\/wp-json\/wp\/v2\/types\/page"}],"author":[{"embeddable":true,"href":"https:\/\/samorin.fara.sk\/hu\/wp-json\/wp\/v2\/users\/3"}],"replies":[{"embeddable":true,"href":"https:\/\/samorin.fara.sk\/hu\/wp-json\/wp\/v2\/comments?post=2506"}],"version-history":[{"count":47,"href":"https:\/\/samorin.fara.sk\/hu\/wp-json\/wp\/v2\/pages\/2506\/revisions"}],"predecessor-version":[{"id":2713,"href":"https:\/\/samorin.fara.sk\/hu\/wp-json\/wp\/v2\/pages\/2506\/revisions\/2713"}],"wp:attachment":[{"href":"https:\/\/samorin.fara.sk\/hu\/wp-json\/wp\/v2\/media?parent=2506"}],"curies":[{"name":"wp","href":"https:\/\/api.w.org\/{rel}","templated":true}]}}