{"id":2503,"date":"2019-08-22T05:34:14","date_gmt":"2019-08-22T03:34:14","guid":{"rendered":"https:\/\/samorin.fara.sk\/?page_id=2503"},"modified":"2019-09-11T08:55:26","modified_gmt":"2019-09-11T06:55:26","slug":"uzitocne","status":"publish","type":"page","link":"https:\/\/samorin.fara.sk\/hu\/uzitocne\/","title":{"rendered":"Hasznos"},"content":{"rendered":"<p><\/p>\n<blockquote class=\"wp-embedded-content\" data-secret=\"alic5mXvl6\"><p><a href=\"https:\/\/samorin.fara.sk\/hu\/katolicka-nauka\/\">Katolikus hittan<\/a><\/p><\/blockquote>\n<p><iframe class=\"wp-embedded-content lazyload\" sandbox=\"allow-scripts\" security=\"restricted\" style=\"position: absolute; visibility: hidden;\" title=\"&#8220;Katolikus hittan&#8221; &#8212; Somorjai Nagyboldogasszony Pl\u00e9b\u00e1nia\" data-src=\"https:\/\/samorin.fara.sk\/hu\/katolicka-nauka\/embed\/#?secret=YAQ9HJ5RXZ#?secret=alic5mXvl6\" data-secret=\"alic5mXvl6\" width=\"500\" height=\"282\" frameborder=\"0\" marginwidth=\"0\" marginheight=\"0\" scrolling=\"no\" src=\"data:image\/svg+xml;base64,PHN2ZyB3aWR0aD0iMSIgaGVpZ2h0PSIxIiB4bWxucz0iaHR0cDovL3d3dy53My5vcmcvMjAwMC9zdmciPjwvc3ZnPg==\" data-load-mode=\"1\"><\/iframe><\/p>\n<blockquote class=\"wp-embedded-content\" data-secret=\"rZU7bL2ttf\"><p><a href=\"https:\/\/samorin.fara.sk\/hu\/zakladne-modlitby\/\">Alapvet\u0151 im\u00e1ds\u00e1gok<\/a><\/p><\/blockquote>\n<p><iframe class=\"wp-embedded-content lazyload\" sandbox=\"allow-scripts\" security=\"restricted\" style=\"position: absolute; visibility: hidden;\" title=\"&#8220;Alapvet\u0151 im\u00e1ds\u00e1gok&#8221; &#8212; Somorjai Nagyboldogasszony Pl\u00e9b\u00e1nia\" data-src=\"https:\/\/samorin.fara.sk\/hu\/zakladne-modlitby\/embed\/#?secret=RWrDXgLoQa#?secret=rZU7bL2ttf\" data-secret=\"rZU7bL2ttf\" width=\"500\" height=\"282\" frameborder=\"0\" marginwidth=\"0\" marginheight=\"0\" scrolling=\"no\" src=\"data:image\/svg+xml;base64,PHN2ZyB3aWR0aD0iMSIgaGVpZ2h0PSIxIiB4bWxucz0iaHR0cDovL3d3dy53My5vcmcvMjAwMC9zdmciPjwvc3ZnPg==\" data-load-mode=\"1\"><\/iframe><\/p>\n<blockquote class=\"wp-embedded-content\" data-secret=\"Ux9uav7qR2\"><p><a href=\"https:\/\/samorin.fara.sk\/hu\/odporucane-web-stranky\/\">Aj\u00e1nlott weboldalak<\/a><\/p><\/blockquote>\n<p><iframe class=\"wp-embedded-content lazyload\" sandbox=\"allow-scripts\" security=\"restricted\" style=\"position: absolute; visibility: hidden;\" title=\"&#8220;Aj\u00e1nlott weboldalak&#8221; &#8212; Somorjai Nagyboldogasszony Pl\u00e9b\u00e1nia\" data-src=\"https:\/\/samorin.fara.sk\/hu\/odporucane-web-stranky\/embed\/#?secret=NgM4IL6pjO#?secret=Ux9uav7qR2\" data-secret=\"Ux9uav7qR2\" width=\"500\" height=\"282\" frameborder=\"0\" marginwidth=\"0\" marginheight=\"0\" scrolling=\"no\" src=\"data:image\/svg+xml;base64,PHN2ZyB3aWR0aD0iMSIgaGVpZ2h0PSIxIiB4bWxucz0iaHR0cDovL3d3dy53My5vcmcvMjAwMC9zdmciPjwvc3ZnPg==\" data-load-mode=\"1\"><\/iframe><\/p>\n<blockquote class=\"wp-embedded-content\" data-secret=\"FIchOdGwys\"><p><a href=\"https:\/\/samorin.fara.sk\/magyar-a-katolikus-hitrol\/\">A katolikus hitr\u0151l<\/a><\/p><\/blockquote>\n<p><iframe class=\"wp-embedded-content lazyload\" sandbox=\"allow-scripts\" security=\"restricted\" style=\"position: absolute; visibility: hidden;\" title=\"&#8220;A katolikus hitr\u0151l&#8221; &#8212; Farnos\u0165 Nanebovzatej Panny M\u00e1rie v \u0160amor\u00edne\" data-src=\"https:\/\/samorin.fara.sk\/magyar-a-katolikus-hitrol\/embed\/#?secret=xEK8Q2HnNd#?secret=FIchOdGwys\" data-secret=\"FIchOdGwys\" width=\"500\" height=\"282\" frameborder=\"0\" marginwidth=\"0\" marginheight=\"0\" scrolling=\"no\" src=\"data:image\/svg+xml;base64,PHN2ZyB3aWR0aD0iMSIgaGVpZ2h0PSIxIiB4bWxucz0iaHR0cDovL3d3dy53My5vcmcvMjAwMC9zdmciPjwvc3ZnPg==\" data-load-mode=\"1\"><\/iframe><\/p>\n<blockquote class=\"wp-embedded-content\" data-secret=\"l93wOgmyaJ\"><p><a href=\"https:\/\/samorin.fara.sk\/hu\/mire-jo-hinni-istenben\/\">Mire j\u00f3 hinni Istenben?<\/a><\/p><\/blockquote>\n<p><iframe class=\"wp-embedded-content lazyload\" sandbox=\"allow-scripts\" security=\"restricted\" style=\"position: absolute; visibility: hidden;\" title=\"&#8220;Mire j\u00f3 hinni Istenben?&#8221; &#8212; Somorjai Nagyboldogasszony Pl\u00e9b\u00e1nia\" data-src=\"https:\/\/samorin.fara.sk\/hu\/mire-jo-hinni-istenben\/embed\/#?secret=ONwuWmw8UR#?secret=l93wOgmyaJ\" data-secret=\"l93wOgmyaJ\" width=\"500\" height=\"282\" frameborder=\"0\" marginwidth=\"0\" marginheight=\"0\" scrolling=\"no\" src=\"data:image\/svg+xml;base64,PHN2ZyB3aWR0aD0iMSIgaGVpZ2h0PSIxIiB4bWxucz0iaHR0cDovL3d3dy53My5vcmcvMjAwMC9zdmciPjwvc3ZnPg==\" data-load-mode=\"1\"><\/iframe><\/p>\n<blockquote class=\"wp-embedded-content\" data-secret=\"Bdgt9IYeHy\"><p><a href=\"https:\/\/samorin.fara.sk\/hu\/miert-jarjunk-misere\/\">Mi\u00e9rt j\u00e1rjunk mis\u00e9re?<\/a><\/p><\/blockquote>\n<p><iframe class=\"wp-embedded-content lazyload\" sandbox=\"allow-scripts\" security=\"restricted\" style=\"position: absolute; visibility: hidden;\" title=\"&#8220;Mi\u00e9rt j\u00e1rjunk mis\u00e9re?&#8221; &#8212; Somorjai Nagyboldogasszony Pl\u00e9b\u00e1nia\" data-src=\"https:\/\/samorin.fara.sk\/hu\/miert-jarjunk-misere\/embed\/#?secret=kOz7Oyjaz2#?secret=Bdgt9IYeHy\" data-secret=\"Bdgt9IYeHy\" width=\"500\" height=\"282\" frameborder=\"0\" marginwidth=\"0\" marginheight=\"0\" scrolling=\"no\" src=\"data:image\/svg+xml;base64,PHN2ZyB3aWR0aD0iMSIgaGVpZ2h0PSIxIiB4bWxucz0iaHR0cDovL3d3dy53My5vcmcvMjAwMC9zdmciPjwvc3ZnPg==\" data-load-mode=\"1\"><\/iframe><\/p>\n<p><\/p>","protected":false},"excerpt":{"rendered":"<p>Katolikus hittan Alapvet\u0151 im\u00e1ds\u00e1gok Aj\u00e1nlott weboldalak A katolikus hitr\u0151l Mire j\u00f3 hinni Istenben? Mi\u00e9rt j\u00e1rjunk mis\u00e9re?<\/p>\n","protected":false},"author":3,"featured_media":0,"parent":0,"menu_order":0,"comment_status":"closed","ping_status":"closed","template":"template-full-width-page.php","meta":{"footnotes":""},"class_list":["post-2503","page","type-page","status-publish","hentry"],"yoast_head":"<!-- This site is optimized with the Yoast SEO plugin v27.4 - https:\/\/yoast.com\/product\/yoast-seo-wordpress\/ -->\n<title>Hasznos - Somorjai Nagyboldogasszony Pl\u00e9b\u00e1nia<\/title>\n<meta name=\"robots\" content=\"index, follow, max-snippet:-1, max-image-preview:large, max-video-preview:-1\" \/>\n<link rel=\"canonical\" href=\"https:\/\/samorin.fara.sk\/hu\/uzitocne\/\" \/>\n<meta property=\"og:locale\" content=\"hu_HU\" \/>\n<meta property=\"og:type\" content=\"article\" \/>\n<meta property=\"og:title\" content=\"Hasznos - Somorjai Nagyboldogasszony Pl\u00e9b\u00e1nia\" \/>\n<meta property=\"og:description\" content=\"Katolikus hittan Alapvet\u0151 im\u00e1ds\u00e1gok Aj\u00e1nlott weboldalak A katolikus hitr\u0151l Mire j\u00f3 hinni Istenben? Mi\u00e9rt j\u00e1rjunk mis\u00e9re?\" \/>\n<meta property=\"og:url\" content=\"https:\/\/samorin.fara.sk\/hu\/uzitocne\/\" \/>\n<meta property=\"og:site_name\" content=\"Somorjai Nagyboldogasszony Pl\u00e9b\u00e1nia\" \/>\n<meta property=\"article:modified_time\" content=\"2019-09-11T06:55:26+00:00\" \/>\n<meta name=\"twitter:card\" content=\"summary_large_image\" \/>\n<script type=\"application\/ld+json\" class=\"yoast-schema-graph\">{\"@context\":\"https:\\\/\\\/schema.org\",\"@graph\":[{\"@type\":\"WebPage\",\"@id\":\"https:\\\/\\\/samorin.fara.sk\\\/hu\\\/uzitocne\\\/\",\"url\":\"https:\\\/\\\/samorin.fara.sk\\\/hu\\\/uzitocne\\\/\",\"name\":\"Hasznos - Somorjai Nagyboldogasszony Pl\u00e9b\u00e1nia\",\"isPartOf\":{\"@id\":\"https:\\\/\\\/samorin.fara.sk\\\/hu\\\/#website\"},\"datePublished\":\"2019-08-22T03:34:14+00:00\",\"dateModified\":\"2019-09-11T06:55:26+00:00\",\"breadcrumb\":{\"@id\":\"https:\\\/\\\/samorin.fara.sk\\\/hu\\\/uzitocne\\\/#breadcrumb\"},\"inLanguage\":\"hu\",\"potentialAction\":[{\"@type\":\"ReadAction\",\"target\":[[\"https:\\\/\\\/samorin.fara.sk\\\/hu\\\/uzitocne\\\/\"]]}]},{\"@type\":\"BreadcrumbList\",\"@id\":\"https:\\\/\\\/samorin.fara.sk\\\/hu\\\/uzitocne\\\/#breadcrumb\",\"itemListElement\":[{\"@type\":\"ListItem\",\"position\":1,\"name\":\"Home\",\"item\":\"https:\\\/\\\/samorin.fara.sk\\\/hu\\\/\"},{\"@type\":\"ListItem\",\"position\":2,\"name\":\"Hasznos\"}]},{\"@type\":\"WebSite\",\"@id\":\"https:\\\/\\\/samorin.fara.sk\\\/hu\\\/#website\",\"url\":\"https:\\\/\\\/samorin.fara.sk\\\/hu\\\/\",\"name\":\"Somorjai Nagyboldogasszony Pl\u00e9b\u00e1nia\",\"description\":\"R\u00f3mai Katolikus Egyh\u00e1z, Pozsonyi F\u0151egyh\u00e1zmegye\",\"potentialAction\":[{\"@type\":\"SearchAction\",\"target\":{\"@type\":\"EntryPoint\",\"urlTemplate\":\"https:\\\/\\\/samorin.fara.sk\\\/hu\\\/?s={search_term_string}\"},\"query-input\":{\"@type\":\"PropertyValueSpecification\",\"valueRequired\":true,\"valueName\":\"search_term_string\"}}],\"inLanguage\":\"hu\"}]}<\/script>\n<!-- \/ Yoast SEO plugin. -->","yoast_head_json":{"title":"Hasznos - Somorjai Nagyboldogasszony Pl\u00e9b\u00e1nia","robots":{"index":"index","follow":"follow","max-snippet":"max-snippet:-1","max-image-preview":"max-image-preview:large","max-video-preview":"max-video-preview:-1"},"canonical":"https:\/\/samorin.fara.sk\/hu\/uzitocne\/","og_locale":"hu_HU","og_type":"article","og_title":"Hasznos - Somorjai Nagyboldogasszony Pl\u00e9b\u00e1nia","og_description":"Katolikus hittan Alapvet\u0151 im\u00e1ds\u00e1gok Aj\u00e1nlott weboldalak A katolikus hitr\u0151l Mire j\u00f3 hinni Istenben? Mi\u00e9rt j\u00e1rjunk mis\u00e9re?","og_url":"https:\/\/samorin.fara.sk\/hu\/uzitocne\/","og_site_name":"Somorjai Nagyboldogasszony Pl\u00e9b\u00e1nia","article_modified_time":"2019-09-11T06:55:26+00:00","twitter_card":"summary_large_image","schema":{"@context":"https:\/\/schema.org","@graph":[{"@type":"WebPage","@id":"https:\/\/samorin.fara.sk\/hu\/uzitocne\/","url":"https:\/\/samorin.fara.sk\/hu\/uzitocne\/","name":"Hasznos - Somorjai Nagyboldogasszony Pl\u00e9b\u00e1nia","isPartOf":{"@id":"https:\/\/samorin.fara.sk\/hu\/#website"},"datePublished":"2019-08-22T03:34:14+00:00","dateModified":"2019-09-11T06:55:26+00:00","breadcrumb":{"@id":"https:\/\/samorin.fara.sk\/hu\/uzitocne\/#breadcrumb"},"inLanguage":"hu","potentialAction":[{"@type":"ReadAction","target":[["https:\/\/samorin.fara.sk\/hu\/uzitocne\/"]]}]},{"@type":"BreadcrumbList","@id":"https:\/\/samorin.fara.sk\/hu\/uzitocne\/#breadcrumb","itemListElement":[{"@type":"ListItem","position":1,"name":"Home","item":"https:\/\/samorin.fara.sk\/hu\/"},{"@type":"ListItem","position":2,"name":"Hasznos"}]},{"@type":"WebSite","@id":"https:\/\/samorin.fara.sk\/hu\/#website","url":"https:\/\/samorin.fara.sk\/hu\/","name":"Somorjai Nagyboldogasszony Pl\u00e9b\u00e1nia","description":"R\u00f3mai Katolikus Egyh\u00e1z, Pozsonyi F\u0151egyh\u00e1zmegye","potentialAction":[{"@type":"SearchAction","target":{"@type":"EntryPoint","urlTemplate":"https:\/\/samorin.fara.sk\/hu\/?s={search_term_string}"},"query-input":{"@type":"PropertyValueSpecification","valueRequired":true,"valueName":"search_term_string"}}],"inLanguage":"hu"}]}},"jetpack_sharing_enabled":true,"_links":{"self":[{"href":"https:\/\/samorin.fara.sk\/hu\/wp-json\/wp\/v2\/pages\/2503","targetHints":{"allow":["GET"]}}],"collection":[{"href":"https:\/\/samorin.fara.sk\/hu\/wp-json\/wp\/v2\/pages"}],"about":[{"href":"https:\/\/samorin.fara.sk\/hu\/wp-json\/wp\/v2\/types\/page"}],"author":[{"embeddable":true,"href":"https:\/\/samorin.fara.sk\/hu\/wp-json\/wp\/v2\/users\/3"}],"replies":[{"embeddable":true,"href":"https:\/\/samorin.fara.sk\/hu\/wp-json\/wp\/v2\/comments?post=2503"}],"version-history":[{"count":10,"href":"https:\/\/samorin.fara.sk\/hu\/wp-json\/wp\/v2\/pages\/2503\/revisions"}],"predecessor-version":[{"id":2956,"href":"https:\/\/samorin.fara.sk\/hu\/wp-json\/wp\/v2\/pages\/2503\/revisions\/2956"}],"wp:attachment":[{"href":"https:\/\/samorin.fara.sk\/hu\/wp-json\/wp\/v2\/media?parent=2503"}],"curies":[{"name":"wp","href":"https:\/\/api.w.org\/{rel}","templated":true}]}}