{"id":2318,"date":"2019-08-06T06:10:57","date_gmt":"2019-08-06T04:10:57","guid":{"rendered":"https:\/\/samorin.fara.sk\/?page_id=2318"},"modified":"2025-10-18T09:59:58","modified_gmt":"2025-10-18T07:59:58","slug":"prihlasky","status":"publish","type":"page","link":"https:\/\/samorin.fara.sk\/hu\/prihlasky\/","title":{"rendered":"Jelentkez\u00e9s"},"content":{"rendered":"<p><\/p>\n<p><strong><span style=\"font-size: 20px;\">Jegyesoktat\u00e1sra:<\/span><\/strong><\/p>\n<ul>\n<li><strong><a href=\"https:\/\/samorin.fara.sk\/hu\/events\/categories\/magyar-nyelvu-felkeszito\/\">Magyar nyelv\u0171 oktat\u00e1s<\/a> <a href=\"https:\/\/samorin.fara.sk\/wp-content\/uploads\/2013\/12\/hu_hd.png\"><img decoding=\"async\" class=\"alignnone  wp-image-252 lazyload\" data-src=\"https:\/\/samorin.fara.sk\/wp-content\/uploads\/2013\/12\/hu_hd.png\" alt=\"\" width=\"25\" height=\"25\" src=\"data:image\/svg+xml;base64,PHN2ZyB3aWR0aD0iMSIgaGVpZ2h0PSIxIiB4bWxucz0iaHR0cDovL3d3dy53My5vcmcvMjAwMC9zdmciPjwvc3ZnPg==\" style=\"--smush-placeholder-width: 25px; --smush-placeholder-aspect-ratio: 25\/25;\" \/><\/a><\/strong><\/li>\n<li><strong><a href=\"https:\/\/samorin.fara.sk\/events\/categories\/slovenska-priprava\/\">Pr\u00edprava po slovensky<\/a> <a href=\"https:\/\/samorin.fara.sk\/wp-content\/uploads\/2013\/12\/sk_hd.png\"><img decoding=\"async\" class=\"alignnone  wp-image-251 lazyload\" data-src=\"https:\/\/samorin.fara.sk\/wp-content\/uploads\/2013\/12\/sk_hd.png\" alt=\"\" width=\"25\" height=\"25\" src=\"data:image\/svg+xml;base64,PHN2ZyB3aWR0aD0iMSIgaGVpZ2h0PSIxIiB4bWxucz0iaHR0cDovL3d3dy53My5vcmcvMjAwMC9zdmciPjwvc3ZnPg==\" style=\"--smush-placeholder-width: 25px; --smush-placeholder-aspect-ratio: 25\/25;\" \/><\/a><\/strong><\/li>\n<\/ul>\n<p>&nbsp;<\/p>\n<p><strong><span style=\"font-size: 20px;\">Els\u0151\u00e1ldoz\u00e1sra:<\/span><\/strong><\/p>\n<ul>\n<li><a href=\"https:\/\/samorin.fara.sk\/hu\/prihlaska-na-prve-svate-prijimanie\/\"><strong>Magyar nyelv\u0171 felk\u00e9sz\u00edt\u0151<\/strong><\/a><strong>\u00a0<a href=\"https:\/\/samorin.fara.sk\/wp-content\/uploads\/2013\/12\/hu_hd.png\"><img decoding=\"async\" class=\"alignnone  wp-image-252 lazyload\" data-src=\"https:\/\/samorin.fara.sk\/wp-content\/uploads\/2013\/12\/hu_hd.png\" alt=\"\" width=\"25\" height=\"25\" src=\"data:image\/svg+xml;base64,PHN2ZyB3aWR0aD0iMSIgaGVpZ2h0PSIxIiB4bWxucz0iaHR0cDovL3d3dy53My5vcmcvMjAwMC9zdmciPjwvc3ZnPg==\" style=\"--smush-placeholder-width: 25px; --smush-placeholder-aspect-ratio: 25\/25;\" \/><\/a><\/strong><\/li>\n<li><strong><a href=\"https:\/\/samorin.fara.sk\/sk\/prihlaska-na-prve-svate-prijimanie\/\">Pr\u00edprava po slovensky<\/a> <a href=\"https:\/\/samorin.fara.sk\/prihlaska-na-prve-svate-prijimanie\/\"><img decoding=\"async\" class=\"alignnone wp-image-251 lazyload\" data-src=\"https:\/\/samorin.fara.sk\/wp-content\/uploads\/2013\/12\/sk_hd.png\" alt=\"\" width=\"25\" height=\"25\" src=\"data:image\/svg+xml;base64,PHN2ZyB3aWR0aD0iMSIgaGVpZ2h0PSIxIiB4bWxucz0iaHR0cDovL3d3dy53My5vcmcvMjAwMC9zdmciPjwvc3ZnPg==\" style=\"--smush-placeholder-width: 25px; --smush-placeholder-aspect-ratio: 25\/25;\" \/><\/a><\/strong><\/li>\n<\/ul>\n<p><strong><span style=\"font-size: 20px;\">B\u00e9rm\u00e1lkoz\u00e1sra:<\/span><\/strong><\/p>\n<ul>\n<li><strong>Magyar nyelv\u0171 felk\u00e9sz\u00edt\u0151 <a href=\"https:\/\/samorin.fara.sk\/wp-content\/uploads\/2013\/12\/hu_hd.png\"><img decoding=\"async\" class=\"alignnone  wp-image-252 lazyload\" data-src=\"https:\/\/samorin.fara.sk\/wp-content\/uploads\/2013\/12\/hu_hd.png\" alt=\"\" width=\"25\" height=\"25\" src=\"data:image\/svg+xml;base64,PHN2ZyB3aWR0aD0iMSIgaGVpZ2h0PSIxIiB4bWxucz0iaHR0cDovL3d3dy53My5vcmcvMjAwMC9zdmciPjwvc3ZnPg==\" style=\"--smush-placeholder-width: 25px; --smush-placeholder-aspect-ratio: 25\/25;\" \/><\/a><\/strong><\/li>\n<li><strong>Birmovanie po slovensky <a href=\"https:\/\/samorin.fara.sk\/wp-content\/uploads\/2013\/12\/sk_hd.png\"><img decoding=\"async\" class=\"alignnone  wp-image-251 lazyload\" data-src=\"https:\/\/samorin.fara.sk\/wp-content\/uploads\/2013\/12\/sk_hd.png\" alt=\"\" width=\"25\" height=\"25\" src=\"data:image\/svg+xml;base64,PHN2ZyB3aWR0aD0iMSIgaGVpZ2h0PSIxIiB4bWxucz0iaHR0cDovL3d3dy53My5vcmcvMjAwMC9zdmciPjwvc3ZnPg==\" style=\"--smush-placeholder-width: 25px; --smush-placeholder-aspect-ratio: 25\/25;\" \/><\/a><\/strong><\/li>\n<\/ul>\n<p>&nbsp;<\/p>\n<p><\/p>","protected":false},"excerpt":{"rendered":"<p>Jegyesoktat\u00e1sra: Magyar nyelv\u0171 oktat\u00e1s Pr\u00edprava po slovensky &nbsp; Els\u0151\u00e1ldoz\u00e1sra: Magyar nyelv\u0171 felk\u00e9sz\u00edt\u0151\u00a0 Pr\u00edprava po slovensky B\u00e9rm\u00e1lkoz\u00e1sra: Magyar nyelv\u0171 felk\u00e9sz\u00edt\u0151 Birmovanie&#8230;<\/p>\n","protected":false},"author":3,"featured_media":0,"parent":0,"menu_order":0,"comment_status":"closed","ping_status":"closed","template":"template-full-width-page.php","meta":{"footnotes":""},"class_list":["post-2318","page","type-page","status-publish","hentry"],"yoast_head":"<!-- This site is optimized with the Yoast SEO plugin v27.4 - https:\/\/yoast.com\/product\/yoast-seo-wordpress\/ -->\n<title>Jelentkez\u00e9s - Somorjai Nagyboldogasszony Pl\u00e9b\u00e1nia<\/title>\n<meta name=\"robots\" content=\"index, follow, max-snippet:-1, max-image-preview:large, max-video-preview:-1\" \/>\n<link rel=\"canonical\" href=\"https:\/\/samorin.fara.sk\/hu\/prihlasky\/\" \/>\n<meta property=\"og:locale\" content=\"hu_HU\" \/>\n<meta property=\"og:type\" content=\"article\" \/>\n<meta property=\"og:title\" content=\"Jelentkez\u00e9s - Somorjai Nagyboldogasszony Pl\u00e9b\u00e1nia\" \/>\n<meta property=\"og:description\" content=\"Jegyesoktat\u00e1sra: Magyar nyelv\u0171 oktat\u00e1s Pr\u00edprava po slovensky &nbsp; Els\u0151\u00e1ldoz\u00e1sra: Magyar nyelv\u0171 felk\u00e9sz\u00edt\u0151\u00a0 Pr\u00edprava po slovensky B\u00e9rm\u00e1lkoz\u00e1sra: Magyar nyelv\u0171 felk\u00e9sz\u00edt\u0151 Birmovanie...\" \/>\n<meta property=\"og:url\" content=\"https:\/\/samorin.fara.sk\/hu\/prihlasky\/\" \/>\n<meta property=\"og:site_name\" content=\"Somorjai Nagyboldogasszony Pl\u00e9b\u00e1nia\" \/>\n<meta property=\"article:modified_time\" content=\"2025-10-18T07:59:58+00:00\" \/>\n<meta property=\"og:image\" content=\"https:\/\/samorin.fara.sk\/wp-content\/uploads\/2013\/12\/sk_hd.png\" \/>\n\t<meta property=\"og:image:width\" content=\"48\" \/>\n\t<meta property=\"og:image:height\" content=\"48\" \/>\n\t<meta property=\"og:image:type\" content=\"image\/png\" \/>\n<meta name=\"twitter:card\" content=\"summary_large_image\" \/>\n<meta name=\"twitter:label1\" content=\"Becs\u00fclt olvas\u00e1si id\u0151\" \/>\n\t<meta name=\"twitter:data1\" content=\"2 perc\" \/>\n<script type=\"application\/ld+json\" class=\"yoast-schema-graph\">{\"@context\":\"https:\\\/\\\/schema.org\",\"@graph\":[{\"@type\":\"WebPage\",\"@id\":\"https:\\\/\\\/samorin.fara.sk\\\/hu\\\/prihlasky\\\/\",\"url\":\"https:\\\/\\\/samorin.fara.sk\\\/hu\\\/prihlasky\\\/\",\"name\":\"Jelentkez\u00e9s - Somorjai Nagyboldogasszony Pl\u00e9b\u00e1nia\",\"isPartOf\":{\"@id\":\"https:\\\/\\\/samorin.fara.sk\\\/hu\\\/#website\"},\"primaryImageOfPage\":{\"@id\":\"https:\\\/\\\/samorin.fara.sk\\\/hu\\\/prihlasky\\\/#primaryimage\"},\"image\":{\"@id\":\"https:\\\/\\\/samorin.fara.sk\\\/prihlasky\\\/#primaryimage\"},\"thumbnailUrl\":\"https:\\\/\\\/samorin.fara.sk\\\/wp-content\\\/uploads\\\/2013\\\/12\\\/sk_hd.png\",\"datePublished\":\"2019-08-06T04:10:57+00:00\",\"dateModified\":\"2025-10-18T07:59:58+00:00\",\"breadcrumb\":{\"@id\":\"https:\\\/\\\/samorin.fara.sk\\\/hu\\\/prihlasky\\\/#breadcrumb\"},\"inLanguage\":\"hu\",\"potentialAction\":[{\"@type\":\"ReadAction\",\"target\":[[\"https:\\\/\\\/samorin.fara.sk\\\/hu\\\/prihlasky\\\/\"]]}]},{\"@type\":\"ImageObject\",\"inLanguage\":\"hu\",\"@id\":\"https:\\\/\\\/samorin.fara.sk\\\/hu\\\/prihlasky\\\/#primaryimage\",\"url\":\"https:\\\/\\\/samorin.fara.sk\\\/wp-content\\\/uploads\\\/2013\\\/12\\\/sk_hd.png\",\"contentUrl\":\"https:\\\/\\\/samorin.fara.sk\\\/wp-content\\\/uploads\\\/2013\\\/12\\\/sk_hd.png\"},{\"@type\":\"BreadcrumbList\",\"@id\":\"https:\\\/\\\/samorin.fara.sk\\\/hu\\\/prihlasky\\\/#breadcrumb\",\"itemListElement\":[{\"@type\":\"ListItem\",\"position\":1,\"name\":\"Home\",\"item\":\"https:\\\/\\\/samorin.fara.sk\\\/hu\\\/\"},{\"@type\":\"ListItem\",\"position\":2,\"name\":\"Prihl\u00e1\u0161ky\"}]},{\"@type\":\"WebSite\",\"@id\":\"https:\\\/\\\/samorin.fara.sk\\\/hu\\\/#website\",\"url\":\"https:\\\/\\\/samorin.fara.sk\\\/hu\\\/\",\"name\":\"Somorjai Nagyboldogasszony Pl\u00e9b\u00e1nia\",\"description\":\"R\u00f3mai Katolikus Egyh\u00e1z, Pozsonyi F\u0151egyh\u00e1zmegye\",\"potentialAction\":[{\"@type\":\"SearchAction\",\"target\":{\"@type\":\"EntryPoint\",\"urlTemplate\":\"https:\\\/\\\/samorin.fara.sk\\\/hu\\\/?s={search_term_string}\"},\"query-input\":{\"@type\":\"PropertyValueSpecification\",\"valueRequired\":true,\"valueName\":\"search_term_string\"}}],\"inLanguage\":\"hu\"}]}<\/script>\n<!-- \/ Yoast SEO plugin. -->","yoast_head_json":{"title":"Jelentkez\u00e9s - Somorjai Nagyboldogasszony Pl\u00e9b\u00e1nia","robots":{"index":"index","follow":"follow","max-snippet":"max-snippet:-1","max-image-preview":"max-image-preview:large","max-video-preview":"max-video-preview:-1"},"canonical":"https:\/\/samorin.fara.sk\/hu\/prihlasky\/","og_locale":"hu_HU","og_type":"article","og_title":"Jelentkez\u00e9s - Somorjai Nagyboldogasszony Pl\u00e9b\u00e1nia","og_description":"Jegyesoktat\u00e1sra: Magyar nyelv\u0171 oktat\u00e1s Pr\u00edprava po slovensky &nbsp; Els\u0151\u00e1ldoz\u00e1sra: Magyar nyelv\u0171 felk\u00e9sz\u00edt\u0151\u00a0 Pr\u00edprava po slovensky B\u00e9rm\u00e1lkoz\u00e1sra: Magyar nyelv\u0171 felk\u00e9sz\u00edt\u0151 Birmovanie...","og_url":"https:\/\/samorin.fara.sk\/hu\/prihlasky\/","og_site_name":"Somorjai Nagyboldogasszony Pl\u00e9b\u00e1nia","article_modified_time":"2025-10-18T07:59:58+00:00","og_image":[{"width":48,"height":48,"url":"https:\/\/samorin.fara.sk\/wp-content\/uploads\/2013\/12\/sk_hd.png","type":"image\/png"}],"twitter_card":"summary_large_image","twitter_misc":{"Becs\u00fclt olvas\u00e1si id\u0151":"2 perc"},"schema":{"@context":"https:\/\/schema.org","@graph":[{"@type":"WebPage","@id":"https:\/\/samorin.fara.sk\/hu\/prihlasky\/","url":"https:\/\/samorin.fara.sk\/hu\/prihlasky\/","name":"Jelentkez\u00e9s - Somorjai Nagyboldogasszony Pl\u00e9b\u00e1nia","isPartOf":{"@id":"https:\/\/samorin.fara.sk\/hu\/#website"},"primaryImageOfPage":{"@id":"https:\/\/samorin.fara.sk\/hu\/prihlasky\/#primaryimage"},"image":{"@id":"https:\/\/samorin.fara.sk\/prihlasky\/#primaryimage"},"thumbnailUrl":"https:\/\/samorin.fara.sk\/wp-content\/uploads\/2013\/12\/sk_hd.png","datePublished":"2019-08-06T04:10:57+00:00","dateModified":"2025-10-18T07:59:58+00:00","breadcrumb":{"@id":"https:\/\/samorin.fara.sk\/hu\/prihlasky\/#breadcrumb"},"inLanguage":"hu","potentialAction":[{"@type":"ReadAction","target":[["https:\/\/samorin.fara.sk\/hu\/prihlasky\/"]]}]},{"@type":"ImageObject","inLanguage":"hu","@id":"https:\/\/samorin.fara.sk\/hu\/prihlasky\/#primaryimage","url":"https:\/\/samorin.fara.sk\/wp-content\/uploads\/2013\/12\/sk_hd.png","contentUrl":"https:\/\/samorin.fara.sk\/wp-content\/uploads\/2013\/12\/sk_hd.png"},{"@type":"BreadcrumbList","@id":"https:\/\/samorin.fara.sk\/hu\/prihlasky\/#breadcrumb","itemListElement":[{"@type":"ListItem","position":1,"name":"Home","item":"https:\/\/samorin.fara.sk\/hu\/"},{"@type":"ListItem","position":2,"name":"Prihl\u00e1\u0161ky"}]},{"@type":"WebSite","@id":"https:\/\/samorin.fara.sk\/hu\/#website","url":"https:\/\/samorin.fara.sk\/hu\/","name":"Somorjai Nagyboldogasszony Pl\u00e9b\u00e1nia","description":"R\u00f3mai Katolikus Egyh\u00e1z, Pozsonyi F\u0151egyh\u00e1zmegye","potentialAction":[{"@type":"SearchAction","target":{"@type":"EntryPoint","urlTemplate":"https:\/\/samorin.fara.sk\/hu\/?s={search_term_string}"},"query-input":{"@type":"PropertyValueSpecification","valueRequired":true,"valueName":"search_term_string"}}],"inLanguage":"hu"}]}},"jetpack_sharing_enabled":true,"_links":{"self":[{"href":"https:\/\/samorin.fara.sk\/hu\/wp-json\/wp\/v2\/pages\/2318","targetHints":{"allow":["GET"]}}],"collection":[{"href":"https:\/\/samorin.fara.sk\/hu\/wp-json\/wp\/v2\/pages"}],"about":[{"href":"https:\/\/samorin.fara.sk\/hu\/wp-json\/wp\/v2\/types\/page"}],"author":[{"embeddable":true,"href":"https:\/\/samorin.fara.sk\/hu\/wp-json\/wp\/v2\/users\/3"}],"replies":[{"embeddable":true,"href":"https:\/\/samorin.fara.sk\/hu\/wp-json\/wp\/v2\/comments?post=2318"}],"version-history":[{"count":34,"href":"https:\/\/samorin.fara.sk\/hu\/wp-json\/wp\/v2\/pages\/2318\/revisions"}],"predecessor-version":[{"id":6090,"href":"https:\/\/samorin.fara.sk\/hu\/wp-json\/wp\/v2\/pages\/2318\/revisions\/6090"}],"wp:attachment":[{"href":"https:\/\/samorin.fara.sk\/hu\/wp-json\/wp\/v2\/media?parent=2318"}],"curies":[{"name":"wp","href":"https:\/\/api.w.org\/{rel}","templated":true}]}}