{"id":2298,"date":"2019-08-05T21:42:16","date_gmt":"2019-08-05T19:42:16","guid":{"rendered":"https:\/\/samorin.fara.sk\/?page_id=2298"},"modified":"2019-08-29T14:25:09","modified_gmt":"2019-08-29T12:25:09","slug":"pohreb","status":"publish","type":"page","link":"https:\/\/samorin.fara.sk\/hu\/pohreb\/","title":{"rendered":"A kereszt\u00e9ny temet\u00e9s"},"content":{"rendered":"<p><\/p>\n<p>&nbsp;<\/p>\n<p>Az ember hal\u00e1la Krisztus hal\u00e1la \u00e9s felt\u00e1mad\u00e1sa h\u00fasv\u00e9ti miszt\u00e9rium\u00e1nak f\u00e9ny\u00e9ben nyeri el kereszt\u00e9ny \u00e9rtelm\u00e9t. A kereszt\u00e9ny ember, aki J\u00e9zus Krisztusban hal meg, ekkor kik\u00f6lt\u00f6zik a testb\u0151l, hogy otthon legyen az \u00darn\u00e1l. Az Egyh\u00e1z, mely a h\u00edv\u0151t \u00e9lete sor\u00e1n szents\u00e9gileg elk\u00eds\u00e9rte, \u00fatj\u00e1nak v\u00e9g\u00e9n Krisztusban az Aty\u00e1nak aj\u00e1nlja \u00e9s az \u0151 kez\u00e9be adja \u00e1t \u0151t.<\/p>\n<p>A katolikus kereszt\u00e9ny temet\u00e9s az Egyh\u00e1z liturgikus cselekm\u00e9nye, mely \u00e1ltal kifejezi az elhunyttal val\u00f3 k\u00f6z\u00f6ss\u00e9get, \u00e9s hirdeti az \u00f6r\u00f6k \u00e9let igazs\u00e1g\u00e1t a temet\u00e9sre \u00f6sszegy\u0171lt h\u00edveknek.<\/p>\n<p><span style=\"color: #eb6800;\">Minden megkeresztelt katolikusnak joga van a katolikus egyh\u00e1zi temet\u00e9shez. A temet\u00e9s \u00fcgyint\u00e9z\u00e9s\u00e9n\u00e9l el\u0151sz\u00f6r a temetkez\u00e9si v\u00e1llalatn\u00e1l kell int\u00e9zkedni, ut\u00e1na a pl\u00e9b\u00e1niahivatalban. A pl\u00e9b\u00e1ni\u00e1ra k\u00e9rj\u00fck, hozz\u00e1k magukkal a halottvizsg\u00e1lati bizony\u00edtv\u00e1ny m\u00e1solat\u00e1t:<\/span><\/p>\n<ul>\n<li><span style=\"color: #eb6800;\"><b>List o prehliadke m\u0155tveho a \u0161tatistick\u00e9<\/b><b style=\"line-height: 1.4em;\">\u00a0hl\u00e1senie o \u00famrt\u00ed.<\/b><\/span><\/li>\n<\/ul>\n<p><\/p>","protected":false},"excerpt":{"rendered":"<p>&nbsp; Az ember hal\u00e1la Krisztus hal\u00e1la \u00e9s felt\u00e1mad\u00e1sa h\u00fasv\u00e9ti miszt\u00e9rium\u00e1nak f\u00e9ny\u00e9ben nyeri el kereszt\u00e9ny \u00e9rtelm\u00e9t. A kereszt\u00e9ny ember, aki J\u00e9zus&#8230;<\/p>\n","protected":false},"author":3,"featured_media":0,"parent":0,"menu_order":0,"comment_status":"closed","ping_status":"closed","template":"template-full-width-page.php","meta":{"footnotes":""},"class_list":["post-2298","page","type-page","status-publish","hentry"],"yoast_head":"<!-- This site is optimized with the Yoast SEO plugin v27.4 - https:\/\/yoast.com\/product\/yoast-seo-wordpress\/ -->\n<title>A kereszt\u00e9ny temet\u00e9s - Somorjai Nagyboldogasszony Pl\u00e9b\u00e1nia<\/title>\n<meta name=\"robots\" content=\"index, follow, max-snippet:-1, max-image-preview:large, max-video-preview:-1\" \/>\n<link rel=\"canonical\" href=\"https:\/\/samorin.fara.sk\/hu\/pohreb\/\" \/>\n<meta property=\"og:locale\" content=\"hu_HU\" \/>\n<meta property=\"og:type\" content=\"article\" \/>\n<meta property=\"og:title\" content=\"A kereszt\u00e9ny temet\u00e9s - Somorjai Nagyboldogasszony Pl\u00e9b\u00e1nia\" \/>\n<meta property=\"og:description\" content=\"&nbsp; Az ember hal\u00e1la Krisztus hal\u00e1la \u00e9s felt\u00e1mad\u00e1sa h\u00fasv\u00e9ti miszt\u00e9rium\u00e1nak f\u00e9ny\u00e9ben nyeri el kereszt\u00e9ny \u00e9rtelm\u00e9t. A kereszt\u00e9ny ember, aki J\u00e9zus...\" \/>\n<meta property=\"og:url\" content=\"https:\/\/samorin.fara.sk\/hu\/pohreb\/\" \/>\n<meta property=\"og:site_name\" content=\"Somorjai Nagyboldogasszony Pl\u00e9b\u00e1nia\" \/>\n<meta property=\"article:modified_time\" content=\"2019-08-29T12:25:09+00:00\" \/>\n<meta name=\"twitter:card\" content=\"summary_large_image\" \/>\n<meta name=\"twitter:label1\" content=\"Becs\u00fclt olvas\u00e1si id\u0151\" \/>\n\t<meta name=\"twitter:data1\" content=\"2 perc\" \/>\n<script type=\"application\/ld+json\" class=\"yoast-schema-graph\">{\"@context\":\"https:\\\/\\\/schema.org\",\"@graph\":[{\"@type\":\"WebPage\",\"@id\":\"https:\\\/\\\/samorin.fara.sk\\\/hu\\\/pohreb\\\/\",\"url\":\"https:\\\/\\\/samorin.fara.sk\\\/hu\\\/pohreb\\\/\",\"name\":\"A kereszt\u00e9ny temet\u00e9s - Somorjai Nagyboldogasszony Pl\u00e9b\u00e1nia\",\"isPartOf\":{\"@id\":\"https:\\\/\\\/samorin.fara.sk\\\/hu\\\/#website\"},\"datePublished\":\"2019-08-05T19:42:16+00:00\",\"dateModified\":\"2019-08-29T12:25:09+00:00\",\"breadcrumb\":{\"@id\":\"https:\\\/\\\/samorin.fara.sk\\\/hu\\\/pohreb\\\/#breadcrumb\"},\"inLanguage\":\"hu\",\"potentialAction\":[{\"@type\":\"ReadAction\",\"target\":[[\"https:\\\/\\\/samorin.fara.sk\\\/hu\\\/pohreb\\\/\"]]}]},{\"@type\":\"BreadcrumbList\",\"@id\":\"https:\\\/\\\/samorin.fara.sk\\\/hu\\\/pohreb\\\/#breadcrumb\",\"itemListElement\":[{\"@type\":\"ListItem\",\"position\":1,\"name\":\"Home\",\"item\":\"https:\\\/\\\/samorin.fara.sk\\\/hu\\\/\"},{\"@type\":\"ListItem\",\"position\":2,\"name\":\"A kereszt\u00e9ny temet\u00e9s\"}]},{\"@type\":\"WebSite\",\"@id\":\"https:\\\/\\\/samorin.fara.sk\\\/hu\\\/#website\",\"url\":\"https:\\\/\\\/samorin.fara.sk\\\/hu\\\/\",\"name\":\"Somorjai Nagyboldogasszony Pl\u00e9b\u00e1nia\",\"description\":\"R\u00f3mai Katolikus Egyh\u00e1z, Pozsonyi F\u0151egyh\u00e1zmegye\",\"potentialAction\":[{\"@type\":\"SearchAction\",\"target\":{\"@type\":\"EntryPoint\",\"urlTemplate\":\"https:\\\/\\\/samorin.fara.sk\\\/hu\\\/?s={search_term_string}\"},\"query-input\":{\"@type\":\"PropertyValueSpecification\",\"valueRequired\":true,\"valueName\":\"search_term_string\"}}],\"inLanguage\":\"hu\"}]}<\/script>\n<!-- \/ Yoast SEO plugin. -->","yoast_head_json":{"title":"A kereszt\u00e9ny temet\u00e9s - Somorjai Nagyboldogasszony Pl\u00e9b\u00e1nia","robots":{"index":"index","follow":"follow","max-snippet":"max-snippet:-1","max-image-preview":"max-image-preview:large","max-video-preview":"max-video-preview:-1"},"canonical":"https:\/\/samorin.fara.sk\/hu\/pohreb\/","og_locale":"hu_HU","og_type":"article","og_title":"A kereszt\u00e9ny temet\u00e9s - Somorjai Nagyboldogasszony Pl\u00e9b\u00e1nia","og_description":"&nbsp; Az ember hal\u00e1la Krisztus hal\u00e1la \u00e9s felt\u00e1mad\u00e1sa h\u00fasv\u00e9ti miszt\u00e9rium\u00e1nak f\u00e9ny\u00e9ben nyeri el kereszt\u00e9ny \u00e9rtelm\u00e9t. A kereszt\u00e9ny ember, aki J\u00e9zus...","og_url":"https:\/\/samorin.fara.sk\/hu\/pohreb\/","og_site_name":"Somorjai Nagyboldogasszony Pl\u00e9b\u00e1nia","article_modified_time":"2019-08-29T12:25:09+00:00","twitter_card":"summary_large_image","twitter_misc":{"Becs\u00fclt olvas\u00e1si id\u0151":"2 perc"},"schema":{"@context":"https:\/\/schema.org","@graph":[{"@type":"WebPage","@id":"https:\/\/samorin.fara.sk\/hu\/pohreb\/","url":"https:\/\/samorin.fara.sk\/hu\/pohreb\/","name":"A kereszt\u00e9ny temet\u00e9s - Somorjai Nagyboldogasszony Pl\u00e9b\u00e1nia","isPartOf":{"@id":"https:\/\/samorin.fara.sk\/hu\/#website"},"datePublished":"2019-08-05T19:42:16+00:00","dateModified":"2019-08-29T12:25:09+00:00","breadcrumb":{"@id":"https:\/\/samorin.fara.sk\/hu\/pohreb\/#breadcrumb"},"inLanguage":"hu","potentialAction":[{"@type":"ReadAction","target":[["https:\/\/samorin.fara.sk\/hu\/pohreb\/"]]}]},{"@type":"BreadcrumbList","@id":"https:\/\/samorin.fara.sk\/hu\/pohreb\/#breadcrumb","itemListElement":[{"@type":"ListItem","position":1,"name":"Home","item":"https:\/\/samorin.fara.sk\/hu\/"},{"@type":"ListItem","position":2,"name":"A kereszt\u00e9ny temet\u00e9s"}]},{"@type":"WebSite","@id":"https:\/\/samorin.fara.sk\/hu\/#website","url":"https:\/\/samorin.fara.sk\/hu\/","name":"Somorjai Nagyboldogasszony Pl\u00e9b\u00e1nia","description":"R\u00f3mai Katolikus Egyh\u00e1z, Pozsonyi F\u0151egyh\u00e1zmegye","potentialAction":[{"@type":"SearchAction","target":{"@type":"EntryPoint","urlTemplate":"https:\/\/samorin.fara.sk\/hu\/?s={search_term_string}"},"query-input":{"@type":"PropertyValueSpecification","valueRequired":true,"valueName":"search_term_string"}}],"inLanguage":"hu"}]}},"jetpack_sharing_enabled":true,"_links":{"self":[{"href":"https:\/\/samorin.fara.sk\/hu\/wp-json\/wp\/v2\/pages\/2298","targetHints":{"allow":["GET"]}}],"collection":[{"href":"https:\/\/samorin.fara.sk\/hu\/wp-json\/wp\/v2\/pages"}],"about":[{"href":"https:\/\/samorin.fara.sk\/hu\/wp-json\/wp\/v2\/types\/page"}],"author":[{"embeddable":true,"href":"https:\/\/samorin.fara.sk\/hu\/wp-json\/wp\/v2\/users\/3"}],"replies":[{"embeddable":true,"href":"https:\/\/samorin.fara.sk\/hu\/wp-json\/wp\/v2\/comments?post=2298"}],"version-history":[{"count":13,"href":"https:\/\/samorin.fara.sk\/hu\/wp-json\/wp\/v2\/pages\/2298\/revisions"}],"predecessor-version":[{"id":2820,"href":"https:\/\/samorin.fara.sk\/hu\/wp-json\/wp\/v2\/pages\/2298\/revisions\/2820"}],"wp:attachment":[{"href":"https:\/\/samorin.fara.sk\/hu\/wp-json\/wp\/v2\/media?parent=2298"}],"curies":[{"name":"wp","href":"https:\/\/api.w.org\/{rel}","templated":true}]}}