{"id":2128,"date":"2019-08-04T08:41:43","date_gmt":"2019-08-04T06:41:43","guid":{"rendered":"https:\/\/samorin.fara.sk\/?page_id=2128"},"modified":"2019-08-25T04:18:10","modified_gmt":"2019-08-25T02:18:10","slug":"zasady-ochrany-osobnych-udajov","status":"publish","type":"page","link":"https:\/\/samorin.fara.sk\/hu\/zasady-ochrany-osobnych-udajov\/","title":{"rendered":"Adatkezel\u00e9si t\u00e1j\u00e9koztat\u00f3"},"content":{"rendered":"<h2 style=\"text-align: center;\">Ochrana osobn\u00fdch \u00fadajov<\/h2>\r\n<p><a href=\"https:\/\/gdpr.kbs.sk\/obsah\/sekcia\/h\/cirkev\/p\/zavazne-predpisy-rkc\">https:\/\/gdpr.kbs.sk\/obsah\/sekcia\/h\/cirkev\/p\/zavazne-predpisy-rkc<\/a><\/p>\r\n<h4>\u00a0<\/h4>\r\n<h4 class=\"col-xs-12\" style=\"text-align: center;\"><b style=\"font-size: 16px;\">S\u00fctik \u00e9s webjelz\u0151k kezel\u00e9s\u00e9vel kapcsolatos t\u00e1j\u00e9koztat\u00f3<\/b><\/h4>\r\n<p class=\"col-xs-12\">A s\u00fctit (cookie), illetve webjelz\u0151t a somorjai katolikus pl\u00e9b\u00e1nia samorin.fara.sk domain alatt m\u0171k\u00f6d\u0151 honlapja helyezi el.<\/p>\r\n<p>A honlap els\u0151 alkalommal t\u00f6rt\u00e9n\u0151 megl\u00e1togat\u00e1sakor felugr\u00f3 ablakban t\u00e1j\u00e9koztat\u00e1st kap arr\u00f3l, hogy a honlap megl\u00e1togat\u00e1sa eset\u00e9n a sz\u00e1m\u00edt\u00f3g\u00e9p\u00e9n \u00e9s\/vagy mobil eszk\u00f6z\u00e9n s\u00fcti, illetve webjelz\u0151 ker\u00fcl elhelyez\u00e9sre.<\/p>\r\n<h5><b>1. S\u00fcti \u00e9s webjelz\u0151<\/b><\/h5>\r\n<p>A s\u00fcti bet\u0171kb\u0151l \u00e9s sz\u00e1mokb\u00f3l \u00e1ll\u00f3 kis inform\u00e1ci\u00f3s-csomag. A webszerver a s\u00fctit automatikusan megk\u00fcldi a b\u00f6ng\u00e9sz\u0151j\u00e9nek a honlap els\u0151 alkalommal t\u00f6rt\u00e9n\u0151 megl\u00e1togat\u00e1sakor. A sz\u00e1m\u00edt\u00f3g\u00e9pe vagy mobil eszk\u00f6ze elt\u00e1rolja a s\u00fctit. A b\u00f6ng\u00e9sz\u0151 a honlap k\u00f6vetkez\u0151 alkalommal t\u00f6rt\u00e9n\u0151 megl\u00e1togat\u00e1sakor visszak\u00fcldi a s\u00fctit a webszerver r\u00e9sz\u00e9re. A fara.sk webszerver a megk\u00fcld\u00f6tt adatok alapj\u00e1n azonos\u00edtani tudja a s\u00fctit k\u00fcld\u0151 sz\u00e1m\u00edt\u00f3g\u00e9pet vagy mobil eszk\u00f6zt \u00e9s a megk\u00fcld\u00f6tt s\u00fctiket megfelel\u0151en \u00f6ssze tudja kapcsolni.<\/p>\r\n<p>A webjelz\u0151 a honlapon elhelyezett kis m\u00e9ret\u0171, \u00e1ltal\u00e1ban \u00e9szrevehetetlen inform\u00e1ci\u00f3. A webjelz\u0151k elhelyez\u00e9s\u00e9vel a honlapon v\u00e9gzett m\u0171veletei k\u00f6vethet\u0151k.<\/p>\r\n<h5><b>2. S\u00fctik \u00e9s webjelz\u0151k t\u00edpusa<\/b><\/h5>\r\n<p>A webszerver olyan s\u00fctit\/webjelz\u0151t helyez el, amely a b\u00f6ng\u00e9sz\u0151 bez\u00e1r\u00e1sakor<b>\u00a0automatikusan<\/b>\u00a0t\u00f6rl\u0151dik (\u00fan. munkamenet s\u00fcti).\u00a0<\/p>\r\n<h5><b>3. S\u00fctik \u00e9s webjelz\u0151k elhelyez\u00e9s\u00e9nek c\u00e9lja<\/b><\/h5>\r\n<p>A webszerver a s\u00fctiket \u00e9s webjelz\u0151ket annak \u00e9rdek\u00e9ben helyezi el a honlapon, hogy munkamenet azonos\u00edt\u00f3t biztos\u00edtson\u00a0 a l\u00e1togat\u00f3 esetleges jogosults\u00e1g\u00e1nak k\u00f6vet\u00e9s\u00e9re.<\/p>\r\n<h5><b>4. S\u00fctik \u00e9s webjelz\u0151k elhelyez\u00e9s\u00e9nek tilt\u00e1sa<\/b><\/h5>\r\n<p>Ha \u00d6n meg k\u00edv\u00e1nja tiltani, hogy s\u00fctit vagy webjelz\u0151t helyezzenek el a sz\u00e1m\u00edt\u00f3g\u00e9p\u00e9n vagy mobil eszk\u00f6z\u00e9n, akkor ezt a b\u00f6ng\u00e9sz\u0151je be\u00e1ll\u00edt\u00e1sok men\u00fcpontja alatt teheti meg. Ha \u00d6n a s\u00fctik \u00e9s webjelz\u0151k haszn\u00e1lat\u00e1t megtiltja, akkor lehets\u00e9ges, hogy a honlap egyes funkci\u00f3it nem tudja haszn\u00e1lni.<br \/>\r\n<br \/>\r\nA k\u00f6vetkez\u0151 helyeken tudhat meg b\u0151vebb inform\u00e1ci\u00f3t arr\u00f3l, hogy<br \/>\r\n&#8211; a <a href=\"https:\/\/support.google.com\/chrome\/answer\/95647?co=GENIE.Platform%3DDesktop&amp;hl=hu\">Google Chrome<\/a> b\u00f6ng\u00e9sz\u0151ben hogyan t\u00f6r\u00f6lheti, tilthatja le vagy enged\u00e9lyezheti a s\u00fctiket<br \/>\r\n&#8211; a <a href=\"https:\/\/support.mozilla.org\/hu\/kb\/weboldalak-altal-elhelyezett-sutik-torlese-szamito\">Firefox<\/a> b\u00f6ng\u00e9sz\u0151ben hogyan t\u00f6r\u00f6lheti a s\u00fctiket<br \/>\r\n&#8211; A <a href=\"https:\/\/support.microsoft.com\/hu-hu\/help\/4468242\/microsoft-edge-browsing-data-and-privacy-microsoft-privacy\">Microsoft Edge<\/a>, a b\u00f6ng\u00e9sz\u00e9si adatok \u00e9s az adatv\u00e9delem<\/p>","protected":false},"excerpt":{"rendered":"<p>Ochrana osobn\u00fdch \u00fadajov https:\/\/gdpr.kbs.sk\/obsah\/sekcia\/h\/cirkev\/p\/zavazne-predpisy-rkc \u00a0 S\u00fctik \u00e9s webjelz\u0151k kezel\u00e9s\u00e9vel kapcsolatos t\u00e1j\u00e9koztat\u00f3 A s\u00fctit (cookie), illetve webjelz\u0151t a somorjai katolikus pl\u00e9b\u00e1nia&#8230;<\/p>\n","protected":false},"author":3,"featured_media":0,"parent":0,"menu_order":0,"comment_status":"closed","ping_status":"closed","template":"template-full-width-page.php","meta":{"footnotes":""},"class_list":["post-2128","page","type-page","status-publish","hentry"],"yoast_head":"<!-- This site is optimized with the Yoast SEO plugin v27.4 - https:\/\/yoast.com\/product\/yoast-seo-wordpress\/ -->\n<title>Adatkezel\u00e9si t\u00e1j\u00e9koztat\u00f3 - Somorjai Nagyboldogasszony Pl\u00e9b\u00e1nia<\/title>\n<meta name=\"robots\" content=\"index, follow, max-snippet:-1, max-image-preview:large, max-video-preview:-1\" \/>\n<link rel=\"canonical\" href=\"https:\/\/samorin.fara.sk\/hu\/zasady-ochrany-osobnych-udajov\/\" \/>\n<meta property=\"og:locale\" content=\"hu_HU\" \/>\n<meta property=\"og:type\" content=\"article\" \/>\n<meta property=\"og:title\" content=\"Adatkezel\u00e9si t\u00e1j\u00e9koztat\u00f3 - Somorjai Nagyboldogasszony Pl\u00e9b\u00e1nia\" \/>\n<meta property=\"og:description\" content=\"Ochrana osobn\u00fdch \u00fadajov https:\/\/gdpr.kbs.sk\/obsah\/sekcia\/h\/cirkev\/p\/zavazne-predpisy-rkc \u00a0 S\u00fctik \u00e9s webjelz\u0151k kezel\u00e9s\u00e9vel kapcsolatos t\u00e1j\u00e9koztat\u00f3 A s\u00fctit (cookie), illetve webjelz\u0151t a somorjai katolikus pl\u00e9b\u00e1nia...\" \/>\n<meta property=\"og:url\" content=\"https:\/\/samorin.fara.sk\/hu\/zasady-ochrany-osobnych-udajov\/\" \/>\n<meta property=\"og:site_name\" content=\"Somorjai Nagyboldogasszony Pl\u00e9b\u00e1nia\" \/>\n<meta property=\"article:modified_time\" content=\"2019-08-25T02:18:10+00:00\" \/>\n<meta name=\"twitter:card\" content=\"summary_large_image\" \/>\n<meta name=\"twitter:label1\" content=\"Becs\u00fclt olvas\u00e1si id\u0151\" \/>\n\t<meta name=\"twitter:data1\" content=\"2 perc\" \/>\n<script type=\"application\/ld+json\" class=\"yoast-schema-graph\">{\"@context\":\"https:\\\/\\\/schema.org\",\"@graph\":[{\"@type\":\"WebPage\",\"@id\":\"https:\\\/\\\/samorin.fara.sk\\\/hu\\\/zasady-ochrany-osobnych-udajov\\\/\",\"url\":\"https:\\\/\\\/samorin.fara.sk\\\/hu\\\/zasady-ochrany-osobnych-udajov\\\/\",\"name\":\"Adatkezel\u00e9si t\u00e1j\u00e9koztat\u00f3 - Somorjai Nagyboldogasszony Pl\u00e9b\u00e1nia\",\"isPartOf\":{\"@id\":\"https:\\\/\\\/samorin.fara.sk\\\/hu\\\/#website\"},\"datePublished\":\"2019-08-04T06:41:43+00:00\",\"dateModified\":\"2019-08-25T02:18:10+00:00\",\"breadcrumb\":{\"@id\":\"https:\\\/\\\/samorin.fara.sk\\\/hu\\\/zasady-ochrany-osobnych-udajov\\\/#breadcrumb\"},\"inLanguage\":\"hu\",\"potentialAction\":[{\"@type\":\"ReadAction\",\"target\":[[\"https:\\\/\\\/samorin.fara.sk\\\/hu\\\/zasady-ochrany-osobnych-udajov\\\/\"]]}]},{\"@type\":\"BreadcrumbList\",\"@id\":\"https:\\\/\\\/samorin.fara.sk\\\/hu\\\/zasady-ochrany-osobnych-udajov\\\/#breadcrumb\",\"itemListElement\":[{\"@type\":\"ListItem\",\"position\":1,\"name\":\"Home\",\"item\":\"https:\\\/\\\/samorin.fara.sk\\\/hu\\\/\"},{\"@type\":\"ListItem\",\"position\":2,\"name\":\"Z\u00e1sady ochrany osobn\u00fdch \u00fadajov\"}]},{\"@type\":\"WebSite\",\"@id\":\"https:\\\/\\\/samorin.fara.sk\\\/hu\\\/#website\",\"url\":\"https:\\\/\\\/samorin.fara.sk\\\/hu\\\/\",\"name\":\"Somorjai Nagyboldogasszony Pl\u00e9b\u00e1nia\",\"description\":\"R\u00f3mai Katolikus Egyh\u00e1z, Pozsonyi F\u0151egyh\u00e1zmegye\",\"potentialAction\":[{\"@type\":\"SearchAction\",\"target\":{\"@type\":\"EntryPoint\",\"urlTemplate\":\"https:\\\/\\\/samorin.fara.sk\\\/hu\\\/?s={search_term_string}\"},\"query-input\":{\"@type\":\"PropertyValueSpecification\",\"valueRequired\":true,\"valueName\":\"search_term_string\"}}],\"inLanguage\":\"hu\"}]}<\/script>\n<!-- \/ Yoast SEO plugin. -->","yoast_head_json":{"title":"Adatkezel\u00e9si t\u00e1j\u00e9koztat\u00f3 - Somorjai Nagyboldogasszony Pl\u00e9b\u00e1nia","robots":{"index":"index","follow":"follow","max-snippet":"max-snippet:-1","max-image-preview":"max-image-preview:large","max-video-preview":"max-video-preview:-1"},"canonical":"https:\/\/samorin.fara.sk\/hu\/zasady-ochrany-osobnych-udajov\/","og_locale":"hu_HU","og_type":"article","og_title":"Adatkezel\u00e9si t\u00e1j\u00e9koztat\u00f3 - Somorjai Nagyboldogasszony Pl\u00e9b\u00e1nia","og_description":"Ochrana osobn\u00fdch \u00fadajov https:\/\/gdpr.kbs.sk\/obsah\/sekcia\/h\/cirkev\/p\/zavazne-predpisy-rkc \u00a0 S\u00fctik \u00e9s webjelz\u0151k kezel\u00e9s\u00e9vel kapcsolatos t\u00e1j\u00e9koztat\u00f3 A s\u00fctit (cookie), illetve webjelz\u0151t a somorjai katolikus pl\u00e9b\u00e1nia...","og_url":"https:\/\/samorin.fara.sk\/hu\/zasady-ochrany-osobnych-udajov\/","og_site_name":"Somorjai Nagyboldogasszony Pl\u00e9b\u00e1nia","article_modified_time":"2019-08-25T02:18:10+00:00","twitter_card":"summary_large_image","twitter_misc":{"Becs\u00fclt olvas\u00e1si id\u0151":"2 perc"},"schema":{"@context":"https:\/\/schema.org","@graph":[{"@type":"WebPage","@id":"https:\/\/samorin.fara.sk\/hu\/zasady-ochrany-osobnych-udajov\/","url":"https:\/\/samorin.fara.sk\/hu\/zasady-ochrany-osobnych-udajov\/","name":"Adatkezel\u00e9si t\u00e1j\u00e9koztat\u00f3 - Somorjai Nagyboldogasszony Pl\u00e9b\u00e1nia","isPartOf":{"@id":"https:\/\/samorin.fara.sk\/hu\/#website"},"datePublished":"2019-08-04T06:41:43+00:00","dateModified":"2019-08-25T02:18:10+00:00","breadcrumb":{"@id":"https:\/\/samorin.fara.sk\/hu\/zasady-ochrany-osobnych-udajov\/#breadcrumb"},"inLanguage":"hu","potentialAction":[{"@type":"ReadAction","target":[["https:\/\/samorin.fara.sk\/hu\/zasady-ochrany-osobnych-udajov\/"]]}]},{"@type":"BreadcrumbList","@id":"https:\/\/samorin.fara.sk\/hu\/zasady-ochrany-osobnych-udajov\/#breadcrumb","itemListElement":[{"@type":"ListItem","position":1,"name":"Home","item":"https:\/\/samorin.fara.sk\/hu\/"},{"@type":"ListItem","position":2,"name":"Z\u00e1sady ochrany osobn\u00fdch \u00fadajov"}]},{"@type":"WebSite","@id":"https:\/\/samorin.fara.sk\/hu\/#website","url":"https:\/\/samorin.fara.sk\/hu\/","name":"Somorjai Nagyboldogasszony Pl\u00e9b\u00e1nia","description":"R\u00f3mai Katolikus Egyh\u00e1z, Pozsonyi F\u0151egyh\u00e1zmegye","potentialAction":[{"@type":"SearchAction","target":{"@type":"EntryPoint","urlTemplate":"https:\/\/samorin.fara.sk\/hu\/?s={search_term_string}"},"query-input":{"@type":"PropertyValueSpecification","valueRequired":true,"valueName":"search_term_string"}}],"inLanguage":"hu"}]}},"jetpack_sharing_enabled":true,"_links":{"self":[{"href":"https:\/\/samorin.fara.sk\/hu\/wp-json\/wp\/v2\/pages\/2128","targetHints":{"allow":["GET"]}}],"collection":[{"href":"https:\/\/samorin.fara.sk\/hu\/wp-json\/wp\/v2\/pages"}],"about":[{"href":"https:\/\/samorin.fara.sk\/hu\/wp-json\/wp\/v2\/types\/page"}],"author":[{"embeddable":true,"href":"https:\/\/samorin.fara.sk\/hu\/wp-json\/wp\/v2\/users\/3"}],"replies":[{"embeddable":true,"href":"https:\/\/samorin.fara.sk\/hu\/wp-json\/wp\/v2\/comments?post=2128"}],"version-history":[{"count":7,"href":"https:\/\/samorin.fara.sk\/hu\/wp-json\/wp\/v2\/pages\/2128\/revisions"}],"predecessor-version":[{"id":2722,"href":"https:\/\/samorin.fara.sk\/hu\/wp-json\/wp\/v2\/pages\/2128\/revisions\/2722"}],"wp:attachment":[{"href":"https:\/\/samorin.fara.sk\/hu\/wp-json\/wp\/v2\/media?parent=2128"}],"curies":[{"name":"wp","href":"https:\/\/api.w.org\/{rel}","templated":true}]}}