{"id":1236,"date":"2017-05-06T14:59:51","date_gmt":"2017-05-06T12:59:51","guid":{"rendered":"http:\/\/samorin.fara.sk\/?page_id=1236"},"modified":"2019-09-01T05:11:40","modified_gmt":"2019-09-01T03:11:40","slug":"odporucane-web-stranky","status":"publish","type":"page","link":"https:\/\/samorin.fara.sk\/hu\/odporucane-web-stranky\/","title":{"rendered":"Aj\u00e1nlott weboldalak"},"content":{"rendered":"<p><\/p>\n<p><a href=\"http:\/\/igenaptar.katolikus.hu\/\" target=\"_blank\" rel=\"noopener noreferrer\" data-saferedirecturl=\"https:\/\/www.google.com\/url?q=http:\/\/igenaptar.katolikus.hu&amp;source=gmail&amp;ust=1565117677651000&amp;usg=AFQjCNGf2P_JLm-2drnRNynTeZ6LL-LWXA\">igenaptar.katolikus.hu<\/a>\u00a0<\/p>\n<p><a href=\"https:\/\/igenaptar.katolikus.hu\/\"><img decoding=\"async\" class=\"aligncenter wp-image-2788 size-full lazyload\" data-src=\"https:\/\/samorin.fara.sk\/wp-content\/uploads\/2019\/08\/ige.png\" alt=\"\" width=\"153\" height=\"70\" data-srcset=\"https:\/\/samorin.fara.sk\/wp-content\/uploads\/2019\/08\/ige.png 153w, https:\/\/samorin.fara.sk\/wp-content\/uploads\/2019\/08\/ige-150x69.png 150w\" data-sizes=\"(max-width: 153px) 100vw, 153px\" src=\"data:image\/svg+xml;base64,PHN2ZyB3aWR0aD0iMSIgaGVpZ2h0PSIxIiB4bWxucz0iaHR0cDovL3d3dy53My5vcmcvMjAwMC9zdmciPjwvc3ZnPg==\" style=\"--smush-placeholder-width: 153px; --smush-placeholder-aspect-ratio: 153\/70;\" \/><\/a><\/p>\n<hr \/>\n<p><a href=\"http:\/\/www.zsolozsma.hu\/\" target=\"_blank\" rel=\"nofollow noopener noreferrer\" data-saferedirecturl=\"https:\/\/www.google.com\/url?q=http:\/\/www.zsolozsma.hu&amp;source=gmail&amp;ust=1565117677651000&amp;usg=AFQjCNG2ESuLazgb37mkaYBBBSdzKZCvlw\">www.zsolozsma.hu<\/a> &#8211; az ima\u00f3r\u00e1k liturgi\u00e1ja<\/p>\n<p><a href=\"https:\/\/lh.kbs.sk\/hu\/default.htm\"><img decoding=\"async\" class=\"aligncenter wp-image-2789 size-full lazyload\" data-src=\"https:\/\/samorin.fara.sk\/wp-content\/uploads\/2019\/08\/zs.png\" alt=\"\" width=\"334\" height=\"80\" data-srcset=\"https:\/\/samorin.fara.sk\/wp-content\/uploads\/2019\/08\/zs.png 334w, https:\/\/samorin.fara.sk\/wp-content\/uploads\/2019\/08\/zs-150x36.png 150w\" data-sizes=\"(max-width: 334px) 100vw, 334px\" src=\"data:image\/svg+xml;base64,PHN2ZyB3aWR0aD0iMSIgaGVpZ2h0PSIxIiB4bWxucz0iaHR0cDovL3d3dy53My5vcmcvMjAwMC9zdmciPjwvc3ZnPg==\" style=\"--smush-placeholder-width: 334px; --smush-placeholder-aspect-ratio: 334\/80;\" \/><\/a><\/p>\n<hr \/>\n<p><a href=\"https:\/\/www.evangelium365.hu\/\">https:\/\/www.evangelium365.hu\/<\/a>\u00a0<\/p>\n<p><a href=\"https:\/\/www.evangelium365.hu\/\"><img decoding=\"async\" class=\"aligncenter wp-image-2790 size-medium lazyload\" data-src=\"https:\/\/samorin.fara.sk\/wp-content\/uploads\/2019\/08\/evan-640x133.png\" alt=\"\" width=\"640\" height=\"133\" data-srcset=\"https:\/\/samorin.fara.sk\/wp-content\/uploads\/2019\/08\/evan-640x133.png 640w, https:\/\/samorin.fara.sk\/wp-content\/uploads\/2019\/08\/evan-150x31.png 150w, https:\/\/samorin.fara.sk\/wp-content\/uploads\/2019\/08\/evan-1018x211.png 1018w, https:\/\/samorin.fara.sk\/wp-content\/uploads\/2019\/08\/evan.png 1518w\" data-sizes=\"(max-width: 640px) 100vw, 640px\" src=\"data:image\/svg+xml;base64,PHN2ZyB3aWR0aD0iMSIgaGVpZ2h0PSIxIiB4bWxucz0iaHR0cDovL3d3dy53My5vcmcvMjAwMC9zdmciPjwvc3ZnPg==\" style=\"--smush-placeholder-width: 640px; --smush-placeholder-aspect-ratio: 640\/133;\" \/><\/a><\/p>\n<hr \/>\n<p><a href=\"https:\/\/www.facebook.com\/Somorjai-Katolikusok-509212199280168\/\">https:\/\/www.facebook.com\/Somorjai-Katolikusok-509212199280168\/<\/a><\/p>\n<p><a href=\"https:\/\/www.facebook.com\/Somorjai-Katolikusok-509212199280168\/\"><img decoding=\"async\" class=\"size-full wp-image-2657 aligncenter lazyload\" data-src=\"https:\/\/samorin.fara.sk\/wp-content\/uploads\/2019\/08\/som-kat.png\" alt=\"\" width=\"186\" height=\"322\" data-srcset=\"https:\/\/samorin.fara.sk\/wp-content\/uploads\/2019\/08\/som-kat.png 186w, https:\/\/samorin.fara.sk\/wp-content\/uploads\/2019\/08\/som-kat-87x150.png 87w\" data-sizes=\"(max-width: 186px) 100vw, 186px\" src=\"data:image\/svg+xml;base64,PHN2ZyB3aWR0aD0iMSIgaGVpZ2h0PSIxIiB4bWxucz0iaHR0cDovL3d3dy53My5vcmcvMjAwMC9zdmciPjwvc3ZnPg==\" style=\"--smush-placeholder-width: 186px; --smush-placeholder-aspect-ratio: 186\/322;\" \/><\/a><\/p>\n<hr \/>\n<p><a href=\"https:\/\/777blog.hu\/\">https:\/\/777blog.hu\/<\/a> &#8211; Magyarorsz\u00e1g legnagyobb kereszt\u00e9ny blogja.<\/p>\n<p><a href=\"https:\/\/777blog.hu\/\"><img decoding=\"async\" class=\"aligncenter wp-image-2791 size-full lazyload\" data-src=\"https:\/\/samorin.fara.sk\/wp-content\/uploads\/2019\/08\/777.png\" alt=\"\" width=\"339\" height=\"295\" data-srcset=\"https:\/\/samorin.fara.sk\/wp-content\/uploads\/2019\/08\/777.png 339w, https:\/\/samorin.fara.sk\/wp-content\/uploads\/2019\/08\/777-150x131.png 150w\" data-sizes=\"(max-width: 339px) 100vw, 339px\" src=\"data:image\/svg+xml;base64,PHN2ZyB3aWR0aD0iMSIgaGVpZ2h0PSIxIiB4bWxucz0iaHR0cDovL3d3dy53My5vcmcvMjAwMC9zdmciPjwvc3ZnPg==\" style=\"--smush-placeholder-width: 339px; --smush-placeholder-aspect-ratio: 339\/295;\" \/><\/a><\/p>\n<hr \/>\n<p><a href=\"https:\/\/katolikus.hu\/\">https:\/\/katolikus.hu\/<\/a> &#8211; Magyar Katolikus Egyh\u00e1z<\/p>\n<p><a href=\"https:\/\/katolikus.hu\/\"><img decoding=\"async\" class=\"aligncenter wp-image-2792 size-full lazyload\" data-src=\"https:\/\/samorin.fara.sk\/wp-content\/uploads\/2019\/08\/mke.png\" alt=\"\" width=\"876\" height=\"157\" data-srcset=\"https:\/\/samorin.fara.sk\/wp-content\/uploads\/2019\/08\/mke.png 876w, https:\/\/samorin.fara.sk\/wp-content\/uploads\/2019\/08\/mke-150x27.png 150w, https:\/\/samorin.fara.sk\/wp-content\/uploads\/2019\/08\/mke-640x115.png 640w\" data-sizes=\"(max-width: 876px) 100vw, 876px\" src=\"data:image\/svg+xml;base64,PHN2ZyB3aWR0aD0iMSIgaGVpZ2h0PSIxIiB4bWxucz0iaHR0cDovL3d3dy53My5vcmcvMjAwMC9zdmciPjwvc3ZnPg==\" style=\"--smush-placeholder-width: 876px; --smush-placeholder-aspect-ratio: 876\/157;\" \/><\/a><\/p>\n<hr \/>\n<p><a href=\"https:\/\/archiv.katolikus.hu\/kek\/tartalom.html\">https:\/\/archiv.katolikus.hu\/kek\/tartalom.html<\/a> &#8211; Katekizmus<\/p>\n<p><a href=\"https:\/\/archiv.katolikus.hu\/kek\/tartalom.html\"><img decoding=\"async\" class=\"aligncenter wp-image-2863 lazyload\" data-src=\"https:\/\/samorin.fara.sk\/wp-content\/uploads\/2019\/08\/kek.jpg\" alt=\"\" width=\"156\" height=\"220\" data-srcset=\"https:\/\/samorin.fara.sk\/wp-content\/uploads\/2019\/08\/kek.jpg 360w, https:\/\/samorin.fara.sk\/wp-content\/uploads\/2019\/08\/kek-107x150.jpg 107w, https:\/\/samorin.fara.sk\/wp-content\/uploads\/2019\/08\/kek-342x480.jpg 342w\" data-sizes=\"(max-width: 156px) 100vw, 156px\" src=\"data:image\/svg+xml;base64,PHN2ZyB3aWR0aD0iMSIgaGVpZ2h0PSIxIiB4bWxucz0iaHR0cDovL3d3dy53My5vcmcvMjAwMC9zdmciPjwvc3ZnPg==\" style=\"--smush-placeholder-width: 156px; --smush-placeholder-aspect-ratio: 156\/220;\" \/><\/a><\/p>\n<hr \/>\n<p><a href=\"https:\/\/www.magyarkurir.hu\/\">https:\/\/www.magyarkurir.hu\/<\/a> &#8211; katolikus h\u00edrport\u00e1l<\/p>\n<p style=\"padding-left: 40px;\"><a title=\"Magyar Kur\u00edr - Katolikus H\u00edrport\u00e1l\" href=\"https:\/\/www.magyarkurir.hu\/\"><img decoding=\"async\" class=\"aligncenter lazyload\" data-src=\"https:\/\/www.magyarkurir.hu\/design1\/img\/logo.png\" src=\"data:image\/svg+xml;base64,PHN2ZyB3aWR0aD0iMSIgaGVpZ2h0PSIxIiB4bWxucz0iaHR0cDovL3d3dy53My5vcmcvMjAwMC9zdmciPjwvc3ZnPg==\" \/><\/a><\/p>\n<hr \/>\n<p><a href=\"https:\/\/ujember.hu\/\">https:\/\/ujember.hu\/<\/a> &#8211; Magyarorsz\u00e1g katolikus hetilapja<\/p>\n<p style=\"padding-left: 40px;\"><a href=\"https:\/\/ujember.hu\/\"><img decoding=\"async\" class=\"aligncenter lazyload\" data-src=\"https:\/\/ujember.hu\/wp-content\/themes\/ujember\/assets\/images\/logo.png\" alt=\"\u00c3\u009aj Ember\" src=\"data:image\/svg+xml;base64,PHN2ZyB3aWR0aD0iMSIgaGVpZ2h0PSIxIiB4bWxucz0iaHR0cDovL3d3dy53My5vcmcvMjAwMC9zdmciPjwvc3ZnPg==\" \/><\/a><\/p>\n<hr \/>\n<p><a href=\"https:\/\/www.mariaradio.hu\">https:\/\/www.mariaradio.hu\/<\/a> &#8211; magyarorsz\u00e1gi<\/p>\n<p><a href=\"https:\/\/www.mariaradio.sk\/\">https:\/\/www.mariaradio.sk\/<\/a> &#8211; felvid\u00e9ki<\/p>\n<p><a href=\"https:\/\/www.mariaradio.hu\/\"><img decoding=\"async\" class=\"aligncenter wp-image-2865 size-full lazyload\" data-src=\"https:\/\/samorin.fara.sk\/wp-content\/uploads\/2019\/08\/mr-1.png\" alt=\"\" width=\"264\" height=\"319\" data-srcset=\"https:\/\/samorin.fara.sk\/wp-content\/uploads\/2019\/08\/mr-1.png 264w, https:\/\/samorin.fara.sk\/wp-content\/uploads\/2019\/08\/mr-1-124x150.png 124w\" data-sizes=\"(max-width: 264px) 100vw, 264px\" src=\"data:image\/svg+xml;base64,PHN2ZyB3aWR0aD0iMSIgaGVpZ2h0PSIxIiB4bWxucz0iaHR0cDovL3d3dy53My5vcmcvMjAwMC9zdmciPjwvc3ZnPg==\" style=\"--smush-placeholder-width: 264px; --smush-placeholder-aspect-ratio: 264\/319;\" \/><\/a><\/p>\n<p><a href=\"https:\/\/www.mariaradio.sk\/\"><img decoding=\"async\" class=\"aligncenter wp-image-2793 size-full lazyload\" data-src=\"https:\/\/samorin.fara.sk\/wp-content\/uploads\/2019\/08\/mr.png\" alt=\"\" width=\"1262\" height=\"327\" data-srcset=\"https:\/\/samorin.fara.sk\/wp-content\/uploads\/2019\/08\/mr.png 1262w, https:\/\/samorin.fara.sk\/wp-content\/uploads\/2019\/08\/mr-150x39.png 150w, https:\/\/samorin.fara.sk\/wp-content\/uploads\/2019\/08\/mr-640x166.png 640w, https:\/\/samorin.fara.sk\/wp-content\/uploads\/2019\/08\/mr-1018x264.png 1018w\" data-sizes=\"(max-width: 1262px) 100vw, 1262px\" src=\"data:image\/svg+xml;base64,PHN2ZyB3aWR0aD0iMSIgaGVpZ2h0PSIxIiB4bWxucz0iaHR0cDovL3d3dy53My5vcmcvMjAwMC9zdmciPjwvc3ZnPg==\" style=\"--smush-placeholder-width: 1262px; --smush-placeholder-aspect-ratio: 1262\/327;\" \/><\/a><\/p>\n<p>&nbsp;<\/p>\n<p>&nbsp;<\/p>\n<hr \/>\n<p><a href=\"https:\/\/christianae.wordpress.com\/\">https:\/\/christianae.wordpress.com\/<\/a><\/p>\n<ul>\n<li>Katolikus feles\u00e9g, csal\u00e1danya ford\u00edt\u00f3i blogja, aki sz\u00edvesen osztja meg azt, amiben igazs\u00e1got tal\u00e1l.<\/li>\n<li><a href=\"https:\/\/vimeo.com\/user54965146\">https:\/\/vimeo.com\/user54965146<\/a><\/li>\n<\/ul>\n<p>&nbsp;<\/p>\n<p><\/p>","protected":false},"excerpt":{"rendered":"<p>igenaptar.katolikus.hu\u00a0 www.zsolozsma.hu &#8211; az ima\u00f3r\u00e1k liturgi\u00e1ja https:\/\/www.evangelium365.hu\/\u00a0 https:\/\/www.facebook.com\/Somorjai-Katolikusok-509212199280168\/ https:\/\/777blog.hu\/ &#8211; Magyarorsz\u00e1g legnagyobb kereszt\u00e9ny blogja. https:\/\/katolikus.hu\/ &#8211; Magyar Katolikus Egyh\u00e1z https:\/\/archiv.katolikus.hu\/kek\/tartalom.html&#8230;<\/p>\n","protected":false},"author":3,"featured_media":0,"parent":0,"menu_order":0,"comment_status":"closed","ping_status":"closed","template":"template-full-width-page.php","meta":{"footnotes":""},"class_list":["post-1236","page","type-page","status-publish","hentry"],"yoast_head":"<!-- This site is optimized with the Yoast SEO plugin v27.4 - https:\/\/yoast.com\/product\/yoast-seo-wordpress\/ -->\n<title>Aj\u00e1nlott weboldalak - Somorjai Nagyboldogasszony Pl\u00e9b\u00e1nia<\/title>\n<meta name=\"robots\" content=\"index, follow, max-snippet:-1, max-image-preview:large, max-video-preview:-1\" \/>\n<link rel=\"canonical\" href=\"https:\/\/samorin.fara.sk\/hu\/odporucane-web-stranky\/\" \/>\n<meta property=\"og:locale\" content=\"hu_HU\" \/>\n<meta property=\"og:type\" content=\"article\" \/>\n<meta property=\"og:title\" content=\"Aj\u00e1nlott weboldalak - Somorjai Nagyboldogasszony Pl\u00e9b\u00e1nia\" \/>\n<meta property=\"og:description\" content=\"igenaptar.katolikus.hu\u00a0 www.zsolozsma.hu &#8211; az ima\u00f3r\u00e1k liturgi\u00e1ja https:\/\/www.evangelium365.hu\/\u00a0 https:\/\/www.facebook.com\/Somorjai-Katolikusok-509212199280168\/ https:\/\/777blog.hu\/ &#8211; Magyarorsz\u00e1g legnagyobb kereszt\u00e9ny blogja. https:\/\/katolikus.hu\/ &#8211; Magyar Katolikus Egyh\u00e1z https:\/\/archiv.katolikus.hu\/kek\/tartalom.html...\" \/>\n<meta property=\"og:url\" content=\"https:\/\/samorin.fara.sk\/hu\/odporucane-web-stranky\/\" \/>\n<meta property=\"og:site_name\" content=\"Somorjai Nagyboldogasszony Pl\u00e9b\u00e1nia\" \/>\n<meta property=\"article:modified_time\" content=\"2019-09-01T03:11:40+00:00\" \/>\n<meta property=\"og:image\" content=\"https:\/\/samorin.fara.sk\/wp-content\/uploads\/2019\/08\/Soundtier-640x182.png\" \/>\n<meta name=\"twitter:card\" content=\"summary_large_image\" \/>\n<meta name=\"twitter:label1\" content=\"Becs\u00fclt olvas\u00e1si id\u0151\" \/>\n\t<meta name=\"twitter:data1\" content=\"1 perc\" \/>\n<script type=\"application\/ld+json\" class=\"yoast-schema-graph\">{\"@context\":\"https:\\\/\\\/schema.org\",\"@graph\":[{\"@type\":\"WebPage\",\"@id\":\"https:\\\/\\\/samorin.fara.sk\\\/hu\\\/odporucane-web-stranky\\\/\",\"url\":\"https:\\\/\\\/samorin.fara.sk\\\/hu\\\/odporucane-web-stranky\\\/\",\"name\":\"Aj\u00e1nlott weboldalak - Somorjai Nagyboldogasszony Pl\u00e9b\u00e1nia\",\"isPartOf\":{\"@id\":\"https:\\\/\\\/samorin.fara.sk\\\/hu\\\/#website\"},\"primaryImageOfPage\":{\"@id\":\"https:\\\/\\\/samorin.fara.sk\\\/hu\\\/odporucane-web-stranky\\\/#primaryimage\"},\"image\":{\"@id\":\"https:\\\/\\\/samorin.fara.sk\\\/hu\\\/odporucane-web-stranky\\\/#primaryimage\"},\"thumbnailUrl\":\"https:\\\/\\\/samorin.fara.sk\\\/wp-content\\\/uploads\\\/2019\\\/08\\\/Soundtier-640x182.png\",\"datePublished\":\"2017-05-06T12:59:51+00:00\",\"dateModified\":\"2019-09-01T03:11:40+00:00\",\"breadcrumb\":{\"@id\":\"https:\\\/\\\/samorin.fara.sk\\\/hu\\\/odporucane-web-stranky\\\/#breadcrumb\"},\"inLanguage\":\"hu\",\"potentialAction\":[{\"@type\":\"ReadAction\",\"target\":[[\"https:\\\/\\\/samorin.fara.sk\\\/hu\\\/odporucane-web-stranky\\\/\"]]}]},{\"@type\":\"ImageObject\",\"inLanguage\":\"hu\",\"@id\":\"https:\\\/\\\/samorin.fara.sk\\\/hu\\\/odporucane-web-stranky\\\/#primaryimage\",\"url\":\"https:\\\/\\\/samorin.fara.sk\\\/wp-content\\\/uploads\\\/2019\\\/08\\\/Soundtier-640x182.png\",\"contentUrl\":\"https:\\\/\\\/samorin.fara.sk\\\/wp-content\\\/uploads\\\/2019\\\/08\\\/Soundtier-640x182.png\"},{\"@type\":\"BreadcrumbList\",\"@id\":\"https:\\\/\\\/samorin.fara.sk\\\/hu\\\/odporucane-web-stranky\\\/#breadcrumb\",\"itemListElement\":[{\"@type\":\"ListItem\",\"position\":1,\"name\":\"Home\",\"item\":\"https:\\\/\\\/samorin.fara.sk\\\/hu\\\/\"},{\"@type\":\"ListItem\",\"position\":2,\"name\":\"Aj\u00e1nlott weboldalak\"}]},{\"@type\":\"WebSite\",\"@id\":\"https:\\\/\\\/samorin.fara.sk\\\/hu\\\/#website\",\"url\":\"https:\\\/\\\/samorin.fara.sk\\\/hu\\\/\",\"name\":\"Somorjai Nagyboldogasszony Pl\u00e9b\u00e1nia\",\"description\":\"R\u00f3mai Katolikus Egyh\u00e1z, Pozsonyi F\u0151egyh\u00e1zmegye\",\"potentialAction\":[{\"@type\":\"SearchAction\",\"target\":{\"@type\":\"EntryPoint\",\"urlTemplate\":\"https:\\\/\\\/samorin.fara.sk\\\/hu\\\/?s={search_term_string}\"},\"query-input\":{\"@type\":\"PropertyValueSpecification\",\"valueRequired\":true,\"valueName\":\"search_term_string\"}}],\"inLanguage\":\"hu\"}]}<\/script>\n<!-- \/ Yoast SEO plugin. -->","yoast_head_json":{"title":"Aj\u00e1nlott weboldalak - Somorjai Nagyboldogasszony Pl\u00e9b\u00e1nia","robots":{"index":"index","follow":"follow","max-snippet":"max-snippet:-1","max-image-preview":"max-image-preview:large","max-video-preview":"max-video-preview:-1"},"canonical":"https:\/\/samorin.fara.sk\/hu\/odporucane-web-stranky\/","og_locale":"hu_HU","og_type":"article","og_title":"Aj\u00e1nlott weboldalak - Somorjai Nagyboldogasszony Pl\u00e9b\u00e1nia","og_description":"igenaptar.katolikus.hu\u00a0 www.zsolozsma.hu &#8211; az ima\u00f3r\u00e1k liturgi\u00e1ja https:\/\/www.evangelium365.hu\/\u00a0 https:\/\/www.facebook.com\/Somorjai-Katolikusok-509212199280168\/ https:\/\/777blog.hu\/ &#8211; Magyarorsz\u00e1g legnagyobb kereszt\u00e9ny blogja. https:\/\/katolikus.hu\/ &#8211; Magyar Katolikus Egyh\u00e1z https:\/\/archiv.katolikus.hu\/kek\/tartalom.html...","og_url":"https:\/\/samorin.fara.sk\/hu\/odporucane-web-stranky\/","og_site_name":"Somorjai Nagyboldogasszony Pl\u00e9b\u00e1nia","article_modified_time":"2019-09-01T03:11:40+00:00","og_image":[{"url":"https:\/\/samorin.fara.sk\/wp-content\/uploads\/2019\/08\/Soundtier-640x182.png","type":"","width":"","height":""}],"twitter_card":"summary_large_image","twitter_misc":{"Becs\u00fclt olvas\u00e1si id\u0151":"1 perc"},"schema":{"@context":"https:\/\/schema.org","@graph":[{"@type":"WebPage","@id":"https:\/\/samorin.fara.sk\/hu\/odporucane-web-stranky\/","url":"https:\/\/samorin.fara.sk\/hu\/odporucane-web-stranky\/","name":"Aj\u00e1nlott weboldalak - Somorjai Nagyboldogasszony Pl\u00e9b\u00e1nia","isPartOf":{"@id":"https:\/\/samorin.fara.sk\/hu\/#website"},"primaryImageOfPage":{"@id":"https:\/\/samorin.fara.sk\/hu\/odporucane-web-stranky\/#primaryimage"},"image":{"@id":"https:\/\/samorin.fara.sk\/hu\/odporucane-web-stranky\/#primaryimage"},"thumbnailUrl":"https:\/\/samorin.fara.sk\/wp-content\/uploads\/2019\/08\/Soundtier-640x182.png","datePublished":"2017-05-06T12:59:51+00:00","dateModified":"2019-09-01T03:11:40+00:00","breadcrumb":{"@id":"https:\/\/samorin.fara.sk\/hu\/odporucane-web-stranky\/#breadcrumb"},"inLanguage":"hu","potentialAction":[{"@type":"ReadAction","target":[["https:\/\/samorin.fara.sk\/hu\/odporucane-web-stranky\/"]]}]},{"@type":"ImageObject","inLanguage":"hu","@id":"https:\/\/samorin.fara.sk\/hu\/odporucane-web-stranky\/#primaryimage","url":"https:\/\/samorin.fara.sk\/wp-content\/uploads\/2019\/08\/Soundtier-640x182.png","contentUrl":"https:\/\/samorin.fara.sk\/wp-content\/uploads\/2019\/08\/Soundtier-640x182.png"},{"@type":"BreadcrumbList","@id":"https:\/\/samorin.fara.sk\/hu\/odporucane-web-stranky\/#breadcrumb","itemListElement":[{"@type":"ListItem","position":1,"name":"Home","item":"https:\/\/samorin.fara.sk\/hu\/"},{"@type":"ListItem","position":2,"name":"Aj\u00e1nlott weboldalak"}]},{"@type":"WebSite","@id":"https:\/\/samorin.fara.sk\/hu\/#website","url":"https:\/\/samorin.fara.sk\/hu\/","name":"Somorjai Nagyboldogasszony Pl\u00e9b\u00e1nia","description":"R\u00f3mai Katolikus Egyh\u00e1z, Pozsonyi F\u0151egyh\u00e1zmegye","potentialAction":[{"@type":"SearchAction","target":{"@type":"EntryPoint","urlTemplate":"https:\/\/samorin.fara.sk\/hu\/?s={search_term_string}"},"query-input":{"@type":"PropertyValueSpecification","valueRequired":true,"valueName":"search_term_string"}}],"inLanguage":"hu"}]}},"jetpack_sharing_enabled":true,"_links":{"self":[{"href":"https:\/\/samorin.fara.sk\/hu\/wp-json\/wp\/v2\/pages\/1236","targetHints":{"allow":["GET"]}}],"collection":[{"href":"https:\/\/samorin.fara.sk\/hu\/wp-json\/wp\/v2\/pages"}],"about":[{"href":"https:\/\/samorin.fara.sk\/hu\/wp-json\/wp\/v2\/types\/page"}],"author":[{"embeddable":true,"href":"https:\/\/samorin.fara.sk\/hu\/wp-json\/wp\/v2\/users\/3"}],"replies":[{"embeddable":true,"href":"https:\/\/samorin.fara.sk\/hu\/wp-json\/wp\/v2\/comments?post=1236"}],"version-history":[{"count":22,"href":"https:\/\/samorin.fara.sk\/hu\/wp-json\/wp\/v2\/pages\/1236\/revisions"}],"predecessor-version":[{"id":2876,"href":"https:\/\/samorin.fara.sk\/hu\/wp-json\/wp\/v2\/pages\/1236\/revisions\/2876"}],"wp:attachment":[{"href":"https:\/\/samorin.fara.sk\/hu\/wp-json\/wp\/v2\/media?parent=1236"}],"curies":[{"name":"wp","href":"https:\/\/api.w.org\/{rel}","templated":true}]}}